{"id":2071,"date":"2022-11-17T07:22:00","date_gmt":"2022-11-17T09:22:00","guid":{"rendered":"https:\/\/elmeistrai.lt\/?page_id=2071"},"modified":"2022-11-17T07:22:01","modified_gmt":"2022-11-17T09:22:01","slug":"operatyviosios-atminties-ram-keitimas-remontas-papildymas","status":"publish","type":"page","link":"https:\/\/elmeistrai.lt\/es\/kompiuteriu-remontas\/operatyviosios-atminties-ram-keitimas-remontas-papildymas\/","title":{"rendered":"Sustituci\u00f3n, reparaci\u00f3n y adici\u00f3n de RAM"},"content":{"rendered":"<p>RAM, que es la memoria que no almacena datos como pel\u00edculas o documentos. Es una memoria de trabajo que se carga con datos a medida que se procesan. Por eso tambi\u00e9n se la conoce como memoria de trabajo o memoria temporal. Cuanta m\u00e1s memoria de trabajo haya, m\u00e1s datos podr\u00e1n cargarse en ella y m\u00e1s r\u00e1pido ser\u00e1 el procesamiento. Cuando la RAM se est\u00e1 agotando, la ralentizaci\u00f3n del ordenador es muy notable.<\/p>\n\n\n\n<p>La memoria RAM es uno de los componentes de un ordenador que se sustituye en lugar de repararse. Como suelen ser los propios chips los que fallan, no es econ\u00f3micamente viable volver a soldarlos manualmente.<\/p>\n\n\n\n<p>La memoria RAM se suele sustituir para aumentar su capacidad, no cuando falla. Este es uno de los fallos inform\u00e1ticos menos comunes que vemos en nuestro taller de reparaci\u00f3n de ordenadores. La forma m\u00e1s habitual de aumentar la RAM es para acelerar un ordenador viejo: para <a href=\"\/es\/kompiuteriu-remontas\/kompiuteriu-techninis-modernizavimas-pagerinimas\/\">modernizar, actualizar<\/a>. Suele ocurrir que los m\u00f3dulos de memoria son especialmente caros cuando se adquiere el ordenador, pero al cabo de cierto tiempo se abaratan. Tampoco es raro que los ordenadores nuevos est\u00e9n mal equipados.<\/p>\n\n\n\n<p>Sustituimos memorias RAM tanto para port\u00e1tiles (SODIMM) como para ordenadores de sobremesa (DIMM). Elija el tipo adecuado: DDR2, DDR3, DDR4, etc. y la frecuencia adecuada: 1333Mhz, 1600Mhz, 1866MHz, 2066Mhz, etc.<\/p>\n\n\n\n<p>Sustituci\u00f3n de memoria operativa, selecci\u00f3n, ampliaci\u00f3n y otros trabajos elMeisters <a href=\"\/es\/kontaktai\/\">en normas inform\u00e1ticas<\/a>. Esperamos verle.<\/p>\n\n\n\n<figure class=\"wp-block-image size-full\"><img loading=\"lazy\" decoding=\"async\" width=\"640\" height=\"480\" src=\"https:\/\/elmeistrai.lt\/wp-content\/uploads\/2022\/11\/operatyvioji-atmintis-ram.jpg\" alt=\"operatyvioji atmintis RAM\" class=\"wp-image-2072\" srcset=\"https:\/\/elmeistrai.lt\/wp-content\/uploads\/2022\/11\/operatyvioji-atmintis-ram.jpg 640w, https:\/\/elmeistrai.lt\/wp-content\/uploads\/2022\/11\/operatyvioji-atmintis-ram-300x225.jpg 300w\" sizes=\"auto, (max-width: 640px) 100vw, 640px\" \/><\/figure>\n\n\n\n<p><\/p>","protected":false},"excerpt":{"rendered":"<p>RAM, que es la memoria que no almacena datos como pel\u00edculas o documentos. Se trata de la memoria de trabajo, que es...<\/p>","protected":false},"author":1,"featured_media":0,"parent":14,"menu_order":0,"comment_status":"closed","ping_status":"closed","template":"","meta":{"_uag_custom_page_level_css":"","footnotes":""},"class_list":["post-2071","page","type-page","status-publish","hentry"],"yoast_head":"<!-- This site is optimized with the Yoast SEO plugin v27.5 - https:\/\/yoast.com\/product\/yoast-seo-wordpress\/ -->\n<title>Operatyviosios atminties (RAM) keitimas, remontas, papildymas Vilniuje, Kaune, Klaip\u0117doje, \u0160iauliuose<\/title>\n<meta name=\"robots\" content=\"index, follow, max-snippet:-1, max-image-preview:large, max-video-preview:-1\" \/>\n<link rel=\"canonical\" href=\"https:\/\/elmeistrai.lt\/es\/kompiuteriu-remontas\/operatyviosios-atminties-ram-keitimas-remontas-papildymas\/\" \/>\n<meta property=\"og:locale\" content=\"es_ES\" \/>\n<meta property=\"og:type\" content=\"article\" \/>\n<meta property=\"og:title\" content=\"Operatyviosios atminties (RAM) keitimas, remontas, papildymas Vilniuje, Kaune, Klaip\u0117doje, \u0160iauliuose\" \/>\n<meta property=\"og:description\" content=\"Operatyvioji RAM atmintis, tai yra tokia atmintis ne kurioje yra kaupiami duomenys pvz. filmai, dokumentai. Tai yra darbin\u0117 atmintis, \u012f...\" \/>\n<meta property=\"og:url\" content=\"https:\/\/elmeistrai.lt\/es\/kompiuteriu-remontas\/operatyviosios-atminties-ram-keitimas-remontas-papildymas\/\" \/>\n<meta property=\"og:site_name\" content=\"Vilniuje, Kaune, Klaip\u0117doje, \u0160iauliuose\" \/>\n<meta property=\"article:publisher\" content=\"https:\/\/www.facebook.com\/elmeistrai.lt\/\" \/>\n<meta property=\"article:modified_time\" content=\"2022-11-17T09:22:01+00:00\" \/>\n<meta property=\"og:image\" content=\"https:\/\/elmeistrai.lt\/wp-content\/uploads\/2022\/11\/operatyvioji-atmintis-ram.jpg\" \/>\n<meta name=\"twitter:card\" content=\"summary_large_image\" \/>\n<meta name=\"twitter:label1\" content=\"Tiempo de lectura\" \/>\n\t<meta name=\"twitter:data1\" content=\"1 minuto\" \/>\n<script type=\"application\/ld+json\" class=\"yoast-schema-graph\">{\"@context\":\"https:\\\/\\\/schema.org\",\"@graph\":[{\"@type\":\"NewsArticle\",\"@id\":\"https:\\\/\\\/elmeistrai.lt\\\/kompiuteriu-remontas\\\/operatyviosios-atminties-ram-keitimas-remontas-papildymas\\\/#article\",\"isPartOf\":{\"@id\":\"https:\\\/\\\/elmeistrai.lt\\\/kompiuteriu-remontas\\\/operatyviosios-atminties-ram-keitimas-remontas-papildymas\\\/\"},\"author\":{\"name\":\"elMeistrai\",\"@id\":\"https:\\\/\\\/elmeistrai.lt\\\/#\\\/schema\\\/person\\\/6363b621eb9606785f7f2ae9a52987f7\"},\"headline\":\"Operatyviosios atminties (RAM) keitimas, remontas, papildymas\",\"datePublished\":\"2022-11-17T09:22:00+00:00\",\"dateModified\":\"2022-11-17T09:22:01+00:00\",\"mainEntityOfPage\":{\"@id\":\"https:\\\/\\\/elmeistrai.lt\\\/kompiuteriu-remontas\\\/operatyviosios-atminties-ram-keitimas-remontas-papildymas\\\/\"},\"wordCount\":220,\"publisher\":{\"@id\":\"https:\\\/\\\/elmeistrai.lt\\\/#organization\"},\"image\":{\"@id\":\"https:\\\/\\\/elmeistrai.lt\\\/kompiuteriu-remontas\\\/operatyviosios-atminties-ram-keitimas-remontas-papildymas\\\/#primaryimage\"},\"thumbnailUrl\":\"https:\\\/\\\/elmeistrai.lt\\\/wp-content\\\/uploads\\\/2022\\\/11\\\/operatyvioji-atmintis-ram.jpg\",\"inLanguage\":\"es\"},{\"@type\":[\"WebPage\",\"ItemPage\"],\"@id\":\"https:\\\/\\\/elmeistrai.lt\\\/kompiuteriu-remontas\\\/operatyviosios-atminties-ram-keitimas-remontas-papildymas\\\/\",\"url\":\"https:\\\/\\\/elmeistrai.lt\\\/kompiuteriu-remontas\\\/operatyviosios-atminties-ram-keitimas-remontas-papildymas\\\/\",\"name\":\"Operatyviosios atminties (RAM) keitimas, remontas, papildymas Vilniuje, Kaune, Klaip\u0117doje, \u0160iauliuose\",\"isPartOf\":{\"@id\":\"https:\\\/\\\/elmeistrai.lt\\\/#website\"},\"primaryImageOfPage\":{\"@id\":\"https:\\\/\\\/elmeistrai.lt\\\/kompiuteriu-remontas\\\/operatyviosios-atminties-ram-keitimas-remontas-papildymas\\\/#primaryimage\"},\"image\":{\"@id\":\"https:\\\/\\\/elmeistrai.lt\\\/kompiuteriu-remontas\\\/operatyviosios-atminties-ram-keitimas-remontas-papildymas\\\/#primaryimage\"},\"thumbnailUrl\":\"https:\\\/\\\/elmeistrai.lt\\\/wp-content\\\/uploads\\\/2022\\\/11\\\/operatyvioji-atmintis-ram.jpg\",\"datePublished\":\"2022-11-17T09:22:00+00:00\",\"dateModified\":\"2022-11-17T09:22:01+00:00\",\"breadcrumb\":{\"@id\":\"https:\\\/\\\/elmeistrai.lt\\\/kompiuteriu-remontas\\\/operatyviosios-atminties-ram-keitimas-remontas-papildymas\\\/#breadcrumb\"},\"inLanguage\":\"es\",\"potentialAction\":[{\"@type\":\"ReadAction\",\"target\":[\"https:\\\/\\\/elmeistrai.lt\\\/kompiuteriu-remontas\\\/operatyviosios-atminties-ram-keitimas-remontas-papildymas\\\/\"]}]},{\"@type\":\"ImageObject\",\"inLanguage\":\"es\",\"@id\":\"https:\\\/\\\/elmeistrai.lt\\\/kompiuteriu-remontas\\\/operatyviosios-atminties-ram-keitimas-remontas-papildymas\\\/#primaryimage\",\"url\":\"https:\\\/\\\/elmeistrai.lt\\\/wp-content\\\/uploads\\\/2022\\\/11\\\/operatyvioji-atmintis-ram.jpg\",\"contentUrl\":\"https:\\\/\\\/elmeistrai.lt\\\/wp-content\\\/uploads\\\/2022\\\/11\\\/operatyvioji-atmintis-ram.jpg\"},{\"@type\":\"BreadcrumbList\",\"@id\":\"https:\\\/\\\/elmeistrai.lt\\\/kompiuteriu-remontas\\\/operatyviosios-atminties-ram-keitimas-remontas-papildymas\\\/#breadcrumb\",\"itemListElement\":[{\"@type\":\"ListItem\",\"position\":1,\"name\":\"Home\",\"item\":\"https:\\\/\\\/elmeistrai.lt\\\/\"},{\"@type\":\"ListItem\",\"position\":2,\"name\":\"Profesionalus kompiuteri\u0173 remontas Vilniuje, Kaune, Klaip\u0117doje ir \u0160iauliuose\",\"item\":\"https:\\\/\\\/elmeistrai.lt\\\/kompiuteriu-remontas\\\/\"},{\"@type\":\"ListItem\",\"position\":3,\"name\":\"Operatyviosios atminties (RAM) keitimas, remontas, papildymas\"}]},{\"@type\":\"WebSite\",\"@id\":\"https:\\\/\\\/elmeistrai.lt\\\/#website\",\"url\":\"https:\\\/\\\/elmeistrai.lt\\\/\",\"name\":\"Vilniuje, Kaune, Klaip\u0117doje, \u0160iauliuose\",\"description\":\"Nam\u0173 ir verslo elektronikos prietais\u0173 remontas. Kase\u010di\u0173 pildymas.\",\"publisher\":{\"@id\":\"https:\\\/\\\/elmeistrai.lt\\\/#organization\"},\"potentialAction\":[{\"@type\":\"SearchAction\",\"target\":{\"@type\":\"EntryPoint\",\"urlTemplate\":\"https:\\\/\\\/elmeistrai.lt\\\/?s={search_term_string}\"},\"query-input\":{\"@type\":\"PropertyValueSpecification\",\"valueRequired\":true,\"valueName\":\"search_term_string\"}}],\"inLanguage\":\"es\"},{\"@type\":\"Organization\",\"@id\":\"https:\\\/\\\/elmeistrai.lt\\\/#organization\",\"name\":\"elMeistrai.lt\",\"alternateName\":\"Kavos aparat\u0173, paspirtuk\u0173, televizori\u0173, kompiuteri\u0173, telefon\u0173 ir kt. technikos remontas\",\"url\":\"https:\\\/\\\/elmeistrai.lt\\\/\",\"logo\":{\"@type\":\"ImageObject\",\"inLanguage\":\"es\",\"@id\":\"https:\\\/\\\/elmeistrai.lt\\\/#\\\/schema\\\/logo\\\/image\\\/\",\"url\":\"https:\\\/\\\/elmeistrai.lt\\\/wp-content\\\/uploads\\\/2022\\\/09\\\/elmeistrai_logo.jpg\",\"contentUrl\":\"https:\\\/\\\/elmeistrai.lt\\\/wp-content\\\/uploads\\\/2022\\\/09\\\/elmeistrai_logo.jpg\",\"width\":556,\"height\":143,\"caption\":\"elMeistrai.lt\"},\"image\":{\"@id\":\"https:\\\/\\\/elmeistrai.lt\\\/#\\\/schema\\\/logo\\\/image\\\/\"},\"sameAs\":[\"https:\\\/\\\/www.facebook.com\\\/elmeistrai.lt\\\/\"]},{\"@type\":\"Person\",\"@id\":\"https:\\\/\\\/elmeistrai.lt\\\/#\\\/schema\\\/person\\\/6363b621eb9606785f7f2ae9a52987f7\",\"name\":\"elMeistrai\",\"image\":{\"@type\":\"ImageObject\",\"inLanguage\":\"es\",\"@id\":\"https:\\\/\\\/secure.gravatar.com\\\/avatar\\\/052f2d9640381d6904c5c0676ac3cc3d7ad734def78df3657e571451cad9870d?s=96&d=mm&r=g\",\"url\":\"https:\\\/\\\/secure.gravatar.com\\\/avatar\\\/052f2d9640381d6904c5c0676ac3cc3d7ad734def78df3657e571451cad9870d?s=96&d=mm&r=g\",\"contentUrl\":\"https:\\\/\\\/secure.gravatar.com\\\/avatar\\\/052f2d9640381d6904c5c0676ac3cc3d7ad734def78df3657e571451cad9870d?s=96&d=mm&r=g\",\"caption\":\"elMeistrai\"},\"url\":\"https:\\\/\\\/elmeistrai.lt\\\/es\\\/author\\\/yipkxe\\\/\"}]}<\/script>\n<!-- \/ Yoast SEO plugin. -->","yoast_head_json":{"title":"Operatyviosios atminties (RAM) keitimas, remontas, papildymas Vilniuje, Kaune, Klaip\u0117doje, \u0160iauliuose","robots":{"index":"index","follow":"follow","max-snippet":"max-snippet:-1","max-image-preview":"max-image-preview:large","max-video-preview":"max-video-preview:-1"},"canonical":"https:\/\/elmeistrai.lt\/es\/kompiuteriu-remontas\/operatyviosios-atminties-ram-keitimas-remontas-papildymas\/","og_locale":"es_ES","og_type":"article","og_title":"Operatyviosios atminties (RAM) keitimas, remontas, papildymas Vilniuje, Kaune, Klaip\u0117doje, \u0160iauliuose","og_description":"Operatyvioji RAM atmintis, tai yra tokia atmintis ne kurioje yra kaupiami duomenys pvz. filmai, dokumentai. Tai yra darbin\u0117 atmintis, \u012f...","og_url":"https:\/\/elmeistrai.lt\/es\/kompiuteriu-remontas\/operatyviosios-atminties-ram-keitimas-remontas-papildymas\/","og_site_name":"Vilniuje, Kaune, Klaip\u0117doje, \u0160iauliuose","article_publisher":"https:\/\/www.facebook.com\/elmeistrai.lt\/","article_modified_time":"2022-11-17T09:22:01+00:00","og_image":[{"url":"https:\/\/elmeistrai.lt\/wp-content\/uploads\/2022\/11\/operatyvioji-atmintis-ram.jpg","type":"","width":"","height":""}],"twitter_card":"summary_large_image","twitter_misc":{"Tiempo de lectura":"1 minuto"},"schema":{"@context":"https:\/\/schema.org","@graph":[{"@type":"NewsArticle","@id":"https:\/\/elmeistrai.lt\/kompiuteriu-remontas\/operatyviosios-atminties-ram-keitimas-remontas-papildymas\/#article","isPartOf":{"@id":"https:\/\/elmeistrai.lt\/kompiuteriu-remontas\/operatyviosios-atminties-ram-keitimas-remontas-papildymas\/"},"author":{"name":"elMeistrai","@id":"https:\/\/elmeistrai.lt\/#\/schema\/person\/6363b621eb9606785f7f2ae9a52987f7"},"headline":"Operatyviosios atminties (RAM) keitimas, remontas, papildymas","datePublished":"2022-11-17T09:22:00+00:00","dateModified":"2022-11-17T09:22:01+00:00","mainEntityOfPage":{"@id":"https:\/\/elmeistrai.lt\/kompiuteriu-remontas\/operatyviosios-atminties-ram-keitimas-remontas-papildymas\/"},"wordCount":220,"publisher":{"@id":"https:\/\/elmeistrai.lt\/#organization"},"image":{"@id":"https:\/\/elmeistrai.lt\/kompiuteriu-remontas\/operatyviosios-atminties-ram-keitimas-remontas-papildymas\/#primaryimage"},"thumbnailUrl":"https:\/\/elmeistrai.lt\/wp-content\/uploads\/2022\/11\/operatyvioji-atmintis-ram.jpg","inLanguage":"es"},{"@type":["WebPage","ItemPage"],"@id":"https:\/\/elmeistrai.lt\/kompiuteriu-remontas\/operatyviosios-atminties-ram-keitimas-remontas-papildymas\/","url":"https:\/\/elmeistrai.lt\/kompiuteriu-remontas\/operatyviosios-atminties-ram-keitimas-remontas-papildymas\/","name":"Operatyviosios atminties (RAM) keitimas, remontas, papildymas Vilniuje, Kaune, Klaip\u0117doje, \u0160iauliuose","isPartOf":{"@id":"https:\/\/elmeistrai.lt\/#website"},"primaryImageOfPage":{"@id":"https:\/\/elmeistrai.lt\/kompiuteriu-remontas\/operatyviosios-atminties-ram-keitimas-remontas-papildymas\/#primaryimage"},"image":{"@id":"https:\/\/elmeistrai.lt\/kompiuteriu-remontas\/operatyviosios-atminties-ram-keitimas-remontas-papildymas\/#primaryimage"},"thumbnailUrl":"https:\/\/elmeistrai.lt\/wp-content\/uploads\/2022\/11\/operatyvioji-atmintis-ram.jpg","datePublished":"2022-11-17T09:22:00+00:00","dateModified":"2022-11-17T09:22:01+00:00","breadcrumb":{"@id":"https:\/\/elmeistrai.lt\/kompiuteriu-remontas\/operatyviosios-atminties-ram-keitimas-remontas-papildymas\/#breadcrumb"},"inLanguage":"es","potentialAction":[{"@type":"ReadAction","target":["https:\/\/elmeistrai.lt\/kompiuteriu-remontas\/operatyviosios-atminties-ram-keitimas-remontas-papildymas\/"]}]},{"@type":"ImageObject","inLanguage":"es","@id":"https:\/\/elmeistrai.lt\/kompiuteriu-remontas\/operatyviosios-atminties-ram-keitimas-remontas-papildymas\/#primaryimage","url":"https:\/\/elmeistrai.lt\/wp-content\/uploads\/2022\/11\/operatyvioji-atmintis-ram.jpg","contentUrl":"https:\/\/elmeistrai.lt\/wp-content\/uploads\/2022\/11\/operatyvioji-atmintis-ram.jpg"},{"@type":"BreadcrumbList","@id":"https:\/\/elmeistrai.lt\/kompiuteriu-remontas\/operatyviosios-atminties-ram-keitimas-remontas-papildymas\/#breadcrumb","itemListElement":[{"@type":"ListItem","position":1,"name":"Home","item":"https:\/\/elmeistrai.lt\/"},{"@type":"ListItem","position":2,"name":"Profesionalus kompiuteri\u0173 remontas Vilniuje, Kaune, Klaip\u0117doje ir \u0160iauliuose","item":"https:\/\/elmeistrai.lt\/kompiuteriu-remontas\/"},{"@type":"ListItem","position":3,"name":"Operatyviosios atminties (RAM) keitimas, remontas, papildymas"}]},{"@type":"WebSite","@id":"https:\/\/elmeistrai.lt\/#website","url":"https:\/\/elmeistrai.lt\/","name":"Vilnius, Kaunas, Klaip\u0117da, \u0160iauliai","description":"Reparaci\u00f3n de electr\u00f3nica dom\u00e9stica y empresarial. Recarga de cartuchos.","publisher":{"@id":"https:\/\/elmeistrai.lt\/#organization"},"potentialAction":[{"@type":"SearchAction","target":{"@type":"EntryPoint","urlTemplate":"https:\/\/elmeistrai.lt\/?s={search_term_string}"},"query-input":{"@type":"PropertyValueSpecification","valueRequired":true,"valueName":"search_term_string"}}],"inLanguage":"es"},{"@type":"Organization","@id":"https:\/\/elmeistrai.lt\/#organization","name":"elMeistrai.lt","alternateName":"Kavos aparat\u0173, paspirtuk\u0173, televizori\u0173, kompiuteri\u0173, telefon\u0173 ir kt. technikos remontas","url":"https:\/\/elmeistrai.lt\/","logo":{"@type":"ImageObject","inLanguage":"es","@id":"https:\/\/elmeistrai.lt\/#\/schema\/logo\/image\/","url":"https:\/\/elmeistrai.lt\/wp-content\/uploads\/2022\/09\/elmeistrai_logo.jpg","contentUrl":"https:\/\/elmeistrai.lt\/wp-content\/uploads\/2022\/09\/elmeistrai_logo.jpg","width":556,"height":143,"caption":"elMeistrai.lt"},"image":{"@id":"https:\/\/elmeistrai.lt\/#\/schema\/logo\/image\/"},"sameAs":["https:\/\/www.facebook.com\/elmeistrai.lt\/"]},{"@type":"Person","@id":"https:\/\/elmeistrai.lt\/#\/schema\/person\/6363b621eb9606785f7f2ae9a52987f7","name":"elMeistrai","image":{"@type":"ImageObject","inLanguage":"es","@id":"https:\/\/secure.gravatar.com\/avatar\/052f2d9640381d6904c5c0676ac3cc3d7ad734def78df3657e571451cad9870d?s=96&d=mm&r=g","url":"https:\/\/secure.gravatar.com\/avatar\/052f2d9640381d6904c5c0676ac3cc3d7ad734def78df3657e571451cad9870d?s=96&d=mm&r=g","contentUrl":"https:\/\/secure.gravatar.com\/avatar\/052f2d9640381d6904c5c0676ac3cc3d7ad734def78df3657e571451cad9870d?s=96&d=mm&r=g","caption":"elMeistrai"},"url":"https:\/\/elmeistrai.lt\/es\/author\/yipkxe\/"}]}},"uagb_featured_image_src":{"full":false,"thumbnail":false,"medium":false,"medium_large":false,"large":false,"1536x1536":false,"2048x2048":false,"trp-custom-language-flag":false,"writemag-1218w-autoh-image":false,"writemag-675w-autoh-image":false,"writemag-100w-100h-image":false},"uagb_author_info":{"display_name":"elMeistrai","author_link":"https:\/\/elmeistrai.lt\/es\/author\/yipkxe\/"},"uagb_comment_info":0,"uagb_excerpt":"Operatyvioji RAM atmintis, tai yra tokia atmintis ne kurioje yra kaupiami duomenys pvz. filmai, dokumentai. Tai yra darbin\u0117 atmintis, \u012f...","rttpg_featured_image_url":null,"rttpg_author":{"display_name":"elMeistrai","author_link":"https:\/\/elmeistrai.lt\/es\/author\/yipkxe\/"},"rttpg_comment":0,"rttpg_category":null,"rttpg_excerpt":"Operatyvioji RAM atmintis, tai yra tokia atmintis ne kurioje yra kaupiami duomenys pvz. filmai, dokumentai. Tai yra darbin\u0117 atmintis, \u012f...","_links":{"self":[{"href":"https:\/\/elmeistrai.lt\/es\/wp-json\/wp\/v2\/pages\/2071","targetHints":{"allow":["GET"]}}],"collection":[{"href":"https:\/\/elmeistrai.lt\/es\/wp-json\/wp\/v2\/pages"}],"about":[{"href":"https:\/\/elmeistrai.lt\/es\/wp-json\/wp\/v2\/types\/page"}],"author":[{"embeddable":true,"href":"https:\/\/elmeistrai.lt\/es\/wp-json\/wp\/v2\/users\/1"}],"replies":[{"embeddable":true,"href":"https:\/\/elmeistrai.lt\/es\/wp-json\/wp\/v2\/comments?post=2071"}],"version-history":[{"count":1,"href":"https:\/\/elmeistrai.lt\/es\/wp-json\/wp\/v2\/pages\/2071\/revisions"}],"predecessor-version":[{"id":2073,"href":"https:\/\/elmeistrai.lt\/es\/wp-json\/wp\/v2\/pages\/2071\/revisions\/2073"}],"up":[{"embeddable":true,"href":"https:\/\/elmeistrai.lt\/es\/wp-json\/wp\/v2\/pages\/14"}],"wp:attachment":[{"href":"https:\/\/elmeistrai.lt\/es\/wp-json\/wp\/v2\/media?parent=2071"}],"curies":[{"name":"wp","href":"https:\/\/api.w.org\/{rel}","templated":true}]}}