{"id":1985,"date":"2022-09-29T18:54:18","date_gmt":"2022-09-29T20:54:18","guid":{"rendered":"https:\/\/elmeistrai.lt\/?page_id=1985"},"modified":"2022-09-29T19:01:31","modified_gmt":"2022-09-29T21:01:31","slug":"pamirstu-kompiuterio-bios-ir-windows-slaptazodziu-atkurimas","status":"publish","type":"page","link":"https:\/\/elmeistrai.lt\/es\/kompiuteriu-remontas\/pamirstu-kompiuterio-bios-ir-windows-slaptazodziu-atkurimas\/","title":{"rendered":"Recuperar contrase\u00f1as olvidadas de la BIOS del PC y de Windows"},"content":{"rendered":"<p>La contrase\u00f1a BIOS\/CMOS\/EFI es la contrase\u00f1a sin la cual ni siquiera es posible arrancar el sistema operativo (p. ej. <em>Windows<\/em>). En este caso, para los ordenadores de sobremesa, el problema suele resolverse de forma muy sencilla: en los ordenadores m\u00e1s antiguos, retire la bater\u00eda del reloj de la placa base, espere 10-15 minutos y restaure la configuraci\u00f3n de f\u00e1brica. En las versiones m\u00e1s recientes, la placa base se busca ciertos accesos directos (<em>Puentes<\/em>), cuya combinaci\u00f3n se restablece a los valores de f\u00e1brica. Sin embargo, las versiones m\u00e1s modernas de las placas, a menudo dise\u00f1adas para uso empresarial, cuentan con el mayor nivel de protecci\u00f3n. Esta protecci\u00f3n tambi\u00e9n se aplica habitualmente a los ordenadores port\u00e1tiles. No sirve de nada retirar las pilas del reloj o provocar un cortocircuito. En este caso, hay que soldar y reprogramar el chip CMOS de la BIOS o incluso sustituirlo por uno nuevo. Para ciertos modelos de ordenadores, todav\u00eda es posible generar una contrase\u00f1a de recuperaci\u00f3n con la ayuda de programas especiales o contactando directamente con el fabricante.<\/p>\n\n\n\n<p>Si se olvida el sistema operativo (<em>Windows \/ MacOs \/ Linux<\/em>) contrase\u00f1a de usuario En algunos casos, con la ayuda de programas especiales o accediendo en modo administrador, se puede eliminar sin restaurar el sistema operativo. Sin embargo, en el peor de los casos puede ser necesario simplemente reinstalar o <a href=\"\/es\/kompiuteriu-remontas\/operaciniu-sistemu-windows-ir-kt-perinstaliavimas-perdiegimas\/\">restaurar el sistema operativo<\/a> otra vez.<\/p>\n\n\n\n<figure class=\"wp-block-image size-full\"><img loading=\"lazy\" decoding=\"async\" width=\"640\" height=\"426\" src=\"https:\/\/elmeistrai.lt\/wp-content\/uploads\/2022\/09\/Kompiuterio-slaptazodis.jpg\" alt=\"Kompiuterio slapta\u017eodis\" class=\"wp-image-1988\" srcset=\"https:\/\/elmeistrai.lt\/wp-content\/uploads\/2022\/09\/Kompiuterio-slaptazodis.jpg 640w, https:\/\/elmeistrai.lt\/wp-content\/uploads\/2022\/09\/Kompiuterio-slaptazodis-300x200.jpg 300w\" sizes=\"auto, (max-width: 640px) 100vw, 640px\" \/><\/figure>","protected":false},"excerpt":{"rendered":"<p>La contrase\u00f1a BIOS\/CMOS\/EFI es una contrase\u00f1a sin la cual ni siquiera es posible arrancar un sistema operativo (por ejemplo, Windows). En este caso...<\/p>","protected":false},"author":1,"featured_media":0,"parent":14,"menu_order":0,"comment_status":"closed","ping_status":"closed","template":"","meta":{"_uag_custom_page_level_css":"","footnotes":""},"class_list":["post-1985","page","type-page","status-publish","hentry"],"yoast_head":"<!-- This site is optimized with the Yoast SEO plugin v27.5 - https:\/\/yoast.com\/product\/yoast-seo-wordpress\/ -->\n<title>Pamir\u0161t\u0173 kompiuterio BIOS ir Windows slapta\u017eod\u017ei\u0173 atk\u016brimas Vilniuje, Kaune, Klaip\u0117doje, \u0160iauliuose<\/title>\n<meta name=\"robots\" content=\"index, follow, max-snippet:-1, max-image-preview:large, max-video-preview:-1\" \/>\n<link rel=\"canonical\" href=\"https:\/\/elmeistrai.lt\/es\/kompiuteriu-remontas\/pamirstu-kompiuterio-bios-ir-windows-slaptazodziu-atkurimas\/\" \/>\n<meta property=\"og:locale\" content=\"es_ES\" \/>\n<meta property=\"og:type\" content=\"article\" \/>\n<meta property=\"og:title\" content=\"Pamir\u0161t\u0173 kompiuterio BIOS ir Windows slapta\u017eod\u017ei\u0173 atk\u016brimas Vilniuje, Kaune, Klaip\u0117doje, \u0160iauliuose\" \/>\n<meta property=\"og:description\" content=\"BIOS \/ CMOS \/ EFI slapta\u017eodis yra slapta\u017eodis, be kurio net n\u0117ra galimyb\u0117s u\u017ekrauti operacin\u0117s sistemos (pvz. Windows). Tokiu atveju...\" \/>\n<meta property=\"og:url\" content=\"https:\/\/elmeistrai.lt\/es\/kompiuteriu-remontas\/pamirstu-kompiuterio-bios-ir-windows-slaptazodziu-atkurimas\/\" \/>\n<meta property=\"og:site_name\" content=\"Vilniuje, Kaune, Klaip\u0117doje, \u0160iauliuose\" \/>\n<meta property=\"article:publisher\" content=\"https:\/\/www.facebook.com\/elmeistrai.lt\/\" \/>\n<meta property=\"article:modified_time\" content=\"2022-09-29T21:01:31+00:00\" \/>\n<meta property=\"og:image\" content=\"https:\/\/elmeistrai.lt\/wp-content\/uploads\/2022\/09\/Kompiuterio-slaptazodis.jpg\" \/>\n<meta name=\"twitter:card\" content=\"summary_large_image\" \/>\n<meta name=\"twitter:label1\" content=\"Tiempo de lectura\" \/>\n\t<meta name=\"twitter:data1\" content=\"1 minuto\" \/>\n<script type=\"application\/ld+json\" class=\"yoast-schema-graph\">{\"@context\":\"https:\\\/\\\/schema.org\",\"@graph\":[{\"@type\":\"NewsArticle\",\"@id\":\"https:\\\/\\\/elmeistrai.lt\\\/kompiuteriu-remontas\\\/pamirstu-kompiuterio-bios-ir-windows-slaptazodziu-atkurimas\\\/#article\",\"isPartOf\":{\"@id\":\"https:\\\/\\\/elmeistrai.lt\\\/kompiuteriu-remontas\\\/pamirstu-kompiuterio-bios-ir-windows-slaptazodziu-atkurimas\\\/\"},\"author\":{\"name\":\"elMeistrai\",\"@id\":\"https:\\\/\\\/elmeistrai.lt\\\/#\\\/schema\\\/person\\\/6363b621eb9606785f7f2ae9a52987f7\"},\"headline\":\"Pamir\u0161t\u0173 kompiuterio BIOS ir Windows slapta\u017eod\u017ei\u0173 atk\u016brimas\",\"datePublished\":\"2022-09-29T20:54:18+00:00\",\"dateModified\":\"2022-09-29T21:01:31+00:00\",\"mainEntityOfPage\":{\"@id\":\"https:\\\/\\\/elmeistrai.lt\\\/kompiuteriu-remontas\\\/pamirstu-kompiuterio-bios-ir-windows-slaptazodziu-atkurimas\\\/\"},\"wordCount\":201,\"publisher\":{\"@id\":\"https:\\\/\\\/elmeistrai.lt\\\/#organization\"},\"image\":{\"@id\":\"https:\\\/\\\/elmeistrai.lt\\\/kompiuteriu-remontas\\\/pamirstu-kompiuterio-bios-ir-windows-slaptazodziu-atkurimas\\\/#primaryimage\"},\"thumbnailUrl\":\"https:\\\/\\\/elmeistrai.lt\\\/wp-content\\\/uploads\\\/2022\\\/09\\\/Kompiuterio-slaptazodis.jpg\",\"inLanguage\":\"es\"},{\"@type\":[\"WebPage\",\"ItemPage\"],\"@id\":\"https:\\\/\\\/elmeistrai.lt\\\/kompiuteriu-remontas\\\/pamirstu-kompiuterio-bios-ir-windows-slaptazodziu-atkurimas\\\/\",\"url\":\"https:\\\/\\\/elmeistrai.lt\\\/kompiuteriu-remontas\\\/pamirstu-kompiuterio-bios-ir-windows-slaptazodziu-atkurimas\\\/\",\"name\":\"Pamir\u0161t\u0173 kompiuterio BIOS ir Windows slapta\u017eod\u017ei\u0173 atk\u016brimas Vilniuje, Kaune, Klaip\u0117doje, \u0160iauliuose\",\"isPartOf\":{\"@id\":\"https:\\\/\\\/elmeistrai.lt\\\/#website\"},\"primaryImageOfPage\":{\"@id\":\"https:\\\/\\\/elmeistrai.lt\\\/kompiuteriu-remontas\\\/pamirstu-kompiuterio-bios-ir-windows-slaptazodziu-atkurimas\\\/#primaryimage\"},\"image\":{\"@id\":\"https:\\\/\\\/elmeistrai.lt\\\/kompiuteriu-remontas\\\/pamirstu-kompiuterio-bios-ir-windows-slaptazodziu-atkurimas\\\/#primaryimage\"},\"thumbnailUrl\":\"https:\\\/\\\/elmeistrai.lt\\\/wp-content\\\/uploads\\\/2022\\\/09\\\/Kompiuterio-slaptazodis.jpg\",\"datePublished\":\"2022-09-29T20:54:18+00:00\",\"dateModified\":\"2022-09-29T21:01:31+00:00\",\"breadcrumb\":{\"@id\":\"https:\\\/\\\/elmeistrai.lt\\\/kompiuteriu-remontas\\\/pamirstu-kompiuterio-bios-ir-windows-slaptazodziu-atkurimas\\\/#breadcrumb\"},\"inLanguage\":\"es\",\"potentialAction\":[{\"@type\":\"ReadAction\",\"target\":[\"https:\\\/\\\/elmeistrai.lt\\\/kompiuteriu-remontas\\\/pamirstu-kompiuterio-bios-ir-windows-slaptazodziu-atkurimas\\\/\"]}]},{\"@type\":\"ImageObject\",\"inLanguage\":\"es\",\"@id\":\"https:\\\/\\\/elmeistrai.lt\\\/kompiuteriu-remontas\\\/pamirstu-kompiuterio-bios-ir-windows-slaptazodziu-atkurimas\\\/#primaryimage\",\"url\":\"https:\\\/\\\/elmeistrai.lt\\\/wp-content\\\/uploads\\\/2022\\\/09\\\/Kompiuterio-slaptazodis.jpg\",\"contentUrl\":\"https:\\\/\\\/elmeistrai.lt\\\/wp-content\\\/uploads\\\/2022\\\/09\\\/Kompiuterio-slaptazodis.jpg\"},{\"@type\":\"BreadcrumbList\",\"@id\":\"https:\\\/\\\/elmeistrai.lt\\\/kompiuteriu-remontas\\\/pamirstu-kompiuterio-bios-ir-windows-slaptazodziu-atkurimas\\\/#breadcrumb\",\"itemListElement\":[{\"@type\":\"ListItem\",\"position\":1,\"name\":\"Home\",\"item\":\"https:\\\/\\\/elmeistrai.lt\\\/\"},{\"@type\":\"ListItem\",\"position\":2,\"name\":\"Profesionalus kompiuteri\u0173 remontas Vilniuje, Kaune, Klaip\u0117doje ir \u0160iauliuose\",\"item\":\"https:\\\/\\\/elmeistrai.lt\\\/kompiuteriu-remontas\\\/\"},{\"@type\":\"ListItem\",\"position\":3,\"name\":\"Pamir\u0161t\u0173 kompiuterio BIOS ir Windows slapta\u017eod\u017ei\u0173 atk\u016brimas\"}]},{\"@type\":\"WebSite\",\"@id\":\"https:\\\/\\\/elmeistrai.lt\\\/#website\",\"url\":\"https:\\\/\\\/elmeistrai.lt\\\/\",\"name\":\"Vilniuje, Kaune, Klaip\u0117doje, \u0160iauliuose\",\"description\":\"Nam\u0173 ir verslo elektronikos prietais\u0173 remontas. Kase\u010di\u0173 pildymas.\",\"publisher\":{\"@id\":\"https:\\\/\\\/elmeistrai.lt\\\/#organization\"},\"potentialAction\":[{\"@type\":\"SearchAction\",\"target\":{\"@type\":\"EntryPoint\",\"urlTemplate\":\"https:\\\/\\\/elmeistrai.lt\\\/?s={search_term_string}\"},\"query-input\":{\"@type\":\"PropertyValueSpecification\",\"valueRequired\":true,\"valueName\":\"search_term_string\"}}],\"inLanguage\":\"es\"},{\"@type\":\"Organization\",\"@id\":\"https:\\\/\\\/elmeistrai.lt\\\/#organization\",\"name\":\"elMeistrai.lt\",\"alternateName\":\"Kavos aparat\u0173, paspirtuk\u0173, televizori\u0173, kompiuteri\u0173, telefon\u0173 ir kt. technikos remontas\",\"url\":\"https:\\\/\\\/elmeistrai.lt\\\/\",\"logo\":{\"@type\":\"ImageObject\",\"inLanguage\":\"es\",\"@id\":\"https:\\\/\\\/elmeistrai.lt\\\/#\\\/schema\\\/logo\\\/image\\\/\",\"url\":\"https:\\\/\\\/elmeistrai.lt\\\/wp-content\\\/uploads\\\/2022\\\/09\\\/elmeistrai_logo.jpg\",\"contentUrl\":\"https:\\\/\\\/elmeistrai.lt\\\/wp-content\\\/uploads\\\/2022\\\/09\\\/elmeistrai_logo.jpg\",\"width\":556,\"height\":143,\"caption\":\"elMeistrai.lt\"},\"image\":{\"@id\":\"https:\\\/\\\/elmeistrai.lt\\\/#\\\/schema\\\/logo\\\/image\\\/\"},\"sameAs\":[\"https:\\\/\\\/www.facebook.com\\\/elmeistrai.lt\\\/\"]},{\"@type\":\"Person\",\"@id\":\"https:\\\/\\\/elmeistrai.lt\\\/#\\\/schema\\\/person\\\/6363b621eb9606785f7f2ae9a52987f7\",\"name\":\"elMeistrai\",\"image\":{\"@type\":\"ImageObject\",\"inLanguage\":\"es\",\"@id\":\"https:\\\/\\\/secure.gravatar.com\\\/avatar\\\/052f2d9640381d6904c5c0676ac3cc3d7ad734def78df3657e571451cad9870d?s=96&d=mm&r=g\",\"url\":\"https:\\\/\\\/secure.gravatar.com\\\/avatar\\\/052f2d9640381d6904c5c0676ac3cc3d7ad734def78df3657e571451cad9870d?s=96&d=mm&r=g\",\"contentUrl\":\"https:\\\/\\\/secure.gravatar.com\\\/avatar\\\/052f2d9640381d6904c5c0676ac3cc3d7ad734def78df3657e571451cad9870d?s=96&d=mm&r=g\",\"caption\":\"elMeistrai\"},\"url\":\"https:\\\/\\\/elmeistrai.lt\\\/es\\\/author\\\/yipkxe\\\/\"}]}<\/script>\n<!-- \/ Yoast SEO plugin. -->","yoast_head_json":{"title":"Recuperaci\u00f3n de contrase\u00f1as olvidadas de BIOS y Windows en Vilnius, Kaunas, Klaip\u0117da, \u0160iauliai.","robots":{"index":"index","follow":"follow","max-snippet":"max-snippet:-1","max-image-preview":"max-image-preview:large","max-video-preview":"max-video-preview:-1"},"canonical":"https:\/\/elmeistrai.lt\/es\/kompiuteriu-remontas\/pamirstu-kompiuterio-bios-ir-windows-slaptazodziu-atkurimas\/","og_locale":"es_ES","og_type":"article","og_title":"Pamir\u0161t\u0173 kompiuterio BIOS ir Windows slapta\u017eod\u017ei\u0173 atk\u016brimas Vilniuje, Kaune, Klaip\u0117doje, \u0160iauliuose","og_description":"BIOS \/ CMOS \/ EFI slapta\u017eodis yra slapta\u017eodis, be kurio net n\u0117ra galimyb\u0117s u\u017ekrauti operacin\u0117s sistemos (pvz. Windows). Tokiu atveju...","og_url":"https:\/\/elmeistrai.lt\/es\/kompiuteriu-remontas\/pamirstu-kompiuterio-bios-ir-windows-slaptazodziu-atkurimas\/","og_site_name":"Vilniuje, Kaune, Klaip\u0117doje, \u0160iauliuose","article_publisher":"https:\/\/www.facebook.com\/elmeistrai.lt\/","article_modified_time":"2022-09-29T21:01:31+00:00","og_image":[{"url":"https:\/\/elmeistrai.lt\/wp-content\/uploads\/2022\/09\/Kompiuterio-slaptazodis.jpg","type":"","width":"","height":""}],"twitter_card":"summary_large_image","twitter_misc":{"Tiempo de lectura":"1 minuto"},"schema":{"@context":"https:\/\/schema.org","@graph":[{"@type":"NewsArticle","@id":"https:\/\/elmeistrai.lt\/kompiuteriu-remontas\/pamirstu-kompiuterio-bios-ir-windows-slaptazodziu-atkurimas\/#article","isPartOf":{"@id":"https:\/\/elmeistrai.lt\/kompiuteriu-remontas\/pamirstu-kompiuterio-bios-ir-windows-slaptazodziu-atkurimas\/"},"author":{"name":"elMeistrai","@id":"https:\/\/elmeistrai.lt\/#\/schema\/person\/6363b621eb9606785f7f2ae9a52987f7"},"headline":"Pamir\u0161t\u0173 kompiuterio BIOS ir Windows slapta\u017eod\u017ei\u0173 atk\u016brimas","datePublished":"2022-09-29T20:54:18+00:00","dateModified":"2022-09-29T21:01:31+00:00","mainEntityOfPage":{"@id":"https:\/\/elmeistrai.lt\/kompiuteriu-remontas\/pamirstu-kompiuterio-bios-ir-windows-slaptazodziu-atkurimas\/"},"wordCount":201,"publisher":{"@id":"https:\/\/elmeistrai.lt\/#organization"},"image":{"@id":"https:\/\/elmeistrai.lt\/kompiuteriu-remontas\/pamirstu-kompiuterio-bios-ir-windows-slaptazodziu-atkurimas\/#primaryimage"},"thumbnailUrl":"https:\/\/elmeistrai.lt\/wp-content\/uploads\/2022\/09\/Kompiuterio-slaptazodis.jpg","inLanguage":"es"},{"@type":["WebPage","ItemPage"],"@id":"https:\/\/elmeistrai.lt\/kompiuteriu-remontas\/pamirstu-kompiuterio-bios-ir-windows-slaptazodziu-atkurimas\/","url":"https:\/\/elmeistrai.lt\/kompiuteriu-remontas\/pamirstu-kompiuterio-bios-ir-windows-slaptazodziu-atkurimas\/","name":"Recuperaci\u00f3n de contrase\u00f1as olvidadas de BIOS y Windows en Vilnius, Kaunas, Klaip\u0117da, \u0160iauliai.","isPartOf":{"@id":"https:\/\/elmeistrai.lt\/#website"},"primaryImageOfPage":{"@id":"https:\/\/elmeistrai.lt\/kompiuteriu-remontas\/pamirstu-kompiuterio-bios-ir-windows-slaptazodziu-atkurimas\/#primaryimage"},"image":{"@id":"https:\/\/elmeistrai.lt\/kompiuteriu-remontas\/pamirstu-kompiuterio-bios-ir-windows-slaptazodziu-atkurimas\/#primaryimage"},"thumbnailUrl":"https:\/\/elmeistrai.lt\/wp-content\/uploads\/2022\/09\/Kompiuterio-slaptazodis.jpg","datePublished":"2022-09-29T20:54:18+00:00","dateModified":"2022-09-29T21:01:31+00:00","breadcrumb":{"@id":"https:\/\/elmeistrai.lt\/kompiuteriu-remontas\/pamirstu-kompiuterio-bios-ir-windows-slaptazodziu-atkurimas\/#breadcrumb"},"inLanguage":"es","potentialAction":[{"@type":"ReadAction","target":["https:\/\/elmeistrai.lt\/kompiuteriu-remontas\/pamirstu-kompiuterio-bios-ir-windows-slaptazodziu-atkurimas\/"]}]},{"@type":"ImageObject","inLanguage":"es","@id":"https:\/\/elmeistrai.lt\/kompiuteriu-remontas\/pamirstu-kompiuterio-bios-ir-windows-slaptazodziu-atkurimas\/#primaryimage","url":"https:\/\/elmeistrai.lt\/wp-content\/uploads\/2022\/09\/Kompiuterio-slaptazodis.jpg","contentUrl":"https:\/\/elmeistrai.lt\/wp-content\/uploads\/2022\/09\/Kompiuterio-slaptazodis.jpg"},{"@type":"BreadcrumbList","@id":"https:\/\/elmeistrai.lt\/kompiuteriu-remontas\/pamirstu-kompiuterio-bios-ir-windows-slaptazodziu-atkurimas\/#breadcrumb","itemListElement":[{"@type":"ListItem","position":1,"name":"Home","item":"https:\/\/elmeistrai.lt\/"},{"@type":"ListItem","position":2,"name":"Profesionalus kompiuteri\u0173 remontas Vilniuje, Kaune, Klaip\u0117doje ir \u0160iauliuose","item":"https:\/\/elmeistrai.lt\/kompiuteriu-remontas\/"},{"@type":"ListItem","position":3,"name":"Pamir\u0161t\u0173 kompiuterio BIOS ir Windows slapta\u017eod\u017ei\u0173 atk\u016brimas"}]},{"@type":"WebSite","@id":"https:\/\/elmeistrai.lt\/#website","url":"https:\/\/elmeistrai.lt\/","name":"Vilnius, Kaunas, Klaip\u0117da, \u0160iauliai","description":"Reparaci\u00f3n de electr\u00f3nica dom\u00e9stica y empresarial. Recarga de cartuchos.","publisher":{"@id":"https:\/\/elmeistrai.lt\/#organization"},"potentialAction":[{"@type":"SearchAction","target":{"@type":"EntryPoint","urlTemplate":"https:\/\/elmeistrai.lt\/?s={search_term_string}"},"query-input":{"@type":"PropertyValueSpecification","valueRequired":true,"valueName":"search_term_string"}}],"inLanguage":"es"},{"@type":"Organization","@id":"https:\/\/elmeistrai.lt\/#organization","name":"elMeistrai.lt","alternateName":"Kavos aparat\u0173, paspirtuk\u0173, televizori\u0173, kompiuteri\u0173, telefon\u0173 ir kt. technikos remontas","url":"https:\/\/elmeistrai.lt\/","logo":{"@type":"ImageObject","inLanguage":"es","@id":"https:\/\/elmeistrai.lt\/#\/schema\/logo\/image\/","url":"https:\/\/elmeistrai.lt\/wp-content\/uploads\/2022\/09\/elmeistrai_logo.jpg","contentUrl":"https:\/\/elmeistrai.lt\/wp-content\/uploads\/2022\/09\/elmeistrai_logo.jpg","width":556,"height":143,"caption":"elMeistrai.lt"},"image":{"@id":"https:\/\/elmeistrai.lt\/#\/schema\/logo\/image\/"},"sameAs":["https:\/\/www.facebook.com\/elmeistrai.lt\/"]},{"@type":"Person","@id":"https:\/\/elmeistrai.lt\/#\/schema\/person\/6363b621eb9606785f7f2ae9a52987f7","name":"elMeistrai","image":{"@type":"ImageObject","inLanguage":"es","@id":"https:\/\/secure.gravatar.com\/avatar\/052f2d9640381d6904c5c0676ac3cc3d7ad734def78df3657e571451cad9870d?s=96&d=mm&r=g","url":"https:\/\/secure.gravatar.com\/avatar\/052f2d9640381d6904c5c0676ac3cc3d7ad734def78df3657e571451cad9870d?s=96&d=mm&r=g","contentUrl":"https:\/\/secure.gravatar.com\/avatar\/052f2d9640381d6904c5c0676ac3cc3d7ad734def78df3657e571451cad9870d?s=96&d=mm&r=g","caption":"elMeistrai"},"url":"https:\/\/elmeistrai.lt\/es\/author\/yipkxe\/"}]}},"uagb_featured_image_src":{"full":false,"thumbnail":false,"medium":false,"medium_large":false,"large":false,"1536x1536":false,"2048x2048":false,"trp-custom-language-flag":false,"writemag-1218w-autoh-image":false,"writemag-675w-autoh-image":false,"writemag-100w-100h-image":false},"uagb_author_info":{"display_name":"elMeistrai","author_link":"https:\/\/elmeistrai.lt\/es\/author\/yipkxe\/"},"uagb_comment_info":0,"uagb_excerpt":"BIOS \/ CMOS \/ EFI slapta\u017eodis yra slapta\u017eodis, be kurio net n\u0117ra galimyb\u0117s u\u017ekrauti operacin\u0117s sistemos (pvz. Windows). Tokiu atveju...","rttpg_featured_image_url":null,"rttpg_author":{"display_name":"elMeistrai","author_link":"https:\/\/elmeistrai.lt\/es\/author\/yipkxe\/"},"rttpg_comment":0,"rttpg_category":null,"rttpg_excerpt":"BIOS \/ CMOS \/ EFI slapta\u017eodis yra slapta\u017eodis, be kurio net n\u0117ra galimyb\u0117s u\u017ekrauti operacin\u0117s sistemos (pvz. Windows). Tokiu atveju...","_links":{"self":[{"href":"https:\/\/elmeistrai.lt\/es\/wp-json\/wp\/v2\/pages\/1985","targetHints":{"allow":["GET"]}}],"collection":[{"href":"https:\/\/elmeistrai.lt\/es\/wp-json\/wp\/v2\/pages"}],"about":[{"href":"https:\/\/elmeistrai.lt\/es\/wp-json\/wp\/v2\/types\/page"}],"author":[{"embeddable":true,"href":"https:\/\/elmeistrai.lt\/es\/wp-json\/wp\/v2\/users\/1"}],"replies":[{"embeddable":true,"href":"https:\/\/elmeistrai.lt\/es\/wp-json\/wp\/v2\/comments?post=1985"}],"version-history":[{"count":3,"href":"https:\/\/elmeistrai.lt\/es\/wp-json\/wp\/v2\/pages\/1985\/revisions"}],"predecessor-version":[{"id":1989,"href":"https:\/\/elmeistrai.lt\/es\/wp-json\/wp\/v2\/pages\/1985\/revisions\/1989"}],"up":[{"embeddable":true,"href":"https:\/\/elmeistrai.lt\/es\/wp-json\/wp\/v2\/pages\/14"}],"wp:attachment":[{"href":"https:\/\/elmeistrai.lt\/es\/wp-json\/wp\/v2\/media?parent=1985"}],"curies":[{"name":"wp","href":"https:\/\/api.w.org\/{rel}","templated":true}]}}