{"id":1978,"date":"2022-09-29T18:50:09","date_gmt":"2022-09-29T20:50:09","guid":{"rendered":"https:\/\/elmeistrai.lt\/?page_id=1978"},"modified":"2022-09-29T18:51:16","modified_gmt":"2022-09-29T20:51:16","slug":"programinis-kompiuterio-modernizavimas-atnaujinimas","status":"publish","type":"page","link":"https:\/\/elmeistrai.lt\/es\/kompiuteriu-remontas\/programinis-kompiuterio-modernizavimas-atnaujinimas\/","title":{"rendered":"Actualizaci\u00f3n de software: actualice su ordenador"},"content":{"rendered":"<p>Las actualizaciones de software en un PC suelen implicar la actualizaci\u00f3n del sistema operativo. Sin embargo, se pueden actualizar todas las aplicaciones que utilizas, desde el antivirus hasta la gesti\u00f3n de documentos (p. ej. <em>Microsoft Office<\/em>) o el editor de im\u00e1genes (<em>Adobe Illustrator \/ Corel Draw<\/em> etc.).<\/p>\n\n\n\n<p>Una actualizaci\u00f3n tambi\u00e9n puede ser una actualizaci\u00f3n del mismo sistema operativo, simplemente una versi\u00f3n actualizada (Edici\u00f3n), que har\u00e1 que el ordenador sea mucho m\u00e1s resistente a los virus, potencialmente m\u00e1s r\u00e1pido y con nuevas funciones.<\/p>\n\n\n\n<p><strong>\u00bfC\u00f3mo funciona una actualizaci\u00f3n de software?<\/strong><\/p>\n\n\n\n<ol class=\"wp-block-list\"><li>Se revisan las aplicaciones inform\u00e1ticas y se establecen sus permisos.<\/li><li>Se elabora una lista de aplicaciones cuya actualizaci\u00f3n se recomienda en funci\u00f3n de las especificaciones del ordenador. Es posible que algunas aplicaciones no puedan actualizarse con la configuraci\u00f3n actual del hardware. Antes de poder hacerlo, puede ser necesario realizar primero <a href=\"\/es\/kompiuteriu-remontas\/kompiuteriu-techninis-modernizavimas-pagerinimas\/\">modernizaci\u00f3n de la parte t\u00e9cnica<\/a> o rechazar la renovaci\u00f3n. Adem\u00e1s, renovarlo todo sin m\u00e1s tampoco es una buena soluci\u00f3n. Es muy importante evaluar si la actualizaci\u00f3n har\u00e1 que su ordenador funcione a\u00fan m\u00e1s lento. Nuestros t\u00e9cnicos de reparaci\u00f3n evaluar\u00e1n a fondo todo esto.<\/li><li>Se realizan las actualizaciones de software necesarias. Si se actualiza el sistema operativo, es posible que tenga que <a href=\"\/es\/kompiuteriu-remontas\/operaciniu-sistemu-windows-ir-kt-perinstaliavimas-perdiegimas\/\">reinstalar el sistema operativo<\/a>.<\/li><\/ol>\n\n\n\n<figure class=\"wp-block-image size-full\"><img loading=\"lazy\" decoding=\"async\" width=\"640\" height=\"371\" src=\"https:\/\/elmeistrai.lt\/wp-content\/uploads\/2022\/09\/kompiuterio-programu-atnaujinimas.jpg\" alt=\"Kompiuterio program\u0173 atnaujinimas\" class=\"wp-image-1980\" srcset=\"https:\/\/elmeistrai.lt\/wp-content\/uploads\/2022\/09\/kompiuterio-programu-atnaujinimas.jpg 640w, https:\/\/elmeistrai.lt\/wp-content\/uploads\/2022\/09\/kompiuterio-programu-atnaujinimas-300x174.jpg 300w\" sizes=\"auto, (max-width: 640px) 100vw, 640px\" \/><\/figure>","protected":false},"excerpt":{"rendered":"<p>Las actualizaciones de software en un PC suelen implicar la actualizaci\u00f3n del sistema operativo. Sin embargo, se pueden realizar actualizaciones de todos los programas que utilizas, desde antivirus a...<\/p>","protected":false},"author":1,"featured_media":0,"parent":14,"menu_order":0,"comment_status":"closed","ping_status":"closed","template":"","meta":{"_uag_custom_page_level_css":"","footnotes":""},"class_list":["post-1978","page","type-page","status-publish","hentry"],"yoast_head":"<!-- This site is optimized with the Yoast SEO plugin v27.5 - https:\/\/yoast.com\/product\/yoast-seo-wordpress\/ -->\n<title>Programinis kompiuterio modernizavimas - atnaujinimas Vilniuje, Kaune, Klaip\u0117doje, \u0160iauliuose<\/title>\n<meta name=\"robots\" content=\"index, follow, max-snippet:-1, max-image-preview:large, max-video-preview:-1\" \/>\n<link rel=\"canonical\" href=\"https:\/\/elmeistrai.lt\/es\/kompiuteriu-remontas\/programinis-kompiuterio-modernizavimas-atnaujinimas\/\" \/>\n<meta property=\"og:locale\" content=\"es_ES\" \/>\n<meta property=\"og:type\" content=\"article\" \/>\n<meta property=\"og:title\" content=\"Programinis kompiuterio modernizavimas - atnaujinimas Vilniuje, Kaune, Klaip\u0117doje, \u0160iauliuose\" \/>\n<meta property=\"og:description\" content=\"Programinio kompiuterio modernizavimo metu da\u017eniausiai yra atnaujinama operacin\u0117 sistema. Ta\u010diau atnaujinamos gali b\u016bti visos naudojamos programos, nuo antivirusin\u0117s iki darbo...\" \/>\n<meta property=\"og:url\" content=\"https:\/\/elmeistrai.lt\/es\/kompiuteriu-remontas\/programinis-kompiuterio-modernizavimas-atnaujinimas\/\" \/>\n<meta property=\"og:site_name\" content=\"Vilniuje, Kaune, Klaip\u0117doje, \u0160iauliuose\" \/>\n<meta property=\"article:publisher\" content=\"https:\/\/www.facebook.com\/elmeistrai.lt\/\" \/>\n<meta property=\"article:modified_time\" content=\"2022-09-29T20:51:16+00:00\" \/>\n<meta property=\"og:image\" content=\"https:\/\/elmeistrai.lt\/wp-content\/uploads\/2022\/09\/kompiuterio-programu-atnaujinimas.jpg\" \/>\n<meta name=\"twitter:card\" content=\"summary_large_image\" \/>\n<meta name=\"twitter:label1\" content=\"Tiempo de lectura\" \/>\n\t<meta name=\"twitter:data1\" content=\"1 minuto\" \/>\n<script type=\"application\/ld+json\" class=\"yoast-schema-graph\">{\"@context\":\"https:\\\/\\\/schema.org\",\"@graph\":[{\"@type\":\"NewsArticle\",\"@id\":\"https:\\\/\\\/elmeistrai.lt\\\/kompiuteriu-remontas\\\/programinis-kompiuterio-modernizavimas-atnaujinimas\\\/#article\",\"isPartOf\":{\"@id\":\"https:\\\/\\\/elmeistrai.lt\\\/kompiuteriu-remontas\\\/programinis-kompiuterio-modernizavimas-atnaujinimas\\\/\"},\"author\":{\"name\":\"elMeistrai\",\"@id\":\"https:\\\/\\\/elmeistrai.lt\\\/#\\\/schema\\\/person\\\/6363b621eb9606785f7f2ae9a52987f7\"},\"headline\":\"Programinis kompiuterio modernizavimas &#8211; atnaujinimas\",\"datePublished\":\"2022-09-29T20:50:09+00:00\",\"dateModified\":\"2022-09-29T20:51:16+00:00\",\"mainEntityOfPage\":{\"@id\":\"https:\\\/\\\/elmeistrai.lt\\\/kompiuteriu-remontas\\\/programinis-kompiuterio-modernizavimas-atnaujinimas\\\/\"},\"wordCount\":185,\"publisher\":{\"@id\":\"https:\\\/\\\/elmeistrai.lt\\\/#organization\"},\"image\":{\"@id\":\"https:\\\/\\\/elmeistrai.lt\\\/kompiuteriu-remontas\\\/programinis-kompiuterio-modernizavimas-atnaujinimas\\\/#primaryimage\"},\"thumbnailUrl\":\"https:\\\/\\\/elmeistrai.lt\\\/wp-content\\\/uploads\\\/2022\\\/09\\\/kompiuterio-programu-atnaujinimas.jpg\",\"inLanguage\":\"es\"},{\"@type\":[\"WebPage\",\"ItemPage\"],\"@id\":\"https:\\\/\\\/elmeistrai.lt\\\/kompiuteriu-remontas\\\/programinis-kompiuterio-modernizavimas-atnaujinimas\\\/\",\"url\":\"https:\\\/\\\/elmeistrai.lt\\\/kompiuteriu-remontas\\\/programinis-kompiuterio-modernizavimas-atnaujinimas\\\/\",\"name\":\"Programinis kompiuterio modernizavimas - atnaujinimas Vilniuje, Kaune, Klaip\u0117doje, \u0160iauliuose\",\"isPartOf\":{\"@id\":\"https:\\\/\\\/elmeistrai.lt\\\/#website\"},\"primaryImageOfPage\":{\"@id\":\"https:\\\/\\\/elmeistrai.lt\\\/kompiuteriu-remontas\\\/programinis-kompiuterio-modernizavimas-atnaujinimas\\\/#primaryimage\"},\"image\":{\"@id\":\"https:\\\/\\\/elmeistrai.lt\\\/kompiuteriu-remontas\\\/programinis-kompiuterio-modernizavimas-atnaujinimas\\\/#primaryimage\"},\"thumbnailUrl\":\"https:\\\/\\\/elmeistrai.lt\\\/wp-content\\\/uploads\\\/2022\\\/09\\\/kompiuterio-programu-atnaujinimas.jpg\",\"datePublished\":\"2022-09-29T20:50:09+00:00\",\"dateModified\":\"2022-09-29T20:51:16+00:00\",\"breadcrumb\":{\"@id\":\"https:\\\/\\\/elmeistrai.lt\\\/kompiuteriu-remontas\\\/programinis-kompiuterio-modernizavimas-atnaujinimas\\\/#breadcrumb\"},\"inLanguage\":\"es\",\"potentialAction\":[{\"@type\":\"ReadAction\",\"target\":[\"https:\\\/\\\/elmeistrai.lt\\\/kompiuteriu-remontas\\\/programinis-kompiuterio-modernizavimas-atnaujinimas\\\/\"]}]},{\"@type\":\"ImageObject\",\"inLanguage\":\"es\",\"@id\":\"https:\\\/\\\/elmeistrai.lt\\\/kompiuteriu-remontas\\\/programinis-kompiuterio-modernizavimas-atnaujinimas\\\/#primaryimage\",\"url\":\"https:\\\/\\\/elmeistrai.lt\\\/wp-content\\\/uploads\\\/2022\\\/09\\\/kompiuterio-programu-atnaujinimas.jpg\",\"contentUrl\":\"https:\\\/\\\/elmeistrai.lt\\\/wp-content\\\/uploads\\\/2022\\\/09\\\/kompiuterio-programu-atnaujinimas.jpg\"},{\"@type\":\"BreadcrumbList\",\"@id\":\"https:\\\/\\\/elmeistrai.lt\\\/kompiuteriu-remontas\\\/programinis-kompiuterio-modernizavimas-atnaujinimas\\\/#breadcrumb\",\"itemListElement\":[{\"@type\":\"ListItem\",\"position\":1,\"name\":\"Home\",\"item\":\"https:\\\/\\\/elmeistrai.lt\\\/\"},{\"@type\":\"ListItem\",\"position\":2,\"name\":\"Profesionalus kompiuteri\u0173 remontas Vilniuje, Kaune, Klaip\u0117doje ir \u0160iauliuose\",\"item\":\"https:\\\/\\\/elmeistrai.lt\\\/kompiuteriu-remontas\\\/\"},{\"@type\":\"ListItem\",\"position\":3,\"name\":\"Programinis kompiuterio modernizavimas &#8211; atnaujinimas\"}]},{\"@type\":\"WebSite\",\"@id\":\"https:\\\/\\\/elmeistrai.lt\\\/#website\",\"url\":\"https:\\\/\\\/elmeistrai.lt\\\/\",\"name\":\"Vilniuje, Kaune, Klaip\u0117doje, \u0160iauliuose\",\"description\":\"Nam\u0173 ir verslo elektronikos prietais\u0173 remontas. Kase\u010di\u0173 pildymas.\",\"publisher\":{\"@id\":\"https:\\\/\\\/elmeistrai.lt\\\/#organization\"},\"potentialAction\":[{\"@type\":\"SearchAction\",\"target\":{\"@type\":\"EntryPoint\",\"urlTemplate\":\"https:\\\/\\\/elmeistrai.lt\\\/?s={search_term_string}\"},\"query-input\":{\"@type\":\"PropertyValueSpecification\",\"valueRequired\":true,\"valueName\":\"search_term_string\"}}],\"inLanguage\":\"es\"},{\"@type\":\"Organization\",\"@id\":\"https:\\\/\\\/elmeistrai.lt\\\/#organization\",\"name\":\"elMeistrai.lt\",\"alternateName\":\"Kavos aparat\u0173, paspirtuk\u0173, televizori\u0173, kompiuteri\u0173, telefon\u0173 ir kt. technikos remontas\",\"url\":\"https:\\\/\\\/elmeistrai.lt\\\/\",\"logo\":{\"@type\":\"ImageObject\",\"inLanguage\":\"es\",\"@id\":\"https:\\\/\\\/elmeistrai.lt\\\/#\\\/schema\\\/logo\\\/image\\\/\",\"url\":\"https:\\\/\\\/elmeistrai.lt\\\/wp-content\\\/uploads\\\/2022\\\/09\\\/elmeistrai_logo.jpg\",\"contentUrl\":\"https:\\\/\\\/elmeistrai.lt\\\/wp-content\\\/uploads\\\/2022\\\/09\\\/elmeistrai_logo.jpg\",\"width\":556,\"height\":143,\"caption\":\"elMeistrai.lt\"},\"image\":{\"@id\":\"https:\\\/\\\/elmeistrai.lt\\\/#\\\/schema\\\/logo\\\/image\\\/\"},\"sameAs\":[\"https:\\\/\\\/www.facebook.com\\\/elmeistrai.lt\\\/\"]},{\"@type\":\"Person\",\"@id\":\"https:\\\/\\\/elmeistrai.lt\\\/#\\\/schema\\\/person\\\/6363b621eb9606785f7f2ae9a52987f7\",\"name\":\"elMeistrai\",\"image\":{\"@type\":\"ImageObject\",\"inLanguage\":\"es\",\"@id\":\"https:\\\/\\\/secure.gravatar.com\\\/avatar\\\/052f2d9640381d6904c5c0676ac3cc3d7ad734def78df3657e571451cad9870d?s=96&d=mm&r=g\",\"url\":\"https:\\\/\\\/secure.gravatar.com\\\/avatar\\\/052f2d9640381d6904c5c0676ac3cc3d7ad734def78df3657e571451cad9870d?s=96&d=mm&r=g\",\"contentUrl\":\"https:\\\/\\\/secure.gravatar.com\\\/avatar\\\/052f2d9640381d6904c5c0676ac3cc3d7ad734def78df3657e571451cad9870d?s=96&d=mm&r=g\",\"caption\":\"elMeistrai\"},\"url\":\"https:\\\/\\\/elmeistrai.lt\\\/es\\\/author\\\/yipkxe\\\/\"}]}<\/script>\n<!-- \/ Yoast SEO plugin. -->","yoast_head_json":{"title":"Programinis kompiuterio modernizavimas - atnaujinimas Vilniuje, Kaune, Klaip\u0117doje, \u0160iauliuose","robots":{"index":"index","follow":"follow","max-snippet":"max-snippet:-1","max-image-preview":"max-image-preview:large","max-video-preview":"max-video-preview:-1"},"canonical":"https:\/\/elmeistrai.lt\/es\/kompiuteriu-remontas\/programinis-kompiuterio-modernizavimas-atnaujinimas\/","og_locale":"es_ES","og_type":"article","og_title":"Programinis kompiuterio modernizavimas - atnaujinimas Vilniuje, Kaune, Klaip\u0117doje, \u0160iauliuose","og_description":"Programinio kompiuterio modernizavimo metu da\u017eniausiai yra atnaujinama operacin\u0117 sistema. Ta\u010diau atnaujinamos gali b\u016bti visos naudojamos programos, nuo antivirusin\u0117s iki darbo...","og_url":"https:\/\/elmeistrai.lt\/es\/kompiuteriu-remontas\/programinis-kompiuterio-modernizavimas-atnaujinimas\/","og_site_name":"Vilniuje, Kaune, Klaip\u0117doje, \u0160iauliuose","article_publisher":"https:\/\/www.facebook.com\/elmeistrai.lt\/","article_modified_time":"2022-09-29T20:51:16+00:00","og_image":[{"url":"https:\/\/elmeistrai.lt\/wp-content\/uploads\/2022\/09\/kompiuterio-programu-atnaujinimas.jpg","type":"","width":"","height":""}],"twitter_card":"summary_large_image","twitter_misc":{"Tiempo de lectura":"1 minuto"},"schema":{"@context":"https:\/\/schema.org","@graph":[{"@type":"NewsArticle","@id":"https:\/\/elmeistrai.lt\/kompiuteriu-remontas\/programinis-kompiuterio-modernizavimas-atnaujinimas\/#article","isPartOf":{"@id":"https:\/\/elmeistrai.lt\/kompiuteriu-remontas\/programinis-kompiuterio-modernizavimas-atnaujinimas\/"},"author":{"name":"elMeistrai","@id":"https:\/\/elmeistrai.lt\/#\/schema\/person\/6363b621eb9606785f7f2ae9a52987f7"},"headline":"Programinis kompiuterio modernizavimas &#8211; atnaujinimas","datePublished":"2022-09-29T20:50:09+00:00","dateModified":"2022-09-29T20:51:16+00:00","mainEntityOfPage":{"@id":"https:\/\/elmeistrai.lt\/kompiuteriu-remontas\/programinis-kompiuterio-modernizavimas-atnaujinimas\/"},"wordCount":185,"publisher":{"@id":"https:\/\/elmeistrai.lt\/#organization"},"image":{"@id":"https:\/\/elmeistrai.lt\/kompiuteriu-remontas\/programinis-kompiuterio-modernizavimas-atnaujinimas\/#primaryimage"},"thumbnailUrl":"https:\/\/elmeistrai.lt\/wp-content\/uploads\/2022\/09\/kompiuterio-programu-atnaujinimas.jpg","inLanguage":"es"},{"@type":["WebPage","ItemPage"],"@id":"https:\/\/elmeistrai.lt\/kompiuteriu-remontas\/programinis-kompiuterio-modernizavimas-atnaujinimas\/","url":"https:\/\/elmeistrai.lt\/kompiuteriu-remontas\/programinis-kompiuterio-modernizavimas-atnaujinimas\/","name":"Programinis kompiuterio modernizavimas - atnaujinimas Vilniuje, Kaune, Klaip\u0117doje, \u0160iauliuose","isPartOf":{"@id":"https:\/\/elmeistrai.lt\/#website"},"primaryImageOfPage":{"@id":"https:\/\/elmeistrai.lt\/kompiuteriu-remontas\/programinis-kompiuterio-modernizavimas-atnaujinimas\/#primaryimage"},"image":{"@id":"https:\/\/elmeistrai.lt\/kompiuteriu-remontas\/programinis-kompiuterio-modernizavimas-atnaujinimas\/#primaryimage"},"thumbnailUrl":"https:\/\/elmeistrai.lt\/wp-content\/uploads\/2022\/09\/kompiuterio-programu-atnaujinimas.jpg","datePublished":"2022-09-29T20:50:09+00:00","dateModified":"2022-09-29T20:51:16+00:00","breadcrumb":{"@id":"https:\/\/elmeistrai.lt\/kompiuteriu-remontas\/programinis-kompiuterio-modernizavimas-atnaujinimas\/#breadcrumb"},"inLanguage":"es","potentialAction":[{"@type":"ReadAction","target":["https:\/\/elmeistrai.lt\/kompiuteriu-remontas\/programinis-kompiuterio-modernizavimas-atnaujinimas\/"]}]},{"@type":"ImageObject","inLanguage":"es","@id":"https:\/\/elmeistrai.lt\/kompiuteriu-remontas\/programinis-kompiuterio-modernizavimas-atnaujinimas\/#primaryimage","url":"https:\/\/elmeistrai.lt\/wp-content\/uploads\/2022\/09\/kompiuterio-programu-atnaujinimas.jpg","contentUrl":"https:\/\/elmeistrai.lt\/wp-content\/uploads\/2022\/09\/kompiuterio-programu-atnaujinimas.jpg"},{"@type":"BreadcrumbList","@id":"https:\/\/elmeistrai.lt\/kompiuteriu-remontas\/programinis-kompiuterio-modernizavimas-atnaujinimas\/#breadcrumb","itemListElement":[{"@type":"ListItem","position":1,"name":"Home","item":"https:\/\/elmeistrai.lt\/"},{"@type":"ListItem","position":2,"name":"Profesionalus kompiuteri\u0173 remontas Vilniuje, Kaune, Klaip\u0117doje ir \u0160iauliuose","item":"https:\/\/elmeistrai.lt\/kompiuteriu-remontas\/"},{"@type":"ListItem","position":3,"name":"Programinis kompiuterio modernizavimas &#8211; atnaujinimas"}]},{"@type":"WebSite","@id":"https:\/\/elmeistrai.lt\/#website","url":"https:\/\/elmeistrai.lt\/","name":"Vilnius, Kaunas, Klaip\u0117da, \u0160iauliai","description":"Reparaci\u00f3n de electr\u00f3nica dom\u00e9stica y empresarial. Recarga de cartuchos.","publisher":{"@id":"https:\/\/elmeistrai.lt\/#organization"},"potentialAction":[{"@type":"SearchAction","target":{"@type":"EntryPoint","urlTemplate":"https:\/\/elmeistrai.lt\/?s={search_term_string}"},"query-input":{"@type":"PropertyValueSpecification","valueRequired":true,"valueName":"search_term_string"}}],"inLanguage":"es"},{"@type":"Organization","@id":"https:\/\/elmeistrai.lt\/#organization","name":"elMeistrai.lt","alternateName":"Kavos aparat\u0173, paspirtuk\u0173, televizori\u0173, kompiuteri\u0173, telefon\u0173 ir kt. technikos remontas","url":"https:\/\/elmeistrai.lt\/","logo":{"@type":"ImageObject","inLanguage":"es","@id":"https:\/\/elmeistrai.lt\/#\/schema\/logo\/image\/","url":"https:\/\/elmeistrai.lt\/wp-content\/uploads\/2022\/09\/elmeistrai_logo.jpg","contentUrl":"https:\/\/elmeistrai.lt\/wp-content\/uploads\/2022\/09\/elmeistrai_logo.jpg","width":556,"height":143,"caption":"elMeistrai.lt"},"image":{"@id":"https:\/\/elmeistrai.lt\/#\/schema\/logo\/image\/"},"sameAs":["https:\/\/www.facebook.com\/elmeistrai.lt\/"]},{"@type":"Person","@id":"https:\/\/elmeistrai.lt\/#\/schema\/person\/6363b621eb9606785f7f2ae9a52987f7","name":"elMeistrai","image":{"@type":"ImageObject","inLanguage":"es","@id":"https:\/\/secure.gravatar.com\/avatar\/052f2d9640381d6904c5c0676ac3cc3d7ad734def78df3657e571451cad9870d?s=96&d=mm&r=g","url":"https:\/\/secure.gravatar.com\/avatar\/052f2d9640381d6904c5c0676ac3cc3d7ad734def78df3657e571451cad9870d?s=96&d=mm&r=g","contentUrl":"https:\/\/secure.gravatar.com\/avatar\/052f2d9640381d6904c5c0676ac3cc3d7ad734def78df3657e571451cad9870d?s=96&d=mm&r=g","caption":"elMeistrai"},"url":"https:\/\/elmeistrai.lt\/es\/author\/yipkxe\/"}]}},"uagb_featured_image_src":{"full":false,"thumbnail":false,"medium":false,"medium_large":false,"large":false,"1536x1536":false,"2048x2048":false,"trp-custom-language-flag":false,"writemag-1218w-autoh-image":false,"writemag-675w-autoh-image":false,"writemag-100w-100h-image":false},"uagb_author_info":{"display_name":"elMeistrai","author_link":"https:\/\/elmeistrai.lt\/es\/author\/yipkxe\/"},"uagb_comment_info":0,"uagb_excerpt":"Programinio kompiuterio modernizavimo metu da\u017eniausiai yra atnaujinama operacin\u0117 sistema. Ta\u010diau atnaujinamos gali b\u016bti visos naudojamos programos, nuo antivirusin\u0117s iki darbo...","rttpg_featured_image_url":null,"rttpg_author":{"display_name":"elMeistrai","author_link":"https:\/\/elmeistrai.lt\/es\/author\/yipkxe\/"},"rttpg_comment":0,"rttpg_category":null,"rttpg_excerpt":"Programinio kompiuterio modernizavimo metu da\u017eniausiai yra atnaujinama operacin\u0117 sistema. Ta\u010diau atnaujinamos gali b\u016bti visos naudojamos programos, nuo antivirusin\u0117s iki darbo...","_links":{"self":[{"href":"https:\/\/elmeistrai.lt\/es\/wp-json\/wp\/v2\/pages\/1978","targetHints":{"allow":["GET"]}}],"collection":[{"href":"https:\/\/elmeistrai.lt\/es\/wp-json\/wp\/v2\/pages"}],"about":[{"href":"https:\/\/elmeistrai.lt\/es\/wp-json\/wp\/v2\/types\/page"}],"author":[{"embeddable":true,"href":"https:\/\/elmeistrai.lt\/es\/wp-json\/wp\/v2\/users\/1"}],"replies":[{"embeddable":true,"href":"https:\/\/elmeistrai.lt\/es\/wp-json\/wp\/v2\/comments?post=1978"}],"version-history":[{"count":2,"href":"https:\/\/elmeistrai.lt\/es\/wp-json\/wp\/v2\/pages\/1978\/revisions"}],"predecessor-version":[{"id":1982,"href":"https:\/\/elmeistrai.lt\/es\/wp-json\/wp\/v2\/pages\/1978\/revisions\/1982"}],"up":[{"embeddable":true,"href":"https:\/\/elmeistrai.lt\/es\/wp-json\/wp\/v2\/pages\/14"}],"wp:attachment":[{"href":"https:\/\/elmeistrai.lt\/es\/wp-json\/wp\/v2\/media?parent=1978"}],"curies":[{"name":"wp","href":"https:\/\/api.w.org\/{rel}","templated":true}]}}