{"id":1867,"date":"2022-09-29T04:57:55","date_gmt":"2022-09-29T06:57:55","guid":{"rendered":"https:\/\/elmeistrai.lt\/?page_id=1867"},"modified":"2022-09-29T05:06:43","modified_gmt":"2022-09-29T07:06:43","slug":"imoniu-kompiuteriu-ir-it-ukio-prieziura","status":"publish","type":"page","link":"https:\/\/elmeistrai.lt\/es\/kompiuteriu-remontas\/imoniu-kompiuteriu-ir-it-ukio-prieziura\/","title":{"rendered":"Mantenimiento de los ordenadores y activos inform\u00e1ticos de la empresa"},"content":{"rendered":"<p>En su totalidad <strong>mantenimiento de las TI de la empresa<\/strong>. Por un m\u00f3dico precio, puede confiarnos todas sus dudas y tener la seguridad de que todos los procesos inform\u00e1ticos de su empresa funcionar\u00e1n sin problemas ni interrupciones las 24 horas del d\u00eda, los 7 d\u00edas de la semana. Tenemos capacidad para responder a cualquier hora del d\u00eda.<\/p>\n\n\n\n<p><strong>Servicios prestados:<\/strong><\/p>\n\n\n\n<ul class=\"wp-block-list\"><li>Mantenimiento de puestos inform\u00e1ticos<\/li><li>Administraci\u00f3n y reparaci\u00f3n t\u00e9cnica, instalaci\u00f3n y selecci\u00f3n de software para servidores Windows\/Linux<\/li><li>Selecci\u00f3n e instalaci\u00f3n de NAS (almacenamiento conectado en red)<\/li><li>Planificaci\u00f3n de la infraestructura inform\u00e1tica de la empresa: routers, impresoras, gesti\u00f3n de redes<\/li><li>Selecci\u00f3n de impresoras para optimizar los costes de impresi\u00f3n<\/li><li>Suministro y recarga de cartuchos de impresora<\/li><li>Configurar, desplegar y planificar la red de \u00e1rea local de la empresa.<\/li><li>Asesoramiento en la compra o selecci\u00f3n de nuevos equipos<\/li><\/ul>\n\n\n\n<p><strong>P\u00f3ngase en contacto con nosotros <a href=\"\/es\/kontaktai\/\">p\u00f3ngase en contacto con<\/a>.<\/strong><\/p>\n\n\n\n<figure class=\"wp-block-image size-full\"><img loading=\"lazy\" decoding=\"async\" width=\"640\" height=\"400\" src=\"https:\/\/elmeistrai.lt\/wp-content\/uploads\/2022\/09\/imoniu-it-ukio-prieziura.jpg\" alt=\"\u012fmoni\u0173 IT \u016bkio prie\u017ei\u016bra\" class=\"wp-image-1868\" srcset=\"https:\/\/elmeistrai.lt\/wp-content\/uploads\/2022\/09\/imoniu-it-ukio-prieziura.jpg 640w, https:\/\/elmeistrai.lt\/wp-content\/uploads\/2022\/09\/imoniu-it-ukio-prieziura-300x188.jpg 300w\" sizes=\"auto, (max-width: 640px) 100vw, 640px\" \/><\/figure>\n\n\n\n<p><strong>Hay dos formas establecidas de trabajar con las empresas: <\/strong><\/p>\n\n\n\n<ol class=\"wp-block-list\"><li>Especialista de guardia en caso necesario. Solo se paga en caso de aver\u00eda.<\/li><li>Supervisi\u00f3n basada en una cuota mensual por puesto de trabajo. Muy baja probabilidad de fallos accidentales.<\/li><\/ol>\n\n\n\n<p>En el primer caso, acudimos lo antes posible tras producirse una aver\u00eda e intentamos resolver cualquier problema de la forma m\u00e1s r\u00e1pida y eficaz posible. <\/p>\n\n\n\n<p>En el segundo caso, nosotros mismos supervisamos continuamente el estado de la infraestructura inform\u00e1tica e intentamos reducir al m\u00ednimo las posibilidades de que se produzcan fallos inesperados. En este caso, no suele ser necesario pagar m\u00e1s en caso de imprevistos, y usted puede planificar claramente sus costes de mantenimiento inform\u00e1tico y tener la tranquilidad de que sus sistemas funcionar\u00e1n sin interrupciones.<\/p>\n\n\n\n<p>Con el mantenimiento de PC, personalizamos cada puesto de trabajo seg\u00fan las necesidades espec\u00edficas de la empresa o del empleado.<\/p>","protected":false},"excerpt":{"rendered":"<p>Proporcionamos un mantenimiento integral de las TI corporativas. Por un m\u00f3dico precio, puede confiarnos todos sus asuntos y tener la seguridad de que todas las TI de su empresa...<\/p>","protected":false},"author":1,"featured_media":0,"parent":14,"menu_order":0,"comment_status":"closed","ping_status":"closed","template":"","meta":{"_uag_custom_page_level_css":"","footnotes":""},"class_list":["post-1867","page","type-page","status-publish","hentry"],"yoast_head":"<!-- This site is optimized with the Yoast SEO plugin v27.3 - https:\/\/yoast.com\/product\/yoast-seo-wordpress\/ -->\n<title>\u012emoni\u0173 kompiuteri\u0173 ir IT \u016bkio prie\u017ei\u016bra Vilniuje, Kaune, Klaip\u0117doje, \u0160iauliuose<\/title>\n<meta name=\"robots\" content=\"index, follow, max-snippet:-1, max-image-preview:large, max-video-preview:-1\" \/>\n<link rel=\"canonical\" href=\"https:\/\/elmeistrai.lt\/es\/kompiuteriu-remontas\/imoniu-kompiuteriu-ir-it-ukio-prieziura\/\" \/>\n<meta property=\"og:locale\" content=\"es_ES\" \/>\n<meta property=\"og:type\" content=\"article\" \/>\n<meta property=\"og:title\" content=\"\u012emoni\u0173 kompiuteri\u0173 ir IT \u016bkio prie\u017ei\u016bra Vilniuje, Kaune, Klaip\u0117doje, \u0160iauliuose\" \/>\n<meta property=\"og:description\" content=\"Visokeriopai pri\u017ei\u016brime \u012fmoni\u0173 IT \u016bk\u012f. U\u017e nedidel\u012f mokest\u012f visus klausimus galite patik\u0117ti mums ir b\u016bti ram\u016bs, kad visi \u012fmon\u0117s IT...\" \/>\n<meta property=\"og:url\" content=\"https:\/\/elmeistrai.lt\/es\/kompiuteriu-remontas\/imoniu-kompiuteriu-ir-it-ukio-prieziura\/\" \/>\n<meta property=\"og:site_name\" content=\"Vilniuje, Kaune, Klaip\u0117doje, \u0160iauliuose\" \/>\n<meta property=\"article:publisher\" content=\"https:\/\/www.facebook.com\/elmeistrai.lt\/\" \/>\n<meta property=\"article:modified_time\" content=\"2022-09-29T07:06:43+00:00\" \/>\n<meta property=\"og:image\" content=\"https:\/\/elmeistrai.lt\/wp-content\/uploads\/2022\/09\/imoniu-it-ukio-prieziura.jpg\" \/>\n<meta name=\"twitter:card\" content=\"summary_large_image\" \/>\n<meta name=\"twitter:label1\" content=\"Tiempo de lectura\" \/>\n\t<meta name=\"twitter:data1\" content=\"1 minuto\" \/>\n<script type=\"application\/ld+json\" class=\"yoast-schema-graph\">{\"@context\":\"https:\\\/\\\/schema.org\",\"@graph\":[{\"@type\":\"NewsArticle\",\"@id\":\"https:\\\/\\\/elmeistrai.lt\\\/kompiuteriu-remontas\\\/imoniu-kompiuteriu-ir-it-ukio-prieziura\\\/#article\",\"isPartOf\":{\"@id\":\"https:\\\/\\\/elmeistrai.lt\\\/kompiuteriu-remontas\\\/imoniu-kompiuteriu-ir-it-ukio-prieziura\\\/\"},\"author\":{\"name\":\"elMeistrai\",\"@id\":\"https:\\\/\\\/elmeistrai.lt\\\/#\\\/schema\\\/person\\\/6363b621eb9606785f7f2ae9a52987f7\"},\"headline\":\"\u012emoni\u0173 kompiuteri\u0173 ir IT \u016bkio prie\u017ei\u016bra\",\"datePublished\":\"2022-09-29T06:57:55+00:00\",\"dateModified\":\"2022-09-29T07:06:43+00:00\",\"mainEntityOfPage\":{\"@id\":\"https:\\\/\\\/elmeistrai.lt\\\/kompiuteriu-remontas\\\/imoniu-kompiuteriu-ir-it-ukio-prieziura\\\/\"},\"wordCount\":248,\"publisher\":{\"@id\":\"https:\\\/\\\/elmeistrai.lt\\\/#organization\"},\"image\":{\"@id\":\"https:\\\/\\\/elmeistrai.lt\\\/kompiuteriu-remontas\\\/imoniu-kompiuteriu-ir-it-ukio-prieziura\\\/#primaryimage\"},\"thumbnailUrl\":\"https:\\\/\\\/elmeistrai.lt\\\/wp-content\\\/uploads\\\/2022\\\/09\\\/imoniu-it-ukio-prieziura.jpg\",\"inLanguage\":\"es\"},{\"@type\":[\"WebPage\",\"ItemPage\"],\"@id\":\"https:\\\/\\\/elmeistrai.lt\\\/kompiuteriu-remontas\\\/imoniu-kompiuteriu-ir-it-ukio-prieziura\\\/\",\"url\":\"https:\\\/\\\/elmeistrai.lt\\\/kompiuteriu-remontas\\\/imoniu-kompiuteriu-ir-it-ukio-prieziura\\\/\",\"name\":\"\u012emoni\u0173 kompiuteri\u0173 ir IT \u016bkio prie\u017ei\u016bra Vilniuje, Kaune, Klaip\u0117doje, \u0160iauliuose\",\"isPartOf\":{\"@id\":\"https:\\\/\\\/elmeistrai.lt\\\/#website\"},\"primaryImageOfPage\":{\"@id\":\"https:\\\/\\\/elmeistrai.lt\\\/kompiuteriu-remontas\\\/imoniu-kompiuteriu-ir-it-ukio-prieziura\\\/#primaryimage\"},\"image\":{\"@id\":\"https:\\\/\\\/elmeistrai.lt\\\/kompiuteriu-remontas\\\/imoniu-kompiuteriu-ir-it-ukio-prieziura\\\/#primaryimage\"},\"thumbnailUrl\":\"https:\\\/\\\/elmeistrai.lt\\\/wp-content\\\/uploads\\\/2022\\\/09\\\/imoniu-it-ukio-prieziura.jpg\",\"datePublished\":\"2022-09-29T06:57:55+00:00\",\"dateModified\":\"2022-09-29T07:06:43+00:00\",\"breadcrumb\":{\"@id\":\"https:\\\/\\\/elmeistrai.lt\\\/kompiuteriu-remontas\\\/imoniu-kompiuteriu-ir-it-ukio-prieziura\\\/#breadcrumb\"},\"inLanguage\":\"es\",\"potentialAction\":[{\"@type\":\"ReadAction\",\"target\":[\"https:\\\/\\\/elmeistrai.lt\\\/kompiuteriu-remontas\\\/imoniu-kompiuteriu-ir-it-ukio-prieziura\\\/\"]}]},{\"@type\":\"ImageObject\",\"inLanguage\":\"es\",\"@id\":\"https:\\\/\\\/elmeistrai.lt\\\/kompiuteriu-remontas\\\/imoniu-kompiuteriu-ir-it-ukio-prieziura\\\/#primaryimage\",\"url\":\"https:\\\/\\\/elmeistrai.lt\\\/wp-content\\\/uploads\\\/2022\\\/09\\\/imoniu-it-ukio-prieziura.jpg\",\"contentUrl\":\"https:\\\/\\\/elmeistrai.lt\\\/wp-content\\\/uploads\\\/2022\\\/09\\\/imoniu-it-ukio-prieziura.jpg\"},{\"@type\":\"BreadcrumbList\",\"@id\":\"https:\\\/\\\/elmeistrai.lt\\\/kompiuteriu-remontas\\\/imoniu-kompiuteriu-ir-it-ukio-prieziura\\\/#breadcrumb\",\"itemListElement\":[{\"@type\":\"ListItem\",\"position\":1,\"name\":\"Home\",\"item\":\"https:\\\/\\\/elmeistrai.lt\\\/\"},{\"@type\":\"ListItem\",\"position\":2,\"name\":\"Profesionalus kompiuteri\u0173 remontas Vilniuje, Kaune, Klaip\u0117doje ir \u0160iauliuose\",\"item\":\"https:\\\/\\\/elmeistrai.lt\\\/kompiuteriu-remontas\\\/\"},{\"@type\":\"ListItem\",\"position\":3,\"name\":\"\u012emoni\u0173 kompiuteri\u0173 ir IT \u016bkio prie\u017ei\u016bra\"}]},{\"@type\":\"WebSite\",\"@id\":\"https:\\\/\\\/elmeistrai.lt\\\/#website\",\"url\":\"https:\\\/\\\/elmeistrai.lt\\\/\",\"name\":\"Vilniuje, Kaune, Klaip\u0117doje, \u0160iauliuose\",\"description\":\"Nam\u0173 ir verslo elektronikos prietais\u0173 remontas. Kase\u010di\u0173 pildymas.\",\"publisher\":{\"@id\":\"https:\\\/\\\/elmeistrai.lt\\\/#organization\"},\"potentialAction\":[{\"@type\":\"SearchAction\",\"target\":{\"@type\":\"EntryPoint\",\"urlTemplate\":\"https:\\\/\\\/elmeistrai.lt\\\/?s={search_term_string}\"},\"query-input\":{\"@type\":\"PropertyValueSpecification\",\"valueRequired\":true,\"valueName\":\"search_term_string\"}}],\"inLanguage\":\"es\"},{\"@type\":\"Organization\",\"@id\":\"https:\\\/\\\/elmeistrai.lt\\\/#organization\",\"name\":\"elMeistrai.lt\",\"alternateName\":\"Kavos aparat\u0173, paspirtuk\u0173, televizori\u0173, kompiuteri\u0173, telefon\u0173 ir kt. technikos remontas\",\"url\":\"https:\\\/\\\/elmeistrai.lt\\\/\",\"logo\":{\"@type\":\"ImageObject\",\"inLanguage\":\"es\",\"@id\":\"https:\\\/\\\/elmeistrai.lt\\\/#\\\/schema\\\/logo\\\/image\\\/\",\"url\":\"https:\\\/\\\/elmeistrai.lt\\\/wp-content\\\/uploads\\\/2022\\\/09\\\/elmeistrai_logo.jpg\",\"contentUrl\":\"https:\\\/\\\/elmeistrai.lt\\\/wp-content\\\/uploads\\\/2022\\\/09\\\/elmeistrai_logo.jpg\",\"width\":556,\"height\":143,\"caption\":\"elMeistrai.lt\"},\"image\":{\"@id\":\"https:\\\/\\\/elmeistrai.lt\\\/#\\\/schema\\\/logo\\\/image\\\/\"},\"sameAs\":[\"https:\\\/\\\/www.facebook.com\\\/elmeistrai.lt\\\/\"]},{\"@type\":\"Person\",\"@id\":\"https:\\\/\\\/elmeistrai.lt\\\/#\\\/schema\\\/person\\\/6363b621eb9606785f7f2ae9a52987f7\",\"name\":\"elMeistrai\",\"image\":{\"@type\":\"ImageObject\",\"inLanguage\":\"es\",\"@id\":\"https:\\\/\\\/secure.gravatar.com\\\/avatar\\\/052f2d9640381d6904c5c0676ac3cc3d7ad734def78df3657e571451cad9870d?s=96&d=mm&r=g\",\"url\":\"https:\\\/\\\/secure.gravatar.com\\\/avatar\\\/052f2d9640381d6904c5c0676ac3cc3d7ad734def78df3657e571451cad9870d?s=96&d=mm&r=g\",\"contentUrl\":\"https:\\\/\\\/secure.gravatar.com\\\/avatar\\\/052f2d9640381d6904c5c0676ac3cc3d7ad734def78df3657e571451cad9870d?s=96&d=mm&r=g\",\"caption\":\"elMeistrai\"},\"url\":\"https:\\\/\\\/elmeistrai.lt\\\/es\\\/author\\\/yipkxe\\\/\"}]}<\/script>\n<!-- \/ Yoast SEO plugin. -->","yoast_head_json":{"title":"\u012emoni\u0173 kompiuteri\u0173 ir IT \u016bkio prie\u017ei\u016bra Vilniuje, Kaune, Klaip\u0117doje, \u0160iauliuose","robots":{"index":"index","follow":"follow","max-snippet":"max-snippet:-1","max-image-preview":"max-image-preview:large","max-video-preview":"max-video-preview:-1"},"canonical":"https:\/\/elmeistrai.lt\/es\/kompiuteriu-remontas\/imoniu-kompiuteriu-ir-it-ukio-prieziura\/","og_locale":"es_ES","og_type":"article","og_title":"\u012emoni\u0173 kompiuteri\u0173 ir IT \u016bkio prie\u017ei\u016bra Vilniuje, Kaune, Klaip\u0117doje, \u0160iauliuose","og_description":"Visokeriopai pri\u017ei\u016brime \u012fmoni\u0173 IT \u016bk\u012f. U\u017e nedidel\u012f mokest\u012f visus klausimus galite patik\u0117ti mums ir b\u016bti ram\u016bs, kad visi \u012fmon\u0117s IT...","og_url":"https:\/\/elmeistrai.lt\/es\/kompiuteriu-remontas\/imoniu-kompiuteriu-ir-it-ukio-prieziura\/","og_site_name":"Vilniuje, Kaune, Klaip\u0117doje, \u0160iauliuose","article_publisher":"https:\/\/www.facebook.com\/elmeistrai.lt\/","article_modified_time":"2022-09-29T07:06:43+00:00","og_image":[{"url":"https:\/\/elmeistrai.lt\/wp-content\/uploads\/2022\/09\/imoniu-it-ukio-prieziura.jpg","type":"","width":"","height":""}],"twitter_card":"summary_large_image","twitter_misc":{"Tiempo de lectura":"1 minuto"},"schema":{"@context":"https:\/\/schema.org","@graph":[{"@type":"NewsArticle","@id":"https:\/\/elmeistrai.lt\/kompiuteriu-remontas\/imoniu-kompiuteriu-ir-it-ukio-prieziura\/#article","isPartOf":{"@id":"https:\/\/elmeistrai.lt\/kompiuteriu-remontas\/imoniu-kompiuteriu-ir-it-ukio-prieziura\/"},"author":{"name":"elMeistrai","@id":"https:\/\/elmeistrai.lt\/#\/schema\/person\/6363b621eb9606785f7f2ae9a52987f7"},"headline":"\u012emoni\u0173 kompiuteri\u0173 ir IT \u016bkio prie\u017ei\u016bra","datePublished":"2022-09-29T06:57:55+00:00","dateModified":"2022-09-29T07:06:43+00:00","mainEntityOfPage":{"@id":"https:\/\/elmeistrai.lt\/kompiuteriu-remontas\/imoniu-kompiuteriu-ir-it-ukio-prieziura\/"},"wordCount":248,"publisher":{"@id":"https:\/\/elmeistrai.lt\/#organization"},"image":{"@id":"https:\/\/elmeistrai.lt\/kompiuteriu-remontas\/imoniu-kompiuteriu-ir-it-ukio-prieziura\/#primaryimage"},"thumbnailUrl":"https:\/\/elmeistrai.lt\/wp-content\/uploads\/2022\/09\/imoniu-it-ukio-prieziura.jpg","inLanguage":"es"},{"@type":["WebPage","ItemPage"],"@id":"https:\/\/elmeistrai.lt\/kompiuteriu-remontas\/imoniu-kompiuteriu-ir-it-ukio-prieziura\/","url":"https:\/\/elmeistrai.lt\/kompiuteriu-remontas\/imoniu-kompiuteriu-ir-it-ukio-prieziura\/","name":"\u012emoni\u0173 kompiuteri\u0173 ir IT \u016bkio prie\u017ei\u016bra Vilniuje, Kaune, Klaip\u0117doje, \u0160iauliuose","isPartOf":{"@id":"https:\/\/elmeistrai.lt\/#website"},"primaryImageOfPage":{"@id":"https:\/\/elmeistrai.lt\/kompiuteriu-remontas\/imoniu-kompiuteriu-ir-it-ukio-prieziura\/#primaryimage"},"image":{"@id":"https:\/\/elmeistrai.lt\/kompiuteriu-remontas\/imoniu-kompiuteriu-ir-it-ukio-prieziura\/#primaryimage"},"thumbnailUrl":"https:\/\/elmeistrai.lt\/wp-content\/uploads\/2022\/09\/imoniu-it-ukio-prieziura.jpg","datePublished":"2022-09-29T06:57:55+00:00","dateModified":"2022-09-29T07:06:43+00:00","breadcrumb":{"@id":"https:\/\/elmeistrai.lt\/kompiuteriu-remontas\/imoniu-kompiuteriu-ir-it-ukio-prieziura\/#breadcrumb"},"inLanguage":"es","potentialAction":[{"@type":"ReadAction","target":["https:\/\/elmeistrai.lt\/kompiuteriu-remontas\/imoniu-kompiuteriu-ir-it-ukio-prieziura\/"]}]},{"@type":"ImageObject","inLanguage":"es","@id":"https:\/\/elmeistrai.lt\/kompiuteriu-remontas\/imoniu-kompiuteriu-ir-it-ukio-prieziura\/#primaryimage","url":"https:\/\/elmeistrai.lt\/wp-content\/uploads\/2022\/09\/imoniu-it-ukio-prieziura.jpg","contentUrl":"https:\/\/elmeistrai.lt\/wp-content\/uploads\/2022\/09\/imoniu-it-ukio-prieziura.jpg"},{"@type":"BreadcrumbList","@id":"https:\/\/elmeistrai.lt\/kompiuteriu-remontas\/imoniu-kompiuteriu-ir-it-ukio-prieziura\/#breadcrumb","itemListElement":[{"@type":"ListItem","position":1,"name":"Home","item":"https:\/\/elmeistrai.lt\/"},{"@type":"ListItem","position":2,"name":"Profesionalus kompiuteri\u0173 remontas Vilniuje, Kaune, Klaip\u0117doje ir \u0160iauliuose","item":"https:\/\/elmeistrai.lt\/kompiuteriu-remontas\/"},{"@type":"ListItem","position":3,"name":"\u012emoni\u0173 kompiuteri\u0173 ir IT \u016bkio prie\u017ei\u016bra"}]},{"@type":"WebSite","@id":"https:\/\/elmeistrai.lt\/#website","url":"https:\/\/elmeistrai.lt\/","name":"Vilnius, Kaunas, Klaip\u0117da, \u0160iauliai","description":"Reparaci\u00f3n de electr\u00f3nica dom\u00e9stica y empresarial. Recarga de cartuchos.","publisher":{"@id":"https:\/\/elmeistrai.lt\/#organization"},"potentialAction":[{"@type":"SearchAction","target":{"@type":"EntryPoint","urlTemplate":"https:\/\/elmeistrai.lt\/?s={search_term_string}"},"query-input":{"@type":"PropertyValueSpecification","valueRequired":true,"valueName":"search_term_string"}}],"inLanguage":"es"},{"@type":"Organization","@id":"https:\/\/elmeistrai.lt\/#organization","name":"elMeistrai.lt","alternateName":"Kavos aparat\u0173, paspirtuk\u0173, televizori\u0173, kompiuteri\u0173, telefon\u0173 ir kt. technikos remontas","url":"https:\/\/elmeistrai.lt\/","logo":{"@type":"ImageObject","inLanguage":"es","@id":"https:\/\/elmeistrai.lt\/#\/schema\/logo\/image\/","url":"https:\/\/elmeistrai.lt\/wp-content\/uploads\/2022\/09\/elmeistrai_logo.jpg","contentUrl":"https:\/\/elmeistrai.lt\/wp-content\/uploads\/2022\/09\/elmeistrai_logo.jpg","width":556,"height":143,"caption":"elMeistrai.lt"},"image":{"@id":"https:\/\/elmeistrai.lt\/#\/schema\/logo\/image\/"},"sameAs":["https:\/\/www.facebook.com\/elmeistrai.lt\/"]},{"@type":"Person","@id":"https:\/\/elmeistrai.lt\/#\/schema\/person\/6363b621eb9606785f7f2ae9a52987f7","name":"elMeistrai","image":{"@type":"ImageObject","inLanguage":"es","@id":"https:\/\/secure.gravatar.com\/avatar\/052f2d9640381d6904c5c0676ac3cc3d7ad734def78df3657e571451cad9870d?s=96&d=mm&r=g","url":"https:\/\/secure.gravatar.com\/avatar\/052f2d9640381d6904c5c0676ac3cc3d7ad734def78df3657e571451cad9870d?s=96&d=mm&r=g","contentUrl":"https:\/\/secure.gravatar.com\/avatar\/052f2d9640381d6904c5c0676ac3cc3d7ad734def78df3657e571451cad9870d?s=96&d=mm&r=g","caption":"elMeistrai"},"url":"https:\/\/elmeistrai.lt\/es\/author\/yipkxe\/"}]}},"uagb_featured_image_src":{"full":false,"thumbnail":false,"medium":false,"medium_large":false,"large":false,"1536x1536":false,"2048x2048":false,"trp-custom-language-flag":false,"writemag-1218w-autoh-image":false,"writemag-675w-autoh-image":false,"writemag-100w-100h-image":false},"uagb_author_info":{"display_name":"elMeistrai","author_link":"https:\/\/elmeistrai.lt\/es\/author\/yipkxe\/"},"uagb_comment_info":0,"uagb_excerpt":"Visokeriopai pri\u017ei\u016brime \u012fmoni\u0173 IT \u016bk\u012f. U\u017e nedidel\u012f mokest\u012f visus klausimus galite patik\u0117ti mums ir b\u016bti ram\u016bs, kad visi \u012fmon\u0117s IT...","rttpg_featured_image_url":null,"rttpg_author":{"display_name":"elMeistrai","author_link":"https:\/\/elmeistrai.lt\/es\/author\/yipkxe\/"},"rttpg_comment":0,"rttpg_category":null,"rttpg_excerpt":"Visokeriopai pri\u017ei\u016brime \u012fmoni\u0173 IT \u016bk\u012f. U\u017e nedidel\u012f mokest\u012f visus klausimus galite patik\u0117ti mums ir b\u016bti ram\u016bs, kad visi \u012fmon\u0117s IT...","_links":{"self":[{"href":"https:\/\/elmeistrai.lt\/es\/wp-json\/wp\/v2\/pages\/1867","targetHints":{"allow":["GET"]}}],"collection":[{"href":"https:\/\/elmeistrai.lt\/es\/wp-json\/wp\/v2\/pages"}],"about":[{"href":"https:\/\/elmeistrai.lt\/es\/wp-json\/wp\/v2\/types\/page"}],"author":[{"embeddable":true,"href":"https:\/\/elmeistrai.lt\/es\/wp-json\/wp\/v2\/users\/1"}],"replies":[{"embeddable":true,"href":"https:\/\/elmeistrai.lt\/es\/wp-json\/wp\/v2\/comments?post=1867"}],"version-history":[{"count":4,"href":"https:\/\/elmeistrai.lt\/es\/wp-json\/wp\/v2\/pages\/1867\/revisions"}],"predecessor-version":[{"id":1874,"href":"https:\/\/elmeistrai.lt\/es\/wp-json\/wp\/v2\/pages\/1867\/revisions\/1874"}],"up":[{"embeddable":true,"href":"https:\/\/elmeistrai.lt\/es\/wp-json\/wp\/v2\/pages\/14"}],"wp:attachment":[{"href":"https:\/\/elmeistrai.lt\/es\/wp-json\/wp\/v2\/media?parent=1867"}],"curies":[{"name":"wp","href":"https:\/\/api.w.org\/{rel}","templated":true}]}}