{"id":1830,"date":"2022-09-28T19:06:21","date_gmt":"2022-09-28T21:06:21","guid":{"rendered":"https:\/\/elmeistrai.lt\/?page_id=1830"},"modified":"2023-03-09T18:38:02","modified_gmt":"2023-03-09T20:38:02","slug":"kompiuteriu-taisymo-kainorastis","status":"publish","type":"page","link":"https:\/\/elmeistrai.lt\/es\/kompiuteriu-remontas\/kompiuteriu-taisymo-kainorastis\/","title":{"rendered":"Lista de precios para reparaciones inform\u00e1ticas"},"content":{"rendered":"<ul class=\"wp-block-list\">\n<li>Diagn\u00f3stico - <strong>5 euros<\/strong><\/li>\n\n\n\n<li>Reparaciones de software (reparaciones del sistema operativo, eliminaci\u00f3n de virus, etc.). <strong>desde 20 euros<\/strong><\/li>\n\n\n\n<li>Preservar los datos durante las reparaciones de software - <strong>5 euros<\/strong><\/li>\n\n\n\n<li>Si necesita instalar el sistema operativo desde cero cuando la partici\u00f3n de recuperaci\u00f3n est\u00e1 da\u00f1ado - para el trabajo de software, la b\u00fasqueda de controladores, la instalaci\u00f3n de aplicaciones gratuitas adicionales -. <strong>5 euros<\/strong><\/li>\n\n\n\n<li>Eliminaci\u00f3n del polvo del sistema de refrigeraci\u00f3n sin sustituir los termopastos - <strong>a partir de 12 eur<\/strong><\/li>\n\n\n\n<li>Desempolvado del sistema de refrigeraci\u00f3n y sustituci\u00f3n de los termopastos - <strong>desde 18 euros<\/strong><\/li>\n\n\n\n<li>Manzana <strong>Reparaci\u00f3n de ordenadores MacBook<\/strong> Obras - <strong>a partir de 12 eur<\/strong><\/li>\n\n\n\n<li>Sustituci\u00f3n o reparaci\u00f3n de un enchufe - <strong>desde 18 euros<\/strong><\/li>\n\n\n\n<li>Sustituci\u00f3n de la pantalla - <strong>a partir de 12 eur<\/strong><\/li>\n\n\n\n<li>Sustituci\u00f3n de bisagras o soportes de pantalla - <strong>desde 18 euros<\/strong><\/li>\n\n\n\n<li>Cambiar el teclado - <strong>a partir de 10 eur<\/strong><\/li>\n\n\n\n<li>Reparaci\u00f3n o sustituci\u00f3n de la placa base, re-soldadura del chip de v\u00eddeo - <strong>desde 45<\/strong><\/li>\n\n\n\n<li>Reparar un ordenador desgastado - <strong>a partir de 25<\/strong><\/li>\n\n\n\n<li>Reparaci\u00f3n de cargadores - <strong>a partir de 12 eur<\/strong><\/li>\n\n\n\n<li>Emisi\u00f3n de un certificado de defectos para el seguro <strong>- 20 euros (cubiertos por el seguro)<\/strong><\/li>\n\n\n\n<li>Preparaci\u00f3n de un ordenador para una prisi\u00f3n y expedici\u00f3n de un certificado de trabajo realizado - <strong>a partir de 25<\/strong><\/li>\n<\/ul>\n\n\n\n<p>Los precios no incluyen el coste de las piezas, que se determinan sobre la marcha, tras desmontar el ordenador. Tras el diagn\u00f3stico gratuito, que realizaremos en el plazo de 1 d\u00eda, le facilitaremos una lista de aver\u00edas, precios y plazos. Las reparaciones suelen tardar entre 1 y 4 d\u00edas despu\u00e9s.<\/p>","protected":false},"excerpt":{"rendered":"<p>Los precios no incluyen el coste de las piezas, que se determinan sobre la marcha, despu\u00e9s de desmontar el ordenador. Despu\u00e9s de un diagn\u00f3stico gratuito en el plazo de 1 d\u00eda, le proporcionaremos...<\/p>","protected":false},"author":1,"featured_media":0,"parent":14,"menu_order":0,"comment_status":"closed","ping_status":"closed","template":"","meta":{"_uag_custom_page_level_css":"","footnotes":""},"class_list":["post-1830","page","type-page","status-publish","hentry"],"yoast_head":"<!-- This site is optimized with the Yoast SEO plugin v27.5 - https:\/\/yoast.com\/product\/yoast-seo-wordpress\/ -->\n<title>Kompiuteri\u0173 taisymo kainora\u0161tis Vilniuje, Kaune, Klaip\u0117doje, \u0160iauliuose<\/title>\n<meta name=\"robots\" content=\"index, follow, max-snippet:-1, max-image-preview:large, max-video-preview:-1\" \/>\n<link rel=\"canonical\" href=\"https:\/\/elmeistrai.lt\/es\/kompiuteriu-remontas\/kompiuteriu-taisymo-kainorastis\/\" \/>\n<meta property=\"og:locale\" content=\"es_ES\" \/>\n<meta property=\"og:type\" content=\"article\" \/>\n<meta property=\"og:title\" content=\"Kompiuteri\u0173 taisymo kainora\u0161tis Vilniuje, Kaune, Klaip\u0117doje, \u0160iauliuose\" \/>\n<meta property=\"og:description\" content=\"\u012e kainas ne\u012fskai\u010diuotos detali\u0173 kainos, kurios yra nustatotomos eigoje, i\u0161ard\u017eius kompiuter\u012f. Po nemokamos diagnostikos, kuri\u0105 atliksime per 1 d.d., pateiksime...\" \/>\n<meta property=\"og:url\" content=\"https:\/\/elmeistrai.lt\/es\/kompiuteriu-remontas\/kompiuteriu-taisymo-kainorastis\/\" \/>\n<meta property=\"og:site_name\" content=\"Vilniuje, Kaune, Klaip\u0117doje, \u0160iauliuose\" \/>\n<meta property=\"article:publisher\" content=\"https:\/\/www.facebook.com\/elmeistrai.lt\/\" \/>\n<meta property=\"article:modified_time\" content=\"2023-03-09T20:38:02+00:00\" \/>\n<meta name=\"twitter:card\" content=\"summary_large_image\" \/>\n<meta name=\"twitter:label1\" content=\"Tiempo de lectura\" \/>\n\t<meta name=\"twitter:data1\" content=\"1 minuto\" \/>\n<script type=\"application\/ld+json\" class=\"yoast-schema-graph\">{\"@context\":\"https:\\\/\\\/schema.org\",\"@graph\":[{\"@type\":\"NewsArticle\",\"@id\":\"https:\\\/\\\/elmeistrai.lt\\\/kompiuteriu-remontas\\\/kompiuteriu-taisymo-kainorastis\\\/#article\",\"isPartOf\":{\"@id\":\"https:\\\/\\\/elmeistrai.lt\\\/kompiuteriu-remontas\\\/kompiuteriu-taisymo-kainorastis\\\/\"},\"author\":{\"name\":\"elMeistrai\",\"@id\":\"https:\\\/\\\/elmeistrai.lt\\\/#\\\/schema\\\/person\\\/6363b621eb9606785f7f2ae9a52987f7\"},\"headline\":\"Kompiuteri\u0173 taisymo kainora\u0161tis\",\"datePublished\":\"2022-09-28T21:06:21+00:00\",\"dateModified\":\"2023-03-09T20:38:02+00:00\",\"mainEntityOfPage\":{\"@id\":\"https:\\\/\\\/elmeistrai.lt\\\/kompiuteriu-remontas\\\/kompiuteriu-taisymo-kainorastis\\\/\"},\"wordCount\":202,\"publisher\":{\"@id\":\"https:\\\/\\\/elmeistrai.lt\\\/#organization\"},\"inLanguage\":\"es\"},{\"@type\":[\"WebPage\",\"ItemPage\"],\"@id\":\"https:\\\/\\\/elmeistrai.lt\\\/kompiuteriu-remontas\\\/kompiuteriu-taisymo-kainorastis\\\/\",\"url\":\"https:\\\/\\\/elmeistrai.lt\\\/kompiuteriu-remontas\\\/kompiuteriu-taisymo-kainorastis\\\/\",\"name\":\"Kompiuteri\u0173 taisymo kainora\u0161tis Vilniuje, Kaune, Klaip\u0117doje, \u0160iauliuose\",\"isPartOf\":{\"@id\":\"https:\\\/\\\/elmeistrai.lt\\\/#website\"},\"datePublished\":\"2022-09-28T21:06:21+00:00\",\"dateModified\":\"2023-03-09T20:38:02+00:00\",\"breadcrumb\":{\"@id\":\"https:\\\/\\\/elmeistrai.lt\\\/kompiuteriu-remontas\\\/kompiuteriu-taisymo-kainorastis\\\/#breadcrumb\"},\"inLanguage\":\"es\",\"potentialAction\":[{\"@type\":\"ReadAction\",\"target\":[\"https:\\\/\\\/elmeistrai.lt\\\/kompiuteriu-remontas\\\/kompiuteriu-taisymo-kainorastis\\\/\"]}]},{\"@type\":\"BreadcrumbList\",\"@id\":\"https:\\\/\\\/elmeistrai.lt\\\/kompiuteriu-remontas\\\/kompiuteriu-taisymo-kainorastis\\\/#breadcrumb\",\"itemListElement\":[{\"@type\":\"ListItem\",\"position\":1,\"name\":\"Home\",\"item\":\"https:\\\/\\\/elmeistrai.lt\\\/\"},{\"@type\":\"ListItem\",\"position\":2,\"name\":\"Profesionalus kompiuteri\u0173 remontas Vilniuje, Kaune, Klaip\u0117doje ir \u0160iauliuose\",\"item\":\"https:\\\/\\\/elmeistrai.lt\\\/kompiuteriu-remontas\\\/\"},{\"@type\":\"ListItem\",\"position\":3,\"name\":\"Kompiuteri\u0173 taisymo kainora\u0161tis\"}]},{\"@type\":\"WebSite\",\"@id\":\"https:\\\/\\\/elmeistrai.lt\\\/#website\",\"url\":\"https:\\\/\\\/elmeistrai.lt\\\/\",\"name\":\"Vilniuje, Kaune, Klaip\u0117doje, \u0160iauliuose\",\"description\":\"Nam\u0173 ir verslo elektronikos prietais\u0173 remontas. Kase\u010di\u0173 pildymas.\",\"publisher\":{\"@id\":\"https:\\\/\\\/elmeistrai.lt\\\/#organization\"},\"potentialAction\":[{\"@type\":\"SearchAction\",\"target\":{\"@type\":\"EntryPoint\",\"urlTemplate\":\"https:\\\/\\\/elmeistrai.lt\\\/?s={search_term_string}\"},\"query-input\":{\"@type\":\"PropertyValueSpecification\",\"valueRequired\":true,\"valueName\":\"search_term_string\"}}],\"inLanguage\":\"es\"},{\"@type\":\"Organization\",\"@id\":\"https:\\\/\\\/elmeistrai.lt\\\/#organization\",\"name\":\"elMeistrai.lt\",\"alternateName\":\"Kavos aparat\u0173, paspirtuk\u0173, televizori\u0173, kompiuteri\u0173, telefon\u0173 ir kt. technikos remontas\",\"url\":\"https:\\\/\\\/elmeistrai.lt\\\/\",\"logo\":{\"@type\":\"ImageObject\",\"inLanguage\":\"es\",\"@id\":\"https:\\\/\\\/elmeistrai.lt\\\/#\\\/schema\\\/logo\\\/image\\\/\",\"url\":\"https:\\\/\\\/elmeistrai.lt\\\/wp-content\\\/uploads\\\/2022\\\/09\\\/elmeistrai_logo.jpg\",\"contentUrl\":\"https:\\\/\\\/elmeistrai.lt\\\/wp-content\\\/uploads\\\/2022\\\/09\\\/elmeistrai_logo.jpg\",\"width\":556,\"height\":143,\"caption\":\"elMeistrai.lt\"},\"image\":{\"@id\":\"https:\\\/\\\/elmeistrai.lt\\\/#\\\/schema\\\/logo\\\/image\\\/\"},\"sameAs\":[\"https:\\\/\\\/www.facebook.com\\\/elmeistrai.lt\\\/\"]},{\"@type\":\"Person\",\"@id\":\"https:\\\/\\\/elmeistrai.lt\\\/#\\\/schema\\\/person\\\/6363b621eb9606785f7f2ae9a52987f7\",\"name\":\"elMeistrai\",\"image\":{\"@type\":\"ImageObject\",\"inLanguage\":\"es\",\"@id\":\"https:\\\/\\\/secure.gravatar.com\\\/avatar\\\/052f2d9640381d6904c5c0676ac3cc3d7ad734def78df3657e571451cad9870d?s=96&d=mm&r=g\",\"url\":\"https:\\\/\\\/secure.gravatar.com\\\/avatar\\\/052f2d9640381d6904c5c0676ac3cc3d7ad734def78df3657e571451cad9870d?s=96&d=mm&r=g\",\"contentUrl\":\"https:\\\/\\\/secure.gravatar.com\\\/avatar\\\/052f2d9640381d6904c5c0676ac3cc3d7ad734def78df3657e571451cad9870d?s=96&d=mm&r=g\",\"caption\":\"elMeistrai\"},\"url\":\"https:\\\/\\\/elmeistrai.lt\\\/es\\\/author\\\/yipkxe\\\/\"}]}<\/script>\n<!-- \/ Yoast SEO plugin. -->","yoast_head_json":{"title":"Lista de precios de reparaci\u00f3n de ordenadores en Vilnius, Kaunas, Klaip\u0117da, \u0160iauliai.","robots":{"index":"index","follow":"follow","max-snippet":"max-snippet:-1","max-image-preview":"max-image-preview:large","max-video-preview":"max-video-preview:-1"},"canonical":"https:\/\/elmeistrai.lt\/es\/kompiuteriu-remontas\/kompiuteriu-taisymo-kainorastis\/","og_locale":"es_ES","og_type":"article","og_title":"Kompiuteri\u0173 taisymo kainora\u0161tis Vilniuje, Kaune, Klaip\u0117doje, \u0160iauliuose","og_description":"\u012e kainas ne\u012fskai\u010diuotos detali\u0173 kainos, kurios yra nustatotomos eigoje, i\u0161ard\u017eius kompiuter\u012f. Po nemokamos diagnostikos, kuri\u0105 atliksime per 1 d.d., pateiksime...","og_url":"https:\/\/elmeistrai.lt\/es\/kompiuteriu-remontas\/kompiuteriu-taisymo-kainorastis\/","og_site_name":"Vilniuje, Kaune, Klaip\u0117doje, \u0160iauliuose","article_publisher":"https:\/\/www.facebook.com\/elmeistrai.lt\/","article_modified_time":"2023-03-09T20:38:02+00:00","twitter_card":"summary_large_image","twitter_misc":{"Tiempo de lectura":"1 minuto"},"schema":{"@context":"https:\/\/schema.org","@graph":[{"@type":"NewsArticle","@id":"https:\/\/elmeistrai.lt\/kompiuteriu-remontas\/kompiuteriu-taisymo-kainorastis\/#article","isPartOf":{"@id":"https:\/\/elmeistrai.lt\/kompiuteriu-remontas\/kompiuteriu-taisymo-kainorastis\/"},"author":{"name":"elMeistrai","@id":"https:\/\/elmeistrai.lt\/#\/schema\/person\/6363b621eb9606785f7f2ae9a52987f7"},"headline":"Kompiuteri\u0173 taisymo kainora\u0161tis","datePublished":"2022-09-28T21:06:21+00:00","dateModified":"2023-03-09T20:38:02+00:00","mainEntityOfPage":{"@id":"https:\/\/elmeistrai.lt\/kompiuteriu-remontas\/kompiuteriu-taisymo-kainorastis\/"},"wordCount":202,"publisher":{"@id":"https:\/\/elmeistrai.lt\/#organization"},"inLanguage":"es"},{"@type":["WebPage","ItemPage"],"@id":"https:\/\/elmeistrai.lt\/kompiuteriu-remontas\/kompiuteriu-taisymo-kainorastis\/","url":"https:\/\/elmeistrai.lt\/kompiuteriu-remontas\/kompiuteriu-taisymo-kainorastis\/","name":"Lista de precios de reparaci\u00f3n de ordenadores en Vilnius, Kaunas, Klaip\u0117da, \u0160iauliai.","isPartOf":{"@id":"https:\/\/elmeistrai.lt\/#website"},"datePublished":"2022-09-28T21:06:21+00:00","dateModified":"2023-03-09T20:38:02+00:00","breadcrumb":{"@id":"https:\/\/elmeistrai.lt\/kompiuteriu-remontas\/kompiuteriu-taisymo-kainorastis\/#breadcrumb"},"inLanguage":"es","potentialAction":[{"@type":"ReadAction","target":["https:\/\/elmeistrai.lt\/kompiuteriu-remontas\/kompiuteriu-taisymo-kainorastis\/"]}]},{"@type":"BreadcrumbList","@id":"https:\/\/elmeistrai.lt\/kompiuteriu-remontas\/kompiuteriu-taisymo-kainorastis\/#breadcrumb","itemListElement":[{"@type":"ListItem","position":1,"name":"Home","item":"https:\/\/elmeistrai.lt\/"},{"@type":"ListItem","position":2,"name":"Profesionalus kompiuteri\u0173 remontas Vilniuje, Kaune, Klaip\u0117doje ir \u0160iauliuose","item":"https:\/\/elmeistrai.lt\/kompiuteriu-remontas\/"},{"@type":"ListItem","position":3,"name":"Kompiuteri\u0173 taisymo kainora\u0161tis"}]},{"@type":"WebSite","@id":"https:\/\/elmeistrai.lt\/#website","url":"https:\/\/elmeistrai.lt\/","name":"Vilnius, Kaunas, Klaip\u0117da, \u0160iauliai","description":"Reparaci\u00f3n de electr\u00f3nica dom\u00e9stica y empresarial. Recarga de cartuchos.","publisher":{"@id":"https:\/\/elmeistrai.lt\/#organization"},"potentialAction":[{"@type":"SearchAction","target":{"@type":"EntryPoint","urlTemplate":"https:\/\/elmeistrai.lt\/?s={search_term_string}"},"query-input":{"@type":"PropertyValueSpecification","valueRequired":true,"valueName":"search_term_string"}}],"inLanguage":"es"},{"@type":"Organization","@id":"https:\/\/elmeistrai.lt\/#organization","name":"elMeistrai.lt","alternateName":"Kavos aparat\u0173, paspirtuk\u0173, televizori\u0173, kompiuteri\u0173, telefon\u0173 ir kt. technikos remontas","url":"https:\/\/elmeistrai.lt\/","logo":{"@type":"ImageObject","inLanguage":"es","@id":"https:\/\/elmeistrai.lt\/#\/schema\/logo\/image\/","url":"https:\/\/elmeistrai.lt\/wp-content\/uploads\/2022\/09\/elmeistrai_logo.jpg","contentUrl":"https:\/\/elmeistrai.lt\/wp-content\/uploads\/2022\/09\/elmeistrai_logo.jpg","width":556,"height":143,"caption":"elMeistrai.lt"},"image":{"@id":"https:\/\/elmeistrai.lt\/#\/schema\/logo\/image\/"},"sameAs":["https:\/\/www.facebook.com\/elmeistrai.lt\/"]},{"@type":"Person","@id":"https:\/\/elmeistrai.lt\/#\/schema\/person\/6363b621eb9606785f7f2ae9a52987f7","name":"elMeistrai","image":{"@type":"ImageObject","inLanguage":"es","@id":"https:\/\/secure.gravatar.com\/avatar\/052f2d9640381d6904c5c0676ac3cc3d7ad734def78df3657e571451cad9870d?s=96&d=mm&r=g","url":"https:\/\/secure.gravatar.com\/avatar\/052f2d9640381d6904c5c0676ac3cc3d7ad734def78df3657e571451cad9870d?s=96&d=mm&r=g","contentUrl":"https:\/\/secure.gravatar.com\/avatar\/052f2d9640381d6904c5c0676ac3cc3d7ad734def78df3657e571451cad9870d?s=96&d=mm&r=g","caption":"elMeistrai"},"url":"https:\/\/elmeistrai.lt\/es\/author\/yipkxe\/"}]}},"uagb_featured_image_src":{"full":false,"thumbnail":false,"medium":false,"medium_large":false,"large":false,"1536x1536":false,"2048x2048":false,"trp-custom-language-flag":false,"writemag-1218w-autoh-image":false,"writemag-675w-autoh-image":false,"writemag-100w-100h-image":false},"uagb_author_info":{"display_name":"elMeistrai","author_link":"https:\/\/elmeistrai.lt\/es\/author\/yipkxe\/"},"uagb_comment_info":0,"uagb_excerpt":"\u012e kainas ne\u012fskai\u010diuotos detali\u0173 kainos, kurios yra nustatotomos eigoje, i\u0161ard\u017eius kompiuter\u012f. Po nemokamos diagnostikos, kuri\u0105 atliksime per 1 d.d., pateiksime...","rttpg_featured_image_url":null,"rttpg_author":{"display_name":"elMeistrai","author_link":"https:\/\/elmeistrai.lt\/es\/author\/yipkxe\/"},"rttpg_comment":0,"rttpg_category":null,"rttpg_excerpt":"\u012e kainas ne\u012fskai\u010diuotos detali\u0173 kainos, kurios yra nustatotomos eigoje, i\u0161ard\u017eius kompiuter\u012f. Po nemokamos diagnostikos, kuri\u0105 atliksime per 1 d.d., pateiksime...","_links":{"self":[{"href":"https:\/\/elmeistrai.lt\/es\/wp-json\/wp\/v2\/pages\/1830","targetHints":{"allow":["GET"]}}],"collection":[{"href":"https:\/\/elmeistrai.lt\/es\/wp-json\/wp\/v2\/pages"}],"about":[{"href":"https:\/\/elmeistrai.lt\/es\/wp-json\/wp\/v2\/types\/page"}],"author":[{"embeddable":true,"href":"https:\/\/elmeistrai.lt\/es\/wp-json\/wp\/v2\/users\/1"}],"replies":[{"embeddable":true,"href":"https:\/\/elmeistrai.lt\/es\/wp-json\/wp\/v2\/comments?post=1830"}],"version-history":[{"count":5,"href":"https:\/\/elmeistrai.lt\/es\/wp-json\/wp\/v2\/pages\/1830\/revisions"}],"predecessor-version":[{"id":2271,"href":"https:\/\/elmeistrai.lt\/es\/wp-json\/wp\/v2\/pages\/1830\/revisions\/2271"}],"up":[{"embeddable":true,"href":"https:\/\/elmeistrai.lt\/es\/wp-json\/wp\/v2\/pages\/14"}],"wp:attachment":[{"href":"https:\/\/elmeistrai.lt\/es\/wp-json\/wp\/v2\/media?parent=1830"}],"curies":[{"name":"wp","href":"https:\/\/api.w.org\/{rel}","templated":true}]}}