{"id":813,"date":"2019-04-04T10:23:35","date_gmt":"2019-04-04T12:23:35","guid":{"rendered":"https:\/\/elmeistrai.lt\/?page_id=813"},"modified":"2022-04-09T19:58:38","modified_gmt":"2022-04-09T21:58:38","slug":"volvo-navigacija","status":"publish","type":"page","link":"https:\/\/elmeistrai.lt\/en\/volvo-navigacija\/","title":{"rendered":"Volvo Navigation"},"content":{"rendered":"<h2 class=\"wp-block-heading\">VOLVO navigation maps for Lithuania and Europe for RTI MMM2 systems with DVD <\/h2>\n\n\n\n<div class=\"wp-block-image\"><figure class=\"alignright\"><img loading=\"lazy\" decoding=\"async\" width=\"150\" height=\"110\" src=\"https:\/\/elmeistrai.lt\/wp-content\/uploads\/2019\/04\/RTI-MMM2-volvo-navigacija-150x110.jpg\" alt=\"\" class=\"wp-image-814\" srcset=\"https:\/\/elmeistrai.lt\/wp-content\/uploads\/2019\/04\/RTI-MMM2-volvo-navigacija-150x110.jpg 150w, https:\/\/elmeistrai.lt\/wp-content\/uploads\/2019\/04\/RTI-MMM2-volvo-navigacija.jpg 151w\" sizes=\"auto, (max-width: 150px) 100vw, 150px\" \/><\/figure><\/div>\n\n\n\n<p><strong>1. Navigation disc with maps:<\/strong><br>Austria, Belgium, Switzerland, Czech Republic, Germany, Denmark, Spain, France, Finland, Liechtenstein, Italy, Ireland, Luxembourg, Monaco, Norway, Netherlands, Portugal, San Marino, Sweden, United Kingdom, Vatican City.<br><strong>2. Navigation disc with maps:<\/strong><br>Andorra, France, Ireland, Monaco, Portugal, Spain, United Kingdom.<br><strong>3. Navigation disc with maps:<\/strong><br>Albania, Austria, Belarus, Bosnia and Herzegovina, Bulgaria, Croatia, Czech Republic, Estonia, Germany, Greece, Hungary, Latvia,  <strong>Lithuania (detailed)<\/strong>, Macedonia, Moldova, Montenegro, Poland, Romania, Serbia, Slovakia, Slovenia, Turkey, Ukraine.<br><br><strong>Suitability:<\/strong> <br><em>Volvo S80 2007 - 2011 <\/em><br><em>Volvo V70 vid. 2008 - 2011<br> Volvo XC60 2009 - 2010<br> Volvo XC70 vid. 2008 - 2011<\/em><br> <br><strong>1 year warranty | Latest maps | Best price | Vilnius, Kaunas, Klaipeda<\/strong><\/p>\n\n\n\n<hr class=\"wp-block-separator\"\/>\n\n\n\n<h2 class=\"wp-block-heading\">VOLVO navigation maps for Lithuania and Europe for RTI MMM+ systems with HDD <\/h2>\n\n\n\n<div class=\"wp-block-image\"><figure class=\"alignright\"><img loading=\"lazy\" decoding=\"async\" width=\"150\" height=\"112\" src=\"https:\/\/elmeistrai.lt\/wp-content\/uploads\/2019\/04\/RTI-MMMvolvo-navigacija-150x112.jpg\" alt=\"\" class=\"wp-image-819\"\/><\/figure><\/div>\n\n\n<p><strong>Navigation discs with maps 2pcs:<\/strong><br>Ireland, Albania, Andorra, Austria, Belgium, Bosnia and Herzegovina, Bulgaria, Czech Republic, Denmark, Great Britain, Estonia, Gibraltar, Greece, Spain, Italy, Montenegro, Croatia, Latvia, <strong>Lithuania (detailed)<\/strong>, Liechtenstein, Luxembourg, Poland, Macedonia, Monaco, Norway, Netherlands, Portugal, France, Romania, San Marino, Serbia, Slovakia, Slovenia, Finland, France, Germany, Hungary, Sweden, Switzerland, Vatican City, Vatican City. <\/p>\n<p><strong>Suitability:<\/strong><br><em>Volvo C30 2008 - 2012 <\/em><br><em>Volvo C70 2008 - 2013<br>Volvo S40 2008 - 2011<br>Volvo V50 2008 - 2011<br>Volvo XC90 2007 - 2014<\/em><\/p>\n<p><strong>Additional information:<\/strong><br>The upgrade is carried out by the customer. The procedure can be carried out on the move or stationary (make sure the battery is good) and takes about 180 minutes. Upgrading procedure: <br>1. Inserting the disc 1. The update takes about 120 minutes.<br>2. Inserting the disc 2. The update takes about 60 minutes.<br>Insert disc 1 and leave.<\/p>\n<p><strong>1 year warranty | Latest maps | Best price | Vilnius, Kaunas, Klaipeda<\/strong><\/p>\n<hr>\n\n\n<h2 class=\"wp-block-heading\">VOLVO navigation maps for Lithuania and Europe for RTI MMM P2001 systems with DVD <\/h2>\n\n\n\n<div class=\"wp-block-image\"><figure class=\"alignright\"><img loading=\"lazy\" decoding=\"async\" width=\"150\" height=\"113\" src=\"https:\/\/elmeistrai.lt\/wp-content\/uploads\/2019\/04\/RTI-MMM-P2001-volvo-navigacija-150x113.jpg\" alt=\"\" class=\"wp-image-822\"\/><\/figure><\/div>\n\n\n<p><strong>1. Navigation disc with maps: <\/strong><br>Andorra, Ireland, Belgium, Gibraltar, France, Iceland, Liechtenstein, Luxembourg, Monaco, the Netherlands, Portugal, Spain, Switzerland, the United Kingdom. <br><strong>2. Navigation disc with maps:<\/strong><br>Andorra, Austria, Belgium, France, Germany, Italy, Liechtenstein, Luxembourg, Monaco, Netherlands, San Marino, Switzerland, Vatican City, Vatican City. <br><strong>3. Navigation disc with maps: <\/strong><br>Austria, Czech Republic, Denmark, Greece, Italy, Croatia, <strong>Poland<\/strong>Liechtenstein, Norway, San Marino, Slovakia, Slovenia, Finland, Sweden, Switzerland, Vatican City, Hungary, Germany.<\/p>\n<p><strong>Suitability:<\/strong><br><em>Volvo C30 2007 <\/em><br><em>Volvo C70 2006 - 2007<br>Volvo S40 2004 - 2007<br>Volvo V50 2004 - 2007<br>Volvo S60 vid. 2002 - 2009<br>Volvo S80 vid. 2002 - 2006<br>Volvo V70 vid. 2002 - 2007<br>Volvo XC70 vid. 2002 - 2007<br>Volvo XC90 vid. 2003 - 2006<\/em><\/p>\n<p><strong>1 year warranty | Latest maps | Best price | Vilnius, Kaunas, Klaipeda<\/strong><\/p>\n<hr>\n\n\n<h2 class=\"wp-block-heading\">VOLVO navigation maps for Lithuania and Europe for IAM 2.1 systems with HDD <\/h2>\n\n\n\n<div class=\"wp-block-image\"><figure class=\"alignright\"><img loading=\"lazy\" decoding=\"async\" width=\"74\" height=\"122\" src=\"https:\/\/elmeistrai.lt\/wp-content\/uploads\/2019\/04\/IAM-2.1-volvo-navigacija.jpg\" alt=\"\" class=\"wp-image-825\"\/><\/figure><\/div>\n\n\n<p><strong>Updating navigation maps:<br><\/strong>Albania, Andorra, Austria, Belgium, Bosnia and Herzegovina, Bulgaria, Croatia, Czech Republic, Denmark, Estonia, Finland, France, Germany, Greece, Hungary, Ireland, Ireland, Gibraltar, Italy, Montenegro, Latvia, Lithuania (detailed), Liechtenstein, Luxembourg, Poland, Macedonia, Monaco, Norway, Netherlands, Portugal, Romania, San Marino, Serbia, Slovakia, Slovenia, Spain, Sweden, Switzerland, Vatican City<strong>.<\/strong><\/p>\n<p><strong>Suitability:<\/strong><br><em>Volvo S60 2011 - 2013 <\/em><br><em>Volvo S80 2012 - 2014<br>Volvo V40 2013 - 2014<br>Volvo V60 2011 - 2013<br>Volvo V70 2012 - 2014<br>Volvo XC60 2011 - 2013<br>Volvo XC70 2012 - 2014<\/em><\/p>\n<p><strong>1 year warranty | Latest maps | Best price | Vilnius, Kaunas, Klaipeda<\/strong><\/p>\n<hr>\n\n\n<h2 class=\"wp-block-heading\">VOLVO navigation maps for Lithuania and Europe for SENSUS CONNECTED TOUCH IGO with SD <\/h2>\n\n\n\n<div class=\"wp-block-image\"><figure class=\"alignright\"><img loading=\"lazy\" decoding=\"async\" width=\"150\" height=\"107\" src=\"https:\/\/elmeistrai.lt\/wp-content\/uploads\/2019\/04\/SENSUS-CONNECTED-TOUCH-IGO-volvo-navigacija-150x107.jpg\" alt=\"\" class=\"wp-image-828\"\/><\/figure><\/div>\n\n\n<p><strong>Updating navigation maps:<br><\/strong>Andorra, Austria, Belgium, Denmark, Finland, France, Germany, Gibraltar, Ireland, Italy, Kazakhstan, Liechtenstein, Luxembourg, Norway, Portugal, San Marino, Spain, Switzerland, Sweden, United Kingdom, Vatican City, United Kingdom, Albania, Belarus, Bosnia and Herzegovina, Bulgaria, Croatia, Czech Republic, Estonia, Greece, Hungary, Kosovo, Latvia, Lithuania (detailed), Macedonia, Moldova, Montenegro, Poland, Romania, Serbia, Slovakia, Slovenia, Ukraine, Russia.<\/p>\n<p><strong>Suitability:<\/strong><br><em>Volvo S60 2011 - 2014 <\/em><br><em>Volvo V60 2011 - 2014<br>Volvo S80 2012 - 2014<br>Volvo V40 2013 - 2014<br>Volvo V40 Cross Country 2013 - 2014<br>Volvo V70 2012 - 2014<br>Volvo XC60 2011 - 2014<br>Volvo XC70 2012 - 2014<\/em><\/p>\n<p><strong>1 year warranty | Latest maps | Best price | Vilnius, Kaunas, Klaipeda<\/strong><\/p>\n<hr>\n\n\n<h2 class=\"wp-block-heading\">VOLVO navigation maps for Lithuania and Europe for SENSUS CONNECT MCA - SPA with HDD  <\/h2>\n\n\n\n<p><strong>Updating navigation maps:<\/strong><br>Andorra, Austria, Belgium, Denmark, Finland, France, Germany, Gibraltar, Ireland, Italy, Kazakhstan, Liechtenstein, Luxembourg, Norway, Portugal, San Marino, Spain, Switzerland, Sweden, United Kingdom, Vatican City, Albania, Belarus, Bosnia and Herzegovina, Bulgaria, Croatia, Czech Republic, Estonia, Finland, Greece, Hungary, Kosovo, Latvia, United Kingdom, Vatican City,<strong> Lithuania (detailed)<\/strong>Macedonia, Moldova, Montenegro, Poland, Romania, Serbia, Slovakia, Slovenia, Ukraine, Russia.<br><br><strong>Suitability:<\/strong> <br><em>Volvo S60 from 2014 <\/em><br><em>Volvo S90 from 2017<br>Volvo V90 from 2017<br>Volvo V60 from 2014<br>Volvo XC60 from 2014<br>Volvo XC90 from 2016<\/em><br><br><strong>1 year warranty | Latest maps | Best price | Vilnius, Kaunas, Klaipeda<\/strong> <\/p>","protected":false},"excerpt":{"rendered":"<p>VOLVO navigation maps for Lithuania and Europe for RTI MMM2 systems with DVD 1. Navigation disc with maps of:Austria, Belgium, Switzerland, Czech Republic, Germany,...<\/p>","protected":false},"author":1,"featured_media":0,"parent":0,"menu_order":0,"comment_status":"closed","ping_status":"closed","template":"","meta":{"_uag_custom_page_level_css":"","footnotes":""},"class_list":["post-813","page","type-page","status-publish","hentry"],"yoast_head":"<!-- This site is optimized with the Yoast SEO plugin v27.3 - https:\/\/yoast.com\/product\/yoast-seo-wordpress\/ -->\n<title>Volvo navigacija Vilniuje, Kaune, Klaip\u0117doje, \u0160iauliuose<\/title>\n<meta name=\"description\" content=\"VOLVO navigacijos Lietuvos ir Europos naujausi\u0173 \u017eem\u0117lapi\u0173 atnaujinimas - Vilniuje, Kaune, Klaip\u0117doje.\" \/>\n<meta name=\"robots\" content=\"index, follow, max-snippet:-1, max-image-preview:large, max-video-preview:-1\" \/>\n<link rel=\"canonical\" href=\"https:\/\/elmeistrai.lt\/en\/volvo-navigacija\/\" \/>\n<meta property=\"og:locale\" content=\"en_US\" \/>\n<meta property=\"og:type\" content=\"article\" \/>\n<meta property=\"og:title\" content=\"Volvo navigacija Vilniuje, Kaune, Klaip\u0117doje, \u0160iauliuose\" \/>\n<meta property=\"og:description\" content=\"VOLVO navigacijos Lietuvos ir Europos naujausi\u0173 \u017eem\u0117lapi\u0173 atnaujinimas - Vilniuje, Kaune, Klaip\u0117doje.\" \/>\n<meta property=\"og:url\" content=\"https:\/\/elmeistrai.lt\/en\/volvo-navigacija\/\" \/>\n<meta property=\"og:site_name\" content=\"Vilniuje, Kaune, Klaip\u0117doje, \u0160iauliuose\" \/>\n<meta property=\"article:publisher\" content=\"https:\/\/www.facebook.com\/elmeistrai.lt\/\" \/>\n<meta property=\"article:modified_time\" content=\"2022-04-09T21:58:38+00:00\" \/>\n<meta property=\"og:image\" content=\"https:\/\/elmeistrai.lt\/wp-content\/uploads\/2019\/04\/RTI-MMM2-volvo-navigacija-150x110.jpg\" \/>\n<meta name=\"twitter:card\" content=\"summary_large_image\" \/>\n<meta name=\"twitter:label1\" content=\"Est. reading time\" \/>\n\t<meta name=\"twitter:data1\" content=\"6 minutes\" \/>\n<script type=\"application\/ld+json\" class=\"yoast-schema-graph\">{\"@context\":\"https:\\\/\\\/schema.org\",\"@graph\":[{\"@type\":\"NewsArticle\",\"@id\":\"https:\\\/\\\/elmeistrai.lt\\\/pl\\\/volvo-navigacija\\\/#article\",\"isPartOf\":{\"@id\":\"https:\\\/\\\/elmeistrai.lt\\\/pl\\\/volvo-navigacija\\\/\"},\"author\":{\"name\":\"elMeistrai\",\"@id\":\"https:\\\/\\\/elmeistrai.lt\\\/#\\\/schema\\\/person\\\/6363b621eb9606785f7f2ae9a52987f7\"},\"headline\":\"Volvo navigacija\",\"datePublished\":\"2019-04-04T12:23:35+00:00\",\"dateModified\":\"2022-04-09T21:58:38+00:00\",\"mainEntityOfPage\":{\"@id\":\"https:\\\/\\\/elmeistrai.lt\\\/pl\\\/volvo-navigacija\\\/\"},\"wordCount\":729,\"publisher\":{\"@id\":\"https:\\\/\\\/elmeistrai.lt\\\/#organization\"},\"image\":{\"@id\":\"https:\\\/\\\/elmeistrai.lt\\\/pl\\\/volvo-navigacija\\\/#primaryimage\"},\"thumbnailUrl\":\"https:\\\/\\\/elmeistrai.lt\\\/wp-content\\\/uploads\\\/2019\\\/04\\\/RTI-MMM2-volvo-navigacija-150x110.jpg\",\"inLanguage\":\"en-US\"},{\"@type\":[\"WebPage\",\"ItemPage\"],\"@id\":\"https:\\\/\\\/elmeistrai.lt\\\/pl\\\/volvo-navigacija\\\/\",\"url\":\"https:\\\/\\\/elmeistrai.lt\\\/pl\\\/volvo-navigacija\\\/\",\"name\":\"Volvo navigacija Vilniuje, Kaune, Klaip\u0117doje, \u0160iauliuose\",\"isPartOf\":{\"@id\":\"https:\\\/\\\/elmeistrai.lt\\\/#website\"},\"primaryImageOfPage\":{\"@id\":\"https:\\\/\\\/elmeistrai.lt\\\/pl\\\/volvo-navigacija\\\/#primaryimage\"},\"image\":{\"@id\":\"https:\\\/\\\/elmeistrai.lt\\\/pl\\\/volvo-navigacija\\\/#primaryimage\"},\"thumbnailUrl\":\"https:\\\/\\\/elmeistrai.lt\\\/wp-content\\\/uploads\\\/2019\\\/04\\\/RTI-MMM2-volvo-navigacija-150x110.jpg\",\"datePublished\":\"2019-04-04T12:23:35+00:00\",\"dateModified\":\"2022-04-09T21:58:38+00:00\",\"description\":\"VOLVO navigacijos Lietuvos ir Europos naujausi\u0173 \u017eem\u0117lapi\u0173 atnaujinimas - Vilniuje, Kaune, Klaip\u0117doje.\",\"breadcrumb\":{\"@id\":\"https:\\\/\\\/elmeistrai.lt\\\/pl\\\/volvo-navigacija\\\/#breadcrumb\"},\"inLanguage\":\"en-US\",\"potentialAction\":[{\"@type\":\"ReadAction\",\"target\":[\"https:\\\/\\\/elmeistrai.lt\\\/pl\\\/volvo-navigacija\\\/\"]}]},{\"@type\":\"ImageObject\",\"inLanguage\":\"en-US\",\"@id\":\"https:\\\/\\\/elmeistrai.lt\\\/pl\\\/volvo-navigacija\\\/#primaryimage\",\"url\":\"https:\\\/\\\/elmeistrai.lt\\\/wp-content\\\/uploads\\\/2019\\\/04\\\/RTI-MMM2-volvo-navigacija-150x110.jpg\",\"contentUrl\":\"https:\\\/\\\/elmeistrai.lt\\\/wp-content\\\/uploads\\\/2019\\\/04\\\/RTI-MMM2-volvo-navigacija-150x110.jpg\"},{\"@type\":\"BreadcrumbList\",\"@id\":\"https:\\\/\\\/elmeistrai.lt\\\/pl\\\/volvo-navigacija\\\/#breadcrumb\",\"itemListElement\":[{\"@type\":\"ListItem\",\"position\":1,\"name\":\"Home\",\"item\":\"https:\\\/\\\/elmeistrai.lt\\\/\"},{\"@type\":\"ListItem\",\"position\":2,\"name\":\"Volvo navigacija\"}]},{\"@type\":\"WebSite\",\"@id\":\"https:\\\/\\\/elmeistrai.lt\\\/#website\",\"url\":\"https:\\\/\\\/elmeistrai.lt\\\/\",\"name\":\"Vilniuje, Kaune, Klaip\u0117doje, \u0160iauliuose\",\"description\":\"Nam\u0173 ir verslo elektronikos prietais\u0173 remontas. Kase\u010di\u0173 pildymas.\",\"publisher\":{\"@id\":\"https:\\\/\\\/elmeistrai.lt\\\/#organization\"},\"potentialAction\":[{\"@type\":\"SearchAction\",\"target\":{\"@type\":\"EntryPoint\",\"urlTemplate\":\"https:\\\/\\\/elmeistrai.lt\\\/?s={search_term_string}\"},\"query-input\":{\"@type\":\"PropertyValueSpecification\",\"valueRequired\":true,\"valueName\":\"search_term_string\"}}],\"inLanguage\":\"en-US\"},{\"@type\":\"Organization\",\"@id\":\"https:\\\/\\\/elmeistrai.lt\\\/#organization\",\"name\":\"elMeistrai.lt\",\"alternateName\":\"Kavos aparat\u0173, paspirtuk\u0173, televizori\u0173, kompiuteri\u0173, telefon\u0173 ir kt. technikos remontas\",\"url\":\"https:\\\/\\\/elmeistrai.lt\\\/\",\"logo\":{\"@type\":\"ImageObject\",\"inLanguage\":\"en-US\",\"@id\":\"https:\\\/\\\/elmeistrai.lt\\\/#\\\/schema\\\/logo\\\/image\\\/\",\"url\":\"https:\\\/\\\/elmeistrai.lt\\\/wp-content\\\/uploads\\\/2022\\\/09\\\/elmeistrai_logo.jpg\",\"contentUrl\":\"https:\\\/\\\/elmeistrai.lt\\\/wp-content\\\/uploads\\\/2022\\\/09\\\/elmeistrai_logo.jpg\",\"width\":556,\"height\":143,\"caption\":\"elMeistrai.lt\"},\"image\":{\"@id\":\"https:\\\/\\\/elmeistrai.lt\\\/#\\\/schema\\\/logo\\\/image\\\/\"},\"sameAs\":[\"https:\\\/\\\/www.facebook.com\\\/elmeistrai.lt\\\/\"]},{\"@type\":\"Person\",\"@id\":\"https:\\\/\\\/elmeistrai.lt\\\/#\\\/schema\\\/person\\\/6363b621eb9606785f7f2ae9a52987f7\",\"name\":\"elMeistrai\",\"image\":{\"@type\":\"ImageObject\",\"inLanguage\":\"en-US\",\"@id\":\"https:\\\/\\\/secure.gravatar.com\\\/avatar\\\/052f2d9640381d6904c5c0676ac3cc3d7ad734def78df3657e571451cad9870d?s=96&d=mm&r=g\",\"url\":\"https:\\\/\\\/secure.gravatar.com\\\/avatar\\\/052f2d9640381d6904c5c0676ac3cc3d7ad734def78df3657e571451cad9870d?s=96&d=mm&r=g\",\"contentUrl\":\"https:\\\/\\\/secure.gravatar.com\\\/avatar\\\/052f2d9640381d6904c5c0676ac3cc3d7ad734def78df3657e571451cad9870d?s=96&d=mm&r=g\",\"caption\":\"elMeistrai\"},\"url\":\"https:\\\/\\\/elmeistrai.lt\\\/en\\\/author\\\/yipkxe\\\/\"}]}<\/script>\n<!-- \/ Yoast SEO plugin. -->","yoast_head_json":{"title":"Volvo navigacija Vilniuje, Kaune, Klaip\u0117doje, \u0160iauliuose","description":"Updating the latest VOLVO navigation maps for Lithuania and Europe - Vilnius, Kaunas, Klaip\u0117da.","robots":{"index":"index","follow":"follow","max-snippet":"max-snippet:-1","max-image-preview":"max-image-preview:large","max-video-preview":"max-video-preview:-1"},"canonical":"https:\/\/elmeistrai.lt\/en\/volvo-navigacija\/","og_locale":"en_US","og_type":"article","og_title":"Volvo navigacija Vilniuje, Kaune, Klaip\u0117doje, \u0160iauliuose","og_description":"VOLVO navigacijos Lietuvos ir Europos naujausi\u0173 \u017eem\u0117lapi\u0173 atnaujinimas - Vilniuje, Kaune, Klaip\u0117doje.","og_url":"https:\/\/elmeistrai.lt\/en\/volvo-navigacija\/","og_site_name":"Vilniuje, Kaune, Klaip\u0117doje, \u0160iauliuose","article_publisher":"https:\/\/www.facebook.com\/elmeistrai.lt\/","article_modified_time":"2022-04-09T21:58:38+00:00","og_image":[{"url":"https:\/\/elmeistrai.lt\/wp-content\/uploads\/2019\/04\/RTI-MMM2-volvo-navigacija-150x110.jpg","type":"","width":"","height":""}],"twitter_card":"summary_large_image","twitter_misc":{"Est. reading time":"6 minutes"},"schema":{"@context":"https:\/\/schema.org","@graph":[{"@type":"NewsArticle","@id":"https:\/\/elmeistrai.lt\/pl\/volvo-navigacija\/#article","isPartOf":{"@id":"https:\/\/elmeistrai.lt\/pl\/volvo-navigacija\/"},"author":{"name":"elMeistrai","@id":"https:\/\/elmeistrai.lt\/#\/schema\/person\/6363b621eb9606785f7f2ae9a52987f7"},"headline":"Volvo navigacija","datePublished":"2019-04-04T12:23:35+00:00","dateModified":"2022-04-09T21:58:38+00:00","mainEntityOfPage":{"@id":"https:\/\/elmeistrai.lt\/pl\/volvo-navigacija\/"},"wordCount":729,"publisher":{"@id":"https:\/\/elmeistrai.lt\/#organization"},"image":{"@id":"https:\/\/elmeistrai.lt\/pl\/volvo-navigacija\/#primaryimage"},"thumbnailUrl":"https:\/\/elmeistrai.lt\/wp-content\/uploads\/2019\/04\/RTI-MMM2-volvo-navigacija-150x110.jpg","inLanguage":"en-US"},{"@type":["WebPage","ItemPage"],"@id":"https:\/\/elmeistrai.lt\/pl\/volvo-navigacija\/","url":"https:\/\/elmeistrai.lt\/pl\/volvo-navigacija\/","name":"Volvo navigacija Vilniuje, Kaune, Klaip\u0117doje, \u0160iauliuose","isPartOf":{"@id":"https:\/\/elmeistrai.lt\/#website"},"primaryImageOfPage":{"@id":"https:\/\/elmeistrai.lt\/pl\/volvo-navigacija\/#primaryimage"},"image":{"@id":"https:\/\/elmeistrai.lt\/pl\/volvo-navigacija\/#primaryimage"},"thumbnailUrl":"https:\/\/elmeistrai.lt\/wp-content\/uploads\/2019\/04\/RTI-MMM2-volvo-navigacija-150x110.jpg","datePublished":"2019-04-04T12:23:35+00:00","dateModified":"2022-04-09T21:58:38+00:00","description":"Updating the latest VOLVO navigation maps for Lithuania and Europe - Vilnius, Kaunas, Klaip\u0117da.","breadcrumb":{"@id":"https:\/\/elmeistrai.lt\/pl\/volvo-navigacija\/#breadcrumb"},"inLanguage":"en-US","potentialAction":[{"@type":"ReadAction","target":["https:\/\/elmeistrai.lt\/pl\/volvo-navigacija\/"]}]},{"@type":"ImageObject","inLanguage":"en-US","@id":"https:\/\/elmeistrai.lt\/pl\/volvo-navigacija\/#primaryimage","url":"https:\/\/elmeistrai.lt\/wp-content\/uploads\/2019\/04\/RTI-MMM2-volvo-navigacija-150x110.jpg","contentUrl":"https:\/\/elmeistrai.lt\/wp-content\/uploads\/2019\/04\/RTI-MMM2-volvo-navigacija-150x110.jpg"},{"@type":"BreadcrumbList","@id":"https:\/\/elmeistrai.lt\/pl\/volvo-navigacija\/#breadcrumb","itemListElement":[{"@type":"ListItem","position":1,"name":"Home","item":"https:\/\/elmeistrai.lt\/"},{"@type":"ListItem","position":2,"name":"Volvo navigacija"}]},{"@type":"WebSite","@id":"https:\/\/elmeistrai.lt\/#website","url":"https:\/\/elmeistrai.lt\/","name":"Vilnius, Kaunas, Klaip\u0117da, \u0160iauliai","description":"Repair of home and business electronics. Cartridge refilling.","publisher":{"@id":"https:\/\/elmeistrai.lt\/#organization"},"potentialAction":[{"@type":"SearchAction","target":{"@type":"EntryPoint","urlTemplate":"https:\/\/elmeistrai.lt\/?s={search_term_string}"},"query-input":{"@type":"PropertyValueSpecification","valueRequired":true,"valueName":"search_term_string"}}],"inLanguage":"en-US"},{"@type":"Organization","@id":"https:\/\/elmeistrai.lt\/#organization","name":"elMeistrai.lt","alternateName":"Kavos aparat\u0173, paspirtuk\u0173, televizori\u0173, kompiuteri\u0173, telefon\u0173 ir kt. technikos remontas","url":"https:\/\/elmeistrai.lt\/","logo":{"@type":"ImageObject","inLanguage":"en-US","@id":"https:\/\/elmeistrai.lt\/#\/schema\/logo\/image\/","url":"https:\/\/elmeistrai.lt\/wp-content\/uploads\/2022\/09\/elmeistrai_logo.jpg","contentUrl":"https:\/\/elmeistrai.lt\/wp-content\/uploads\/2022\/09\/elmeistrai_logo.jpg","width":556,"height":143,"caption":"elMeistrai.lt"},"image":{"@id":"https:\/\/elmeistrai.lt\/#\/schema\/logo\/image\/"},"sameAs":["https:\/\/www.facebook.com\/elmeistrai.lt\/"]},{"@type":"Person","@id":"https:\/\/elmeistrai.lt\/#\/schema\/person\/6363b621eb9606785f7f2ae9a52987f7","name":"elMeistrai","image":{"@type":"ImageObject","inLanguage":"en-US","@id":"https:\/\/secure.gravatar.com\/avatar\/052f2d9640381d6904c5c0676ac3cc3d7ad734def78df3657e571451cad9870d?s=96&d=mm&r=g","url":"https:\/\/secure.gravatar.com\/avatar\/052f2d9640381d6904c5c0676ac3cc3d7ad734def78df3657e571451cad9870d?s=96&d=mm&r=g","contentUrl":"https:\/\/secure.gravatar.com\/avatar\/052f2d9640381d6904c5c0676ac3cc3d7ad734def78df3657e571451cad9870d?s=96&d=mm&r=g","caption":"elMeistrai"},"url":"https:\/\/elmeistrai.lt\/en\/author\/yipkxe\/"}]}},"uagb_featured_image_src":{"full":false,"thumbnail":false,"medium":false,"medium_large":false,"large":false,"1536x1536":false,"2048x2048":false,"trp-custom-language-flag":false,"writemag-1218w-autoh-image":false,"writemag-675w-autoh-image":false,"writemag-100w-100h-image":false},"uagb_author_info":{"display_name":"elMeistrai","author_link":"https:\/\/elmeistrai.lt\/en\/author\/yipkxe\/"},"uagb_comment_info":0,"uagb_excerpt":"VOLVO navigacijos Lietuvos ir Europos \u017eem\u0117lapiai sistemoms RTI MMM2 su DVD 1. Navigacijos diskas su \u017eem\u0117lapiais:Austrija, Belgija, \u0160veicarija, \u010cekija, Vokietija,...","rttpg_featured_image_url":null,"rttpg_author":{"display_name":"elMeistrai","author_link":"https:\/\/elmeistrai.lt\/en\/author\/yipkxe\/"},"rttpg_comment":0,"rttpg_category":null,"rttpg_excerpt":"VOLVO navigacijos Lietuvos ir Europos \u017eem\u0117lapiai sistemoms RTI MMM2 su DVD 1. Navigacijos diskas su \u017eem\u0117lapiais:Austrija, Belgija, \u0160veicarija, \u010cekija, Vokietija,...","_links":{"self":[{"href":"https:\/\/elmeistrai.lt\/en\/wp-json\/wp\/v2\/pages\/813","targetHints":{"allow":["GET"]}}],"collection":[{"href":"https:\/\/elmeistrai.lt\/en\/wp-json\/wp\/v2\/pages"}],"about":[{"href":"https:\/\/elmeistrai.lt\/en\/wp-json\/wp\/v2\/types\/page"}],"author":[{"embeddable":true,"href":"https:\/\/elmeistrai.lt\/en\/wp-json\/wp\/v2\/users\/1"}],"replies":[{"embeddable":true,"href":"https:\/\/elmeistrai.lt\/en\/wp-json\/wp\/v2\/comments?post=813"}],"version-history":[{"count":8,"href":"https:\/\/elmeistrai.lt\/en\/wp-json\/wp\/v2\/pages\/813\/revisions"}],"predecessor-version":[{"id":1543,"href":"https:\/\/elmeistrai.lt\/en\/wp-json\/wp\/v2\/pages\/813\/revisions\/1543"}],"wp:attachment":[{"href":"https:\/\/elmeistrai.lt\/en\/wp-json\/wp\/v2\/media?parent=813"}],"curies":[{"name":"wp","href":"https:\/\/api.w.org\/{rel}","templated":true}]}}