{"id":760,"date":"2019-04-04T07:10:04","date_gmt":"2019-04-04T09:10:04","guid":{"rendered":"https:\/\/elmeistrai.lt\/?page_id=760"},"modified":"2019-04-04T09:16:57","modified_gmt":"2019-04-04T11:16:57","slug":"toyota-navigacija","status":"publish","type":"page","link":"https:\/\/elmeistrai.lt\/en\/toyota-navigacija\/","title":{"rendered":"Toyota navigation"},"content":{"rendered":"<h3 class=\"wp-block-heading\">TOYOTA navigation maps for Lithuania and Europe for touch screen systems with DVD B9000,B9001,B9002,B9003,B9004,B9005,B900,B9006,B900,B9008,B9009,B9010,B9013,B9017,B9030 (Gen03, Gen05, Gen08, G3, G5, G8, TNS600, TNS700, B with touch screen) - <strong>a full Europe<\/strong>  <strong>*Only for European EU Toyotas*<\/strong><\/h3>\n\n\n\n<div class=\"wp-block-image\"><figure class=\"alignright\"><img loading=\"lazy\" decoding=\"async\" width=\"142\" height=\"81\" src=\"https:\/\/elmeistrai.lt\/wp-content\/uploads\/2019\/04\/Gen03-toyota-navigacija-1.jpg\" alt=\"\" class=\"wp-image-762\"\/><\/figure><\/div>\n\n\n\n<p><p><strong>1. Navigation disc with maps: <br><\/strong>Andorra, Belgium, France, Ireland, Great Britain, Italy, Liechtenstein, Luxembourg, Monaco, Netherlands, Portugal, Spain, San Marino, Switzerland, Vatican City. <br><strong>2. Navigation disc with maps: <br><\/strong>Austria, Belgium, Czech Republic, Estonia, Latvia, Poland, <strong>Lithuania (detailed)<\/strong>, Denmark, Finland, Germany, Liechtenstein, Luxembourg, Norway, the Netherlands, Slovakia, Sweden, Switzerland. <br><strong>3. Navigation disc with maps: <br><\/strong>Austria, Bulgaria, Croatia, Czech Republic, Greece, Hungary, Italy, Liechtenstein, Poland, Romania, San Marino, Slovakia, Slovenia, Switzerland, Turkey, Vatican City.<br><br><strong>Suitability:<\/strong><br><em>In various Toyota cars<\/em> <em>2004-2012 m<\/em>.<br><strong><br>Additional information:  <\/strong><br>Identify the system: <br>1. Launcher screenshots are available. They can be used to identify.<br>2. The navigation model B9xxxx is usually written on the frame of the screen, usually in the bottom right.<br>3. The SD card must not be inserted.<br>4. There must be no internal HDD.<br>5. The screen must be touchable.<br>6. The car must have been built between 2004 and 2012. <br><br>The procedure for starting the disc: <br>1 .Remove the old navigation disc (if fitted).<br>2. Disconnect the battery and wait 5 minutes (just disconnect one battery terminal).<br>3. Switching on the ignition or starting the car. The navigation screen must show Chinese characters and nothing must be loaded. If no such message is visible, disconnect the battery again for 10 minutes.<br>4. If Chinese writing is visible, a new disc is inserted.<br>Attention! If you insert the navigation disc without following this procedure, the disc will get stuck in the system or the maps will not work correctly. The procedure is necessary. <br><br><strong>1 year warranty | Latest maps | Best price | Vilnius, Kaunas, Klaipeda<\/strong><\/p><hr><\/p>\n\n\n\n<h2 class=\"wp-block-heading\">TOYOTA navigation maps for Lithuania and Europe for systems with HDD B9012 <strong>*EU Toyotoms*<\/strong><\/h2>\n\n\n\n<div class=\"wp-block-image\"><figure class=\"alignright\"><img loading=\"lazy\" decoding=\"async\" width=\"145\" height=\"85\" src=\"https:\/\/elmeistrai.lt\/wp-content\/uploads\/2019\/04\/HDD-B9012-toyota-navigacija.jpg\" alt=\"\" class=\"wp-image-767\"\/><\/figure><\/div>\n\n\n<p><strong>Updating navigation maps:<br \/>Lithuania (detailed)<\/strong> and Europe is full.<br \/><br \/><strong>Suitability:<\/strong> <br \/><em>Toyota Avensis 2009 - 2012<br \/>Toyota Prius 2009 - 2012<br \/>Toyota Land Cruiser 2009 - 2012<\/em><br \/><br \/><strong>1 year warranty | Latest maps | Best price | Vilnius, Kaunas, Klaipeda<\/strong><\/p>\n<hr \/>\n\n\n<h2 class=\"wp-block-heading\">TOYOTA navigation maps with HDD from 2011<strong>*EU Toyotoms*<\/strong><\/h2>\n\n\n<p><strong>Updating navigation maps;<br \/>Lithuania (detailed)<\/strong> and Europe is full.<br \/><br \/><strong>Suitability: <\/strong><br \/><em>Toyota Avensis 2012 - 2013<br \/>Toyota Prius 2012 - 2013<br \/>Toyota Land Cruiser 2012 - 2013<\/em><br \/><br \/><strong>1 year warranty | Latest maps | Best price | Vilnius, Kaunas, Klaipeda<\/strong><\/p>\n<hr \/>\n\n\n<h2 class=\"wp-block-heading\">TOYOTA navigation maps for Lithuania and Europe TNS510 with touchscreen and 2GB\/4GB SD card <strong>*Only for European EU Toyotas*<\/strong><\/h2>\n\n\n\n<div class=\"wp-block-image\"><figure class=\"alignright\"><img loading=\"lazy\" decoding=\"async\" width=\"147\" height=\"89\" src=\"https:\/\/elmeistrai.lt\/wp-content\/uploads\/2019\/04\/TNS510-toyota-navigacija.jpg\" alt=\"\" class=\"wp-image-771\"\/><\/figure><\/div>\n\n\n<p><strong>Updating navigation maps:<br \/>Lithuania (detailed)<\/strong> and Europe is full.<br \/><br \/><strong>Suitability: <\/strong><br \/><em>On various Toyota cars.<\/em><br \/><br \/><strong>Additional information:<\/strong><br \/>The SD card must fit and look like the picture.<br \/>Upgrade an old, existing card. <br \/>We cannot make a new card. <br \/><br \/><strong>1 year warranty | Latest maps | Best price | Vilnius, Kaunas, Klaipeda<\/strong><\/p>\n<hr \/>\n\n\n<h2 class=\"wp-block-heading\">TOYOTA navigation maps for Lithuania and Europe for TNS350 systems with touchscreen and SD card <strong>*Only for European EU Toyotas*<\/strong><\/h2>\n\n\n\n<div class=\"wp-block-image\"><figure class=\"alignright\"><img loading=\"lazy\" decoding=\"async\" width=\"150\" height=\"117\" src=\"https:\/\/elmeistrai.lt\/wp-content\/uploads\/2019\/04\/TNS350-toyota-navigacija-150x117.jpg\" alt=\"\" class=\"wp-image-774\"\/><\/figure><\/div>\n\n\n<p><strong>Updating navigation maps:<br \/>Lithuania (detailed)<\/strong> and Europe is full.<br \/><br \/><strong>Suitability:<\/strong><br \/><em>On various Toyota cars.<\/em><br \/><br \/><strong>Additional information: <\/strong><br \/>The SD card must fit and look like the picture.<br \/>New card for sale, no need for old one. <br \/><br \/><strong>1 year warranty | Latest maps | Best price | Vilnius, Kaunas, Klaipeda<\/strong><\/p>\n<hr \/>\n\n\n<h2 class=\"wp-block-heading\">TOYOTA navigation maps for Lithuania and Europe TNS410 TomTom <strong>*Only for European EU Toyotas*<\/strong><\/h2>\n\n\n<p><strong>Updating navigation maps:<br \/>Lithuania (detailed)<\/strong> and Europe is full.<br \/><br \/><strong>Suitability: <\/strong><br \/><em>On various Toyota cars.<\/em><br \/><br \/><strong>Additional information:<\/strong><br \/>Retrieved by the integrated TomTom device.<br \/><br \/><strong>1 year warranty | Latest maps | Best price | Vilnius, Kaunas, Klaipeda<\/strong><\/p>\n<hr \/>\n\n\n<h2 class=\"wp-block-heading\">TOYOTA navigation maps for Lithuania and Europe for TNS300, TNS310, Gen01, G1, TNS600, Generation 1, AIsin, Denso <strong>*Only for European EU Toyotas*<\/strong><\/h2>\n\n\n\n<div class=\"wp-block-image\"><figure class=\"alignright\"><img loading=\"lazy\" decoding=\"async\" width=\"150\" height=\"80\" src=\"https:\/\/elmeistrai.lt\/wp-content\/uploads\/2019\/04\/TNS300-toyota-150x80.png\" alt=\"\" class=\"wp-image-778\"\/><\/figure><\/div>\n\n\n<p><strong>1. Navigation disc with maps:<br \/><\/strong>Andorra, Austria, Belgium, Denmark, Finland, France, Germany, Ireland, Great Britain, Liechtenstein, Luxembourg, Monaco, Netherlands, Norway, Slovenia, Sweden, Switzerland. <br \/><strong>2 Navigation disc with maps:<br \/><\/strong>Andorra, Austria, Belgium, Bulgaria, Croatia, Czech Republic, France, Greece, Hungary, Italy, Liechtenstein, Luxembourg, Monaco, Netherlands, Portugal, Romania, San Marino, Slovakia, Slovenia, Spain, Switzerland, Vatican City. <br \/><strong>3 Navigation disc with maps:<br \/><\/strong>Austria, Belgium, Czech Republic, Estonia, Latvia, Poland, <strong>Lithuania (detailed)<\/strong>, Luxembourg, Germany, Hungary, the Netherlands, Romania, Slovakia. <br \/><br \/><strong>Suitability:<\/strong><br \/><em>Toyota Avensis, <\/em><br \/><em>Toyota Avensis Verso <br \/>Toyota MR2 <br \/>Toyota Previa <br \/>Toyota Rav4 <br \/>Toyota Yaris<\/em><br \/><em>Toyota Yaris Verso<br \/>Toyota Land Cruiser 120 <\/em><br \/><br \/><strong>1 year warranty | Latest maps | Best price | Vilnius, Kaunas, Klaipeda<\/strong><\/p>\n<hr \/>\n\n\n<h2 class=\"wp-block-heading\">TOYOTA navigation maps for Lithuania and Europe Generation 5 Gen05 Gen05 Gen05 Denso 2.4X touchscreen <strong>*Only for US Toyotas*<\/strong><\/h2>\n\n\n<p><strong>1. Navigation disc with maps:<\/strong><br \/>Andorra, Belgium, France, Ireland, Great Britain, Italy, Liechtenstein, Luxembourg, Monaco, Netherlands, Portugal, Spain, San Marino, Switzerland, Vatican City. <br \/><strong>2 Navigation disc with maps:<br \/><\/strong> Austria, Belgium, Czech Republic, Estonia, Latvia, Poland, <strong>Lithuania (detailed)<\/strong>, Denmark, Finland, Germany, Liechtenstein, Luxembourg, Norway, the Netherlands, Slovakia, Sweden, Switzerland. <br \/><strong>3 Navigation disc with maps:<br \/><\/strong>Austria, Bulgaria, Croatia, Czech Republic, Greece, Hungary, Italy, Liechtenstein, Poland, Romania, San Marino, Slovakia, Slovenia, Switzerland, Turkey, Vatican City. <br \/><br \/><strong>Suitability:<\/strong><br \/><em>Toyota Camry 2007 - 2009 <br \/>Toyota Highlander 2008 - 2009 <br \/>Toyota Land Cruiser 2008 - 2009<br \/>Toyota Sequoia 2008 - 2009 <br \/>Toyota Sienna 2006 - 2009<\/em><br \/><em>Toyota Solara 2007 - 2009 <br \/>Toyota Tundra 2007 - 2009 <br \/>Toyota 4Runner 2006 - 2009<br \/>Toyota Prius 2006 - 2009<\/em><br \/><br \/><strong>1 year warranty | Latest maps | Best price | Vilnius, Kaunas, Klaipeda<\/strong><\/p>\n<hr \/>\n\n\n<h2 class=\"wp-block-heading\">TOYOTA navigation maps for Lithuania and Europe Generation 5 Gen05 Gen05 Gen05 Denso 2.4X touchscreen <strong>*Only for US Toyotas*<\/strong><\/h2>\n\n\n<p><strong>1. Navigation disc with maps:<br \/><\/strong>Estonia, Latvia, <strong>Lithuania (detailed)<\/strong>, Russia. <br \/><br \/><strong>Suitability:<\/strong><br \/><em>Toyota Camry 2007 - 2009 <br \/>Toyota Highlander 2008 - 2009 <br \/>Toyota Land Cruiser 2008 - 2009<br \/>Toyota Sequoia 2008 - 2009<br \/>Toyota Sienna 2006 - 2009 <br \/>Toyota So lara 2007 - 2009 <br \/>Toyota Tundra 2007 - 2009 <br \/>Toyota 4Runner 2006 - 2009<br \/>Toyota Prius 2006 - 2009<\/em><br \/><br \/><strong>1 year warranty | Latest maps | Best price | Vilnius, Kaunas, Klaipeda<\/strong><\/p>\n<hr \/>\n\n\n<h2 class=\"wp-block-heading\">TOYOTA navigation maps for Lithuania and Europe for Generation 4 Gen. 4 Gen04 Denso 2.4X touchscreen systems <strong>*Only for US Toyotas*<\/strong><\/h2>\n\n\n<p><strong>1 Navigation disc with maps:<br \/><\/strong>Andorra, Belgium, France, Ireland, Great Britain, Italy, Liechtenstein, Luxembourg, Monaco, Netherlands, Portugal, Spain, San Marino, Switzerland, Vatican City. <br \/><strong>2 Navigation disc with maps:<br \/><\/strong>Austria, Belgium, Czech Republic, Estonia, Latvia, Poland, <strong>Lithuania (detailed)<\/strong>, Denmark, Finland, Germany, Liechtenstein, Luxembourg, Norway, the Netherlands, Slovakia, Sweden, Switzerland. <br \/><strong>3 Navigation disc with maps:<br \/><\/strong>Austria, Bulgaria, Croatia, Czech Republic, Greece, Hungary, Italy, Liechtenstein, Poland, Romania, San Marino, Slovakia, Slovenia, Switzerland, Turkey, Vatican City.<br \/><br \/><strong>Suitability: <\/strong><br \/><em>Toyota Land Cruiser 2005 - 2006<br \/>Toyota 4Runner 2005 m.<br \/>Toyota Prius 2004 - 2005 <br \/>Toyota Camry 2004 - 2006<br \/>Toyota Sienna 2005 m.<br \/>Toyota Sequoia 2005 - 2006 <br \/>Toyota Solara 2004 - 2006<br \/>Toyota Tundra 2005 - 2006<br \/>Toyota Highlander 2004 - 2006<\/em><br \/><br \/><strong>1 year warranty | Latest maps | Best price | Vilnius, Kaunas, Klaipeda<\/strong><\/p>\n<hr \/>\n\n\n<h2 class=\"wp-block-heading\">TOYOTA navigation maps for Lithuania and Europe for Generation 4 Gen. 4 Gen04 Denso 2.4X touchscreen systems <strong>*Only for US Toyotas*<\/strong><\/h2>\n\n\n<p><strong>1. Navigation disc with maps:<\/strong><br \/>Estonia, Latvia, <strong>Lithuania (detailed)<\/strong>, Russia.<br \/><br \/><strong>Suitability:<\/strong><br \/><em>Toyota Land Cruiser 2005 - 2006 <br \/>Toyota 4Runner 2005 m.<br \/>Toyota Prius 2004 - 2005 <br \/>Toyota Camry 2004 - 2006<br \/>Toyota Sienna 2005 m.<br \/>Toyota Sequoia 2005 - 2006 <br \/>Toyota Solara 2004 - 2006<br \/>Toyota Tundra 2005 - 2006<br \/>Toyota Highlander 2004 - 2006<\/em><br \/><br \/><strong>1 year warranty | Latest maps | Best price | Vilnius, Kaunas, Klaipeda<\/strong><\/p>\n<hr \/>\n\n\n<h2 class=\"wp-block-heading\">TOYOTA navigation maps for Lithuania and Europe Generation 2 Generation 3 Gen. 2 Gen. 2 Gen. 3 Gen02 Gen03 Denso 2.3 touchscreen <strong>*Only for US Toyotas*<\/strong><\/h2>\n\n\n<p><strong>1 Navigation disc with maps:<\/strong><br \/>Albania, Austria, Belarus, Bosnia and Herzegovina, Bulgaria, Croatia, Czech Republic, Estonia, Greece, Estonia, Hungary, Montenegro, Latvia, <strong>Lithuania (detailed)<\/strong>Hungary, Poland, Macedonia, Moldova, Serbia, Slovakia, Romania, Ukraine.<br \/><br \/><strong>Suitability:<\/strong><br \/><em>Toyota Camry 2002 - 2003<\/em> <em><br \/>Toyota Sienna 2002 - 2004<br \/>Toyota 4Runner 2002 - 2004<br \/>Toyota Land Cruiser 2001 - 2003<br \/>Toyota Prius 2002 - 2003<br \/>Toyota Avalon 2002 - 2006<\/em><br \/><br \/><strong>1 year warranty | Latest maps | Best price | Vilnius, Kaunas, Klaipeda<\/strong><\/p>\n<hr \/>","protected":false},"excerpt":{"rendered":"<p>TOYOTA navigation maps for Lithuania and Europe for touch screen systems with DVD B9000,B9001,B9002,B9003,B9004,B9005,B900,B9006,B900,B9008,B9009,B9010,B9013,B9017,B9030 (Gen03, Gen05, Gen08, G3, G5, G8, TNS600,...<\/p>","protected":false},"author":1,"featured_media":0,"parent":0,"menu_order":0,"comment_status":"closed","ping_status":"closed","template":"","meta":{"_uag_custom_page_level_css":"","footnotes":""},"class_list":["post-760","page","type-page","status-publish","hentry"],"yoast_head":"<!-- This site is optimized with the Yoast SEO plugin v27.5 - https:\/\/yoast.com\/product\/yoast-seo-wordpress\/ -->\n<title>Toyota navigacija Vilniuje, Kaune, Klaip\u0117doje, \u0160iauliuose<\/title>\n<meta name=\"robots\" content=\"index, follow, max-snippet:-1, max-image-preview:large, max-video-preview:-1\" \/>\n<link rel=\"canonical\" href=\"https:\/\/elmeistrai.lt\/en\/toyota-navigacija\/\" \/>\n<meta property=\"og:locale\" content=\"en_US\" \/>\n<meta property=\"og:type\" content=\"article\" \/>\n<meta property=\"og:title\" content=\"Toyota navigacija Vilniuje, Kaune, Klaip\u0117doje, \u0160iauliuose\" \/>\n<meta property=\"og:description\" content=\"TOYOTA navigacijos Lietuvos ir Europos \u017eem\u0117lapiai sistemoms lie\u010diamu ekranu su DVD B9000,B9001,B9002,B9003,B9004,B9005,B9006,B900,B9008,B9009,B9010,B9013,B9017,B9030 (Gen03, Gen05, Gen08, G3, G5, G8, TNS600, TNS700,...\" \/>\n<meta property=\"og:url\" content=\"https:\/\/elmeistrai.lt\/en\/toyota-navigacija\/\" \/>\n<meta property=\"og:site_name\" content=\"Vilniuje, Kaune, Klaip\u0117doje, \u0160iauliuose\" \/>\n<meta property=\"article:publisher\" content=\"https:\/\/www.facebook.com\/elmeistrai.lt\/\" \/>\n<meta property=\"article:modified_time\" content=\"2019-04-04T11:16:57+00:00\" \/>\n<meta property=\"og:image\" content=\"https:\/\/elmeistrai.lt\/wp-content\/uploads\/2019\/04\/Gen03-toyota-navigacija-1.jpg\" \/>\n<meta name=\"twitter:card\" content=\"summary_large_image\" \/>\n<meta name=\"twitter:label1\" content=\"Est. reading time\" \/>\n\t<meta name=\"twitter:data1\" content=\"6 minutes\" \/>\n<script type=\"application\/ld+json\" class=\"yoast-schema-graph\">{\"@context\":\"https:\\\/\\\/schema.org\",\"@graph\":[{\"@type\":\"NewsArticle\",\"@id\":\"https:\\\/\\\/elmeistrai.lt\\\/en\\\/toyota-navigacija\\\/#article\",\"isPartOf\":{\"@id\":\"https:\\\/\\\/elmeistrai.lt\\\/en\\\/toyota-navigacija\\\/\"},\"author\":{\"name\":\"elMeistrai\",\"@id\":\"https:\\\/\\\/elmeistrai.lt\\\/#\\\/schema\\\/person\\\/6363b621eb9606785f7f2ae9a52987f7\"},\"headline\":\"Toyota navigacija\",\"datePublished\":\"2019-04-04T09:10:04+00:00\",\"dateModified\":\"2019-04-04T11:16:57+00:00\",\"mainEntityOfPage\":{\"@id\":\"https:\\\/\\\/elmeistrai.lt\\\/en\\\/toyota-navigacija\\\/\"},\"wordCount\":1214,\"publisher\":{\"@id\":\"https:\\\/\\\/elmeistrai.lt\\\/#organization\"},\"image\":{\"@id\":\"https:\\\/\\\/elmeistrai.lt\\\/en\\\/toyota-navigacija\\\/#primaryimage\"},\"thumbnailUrl\":\"https:\\\/\\\/elmeistrai.lt\\\/wp-content\\\/uploads\\\/2019\\\/04\\\/Gen03-toyota-navigacija-1.jpg\",\"inLanguage\":\"en-US\"},{\"@type\":[\"WebPage\",\"ItemPage\"],\"@id\":\"https:\\\/\\\/elmeistrai.lt\\\/en\\\/toyota-navigacija\\\/\",\"url\":\"https:\\\/\\\/elmeistrai.lt\\\/en\\\/toyota-navigacija\\\/\",\"name\":\"Toyota navigacija Vilniuje, Kaune, Klaip\u0117doje, \u0160iauliuose\",\"isPartOf\":{\"@id\":\"https:\\\/\\\/elmeistrai.lt\\\/#website\"},\"primaryImageOfPage\":{\"@id\":\"https:\\\/\\\/elmeistrai.lt\\\/en\\\/toyota-navigacija\\\/#primaryimage\"},\"image\":{\"@id\":\"https:\\\/\\\/elmeistrai.lt\\\/en\\\/toyota-navigacija\\\/#primaryimage\"},\"thumbnailUrl\":\"https:\\\/\\\/elmeistrai.lt\\\/wp-content\\\/uploads\\\/2019\\\/04\\\/Gen03-toyota-navigacija-1.jpg\",\"datePublished\":\"2019-04-04T09:10:04+00:00\",\"dateModified\":\"2019-04-04T11:16:57+00:00\",\"breadcrumb\":{\"@id\":\"https:\\\/\\\/elmeistrai.lt\\\/en\\\/toyota-navigacija\\\/#breadcrumb\"},\"inLanguage\":\"en-US\",\"potentialAction\":[{\"@type\":\"ReadAction\",\"target\":[\"https:\\\/\\\/elmeistrai.lt\\\/en\\\/toyota-navigacija\\\/\"]}]},{\"@type\":\"ImageObject\",\"inLanguage\":\"en-US\",\"@id\":\"https:\\\/\\\/elmeistrai.lt\\\/en\\\/toyota-navigacija\\\/#primaryimage\",\"url\":\"https:\\\/\\\/elmeistrai.lt\\\/wp-content\\\/uploads\\\/2019\\\/04\\\/Gen03-toyota-navigacija-1.jpg\",\"contentUrl\":\"https:\\\/\\\/elmeistrai.lt\\\/wp-content\\\/uploads\\\/2019\\\/04\\\/Gen03-toyota-navigacija-1.jpg\"},{\"@type\":\"BreadcrumbList\",\"@id\":\"https:\\\/\\\/elmeistrai.lt\\\/en\\\/toyota-navigacija\\\/#breadcrumb\",\"itemListElement\":[{\"@type\":\"ListItem\",\"position\":1,\"name\":\"Home\",\"item\":\"https:\\\/\\\/elmeistrai.lt\\\/\"},{\"@type\":\"ListItem\",\"position\":2,\"name\":\"Toyota navigacija\"}]},{\"@type\":\"WebSite\",\"@id\":\"https:\\\/\\\/elmeistrai.lt\\\/#website\",\"url\":\"https:\\\/\\\/elmeistrai.lt\\\/\",\"name\":\"Vilniuje, Kaune, Klaip\u0117doje, \u0160iauliuose\",\"description\":\"Nam\u0173 ir verslo elektronikos prietais\u0173 remontas. Kase\u010di\u0173 pildymas.\",\"publisher\":{\"@id\":\"https:\\\/\\\/elmeistrai.lt\\\/#organization\"},\"potentialAction\":[{\"@type\":\"SearchAction\",\"target\":{\"@type\":\"EntryPoint\",\"urlTemplate\":\"https:\\\/\\\/elmeistrai.lt\\\/?s={search_term_string}\"},\"query-input\":{\"@type\":\"PropertyValueSpecification\",\"valueRequired\":true,\"valueName\":\"search_term_string\"}}],\"inLanguage\":\"en-US\"},{\"@type\":\"Organization\",\"@id\":\"https:\\\/\\\/elmeistrai.lt\\\/#organization\",\"name\":\"elMeistrai.lt\",\"alternateName\":\"Kavos aparat\u0173, paspirtuk\u0173, televizori\u0173, kompiuteri\u0173, telefon\u0173 ir kt. technikos remontas\",\"url\":\"https:\\\/\\\/elmeistrai.lt\\\/\",\"logo\":{\"@type\":\"ImageObject\",\"inLanguage\":\"en-US\",\"@id\":\"https:\\\/\\\/elmeistrai.lt\\\/#\\\/schema\\\/logo\\\/image\\\/\",\"url\":\"https:\\\/\\\/elmeistrai.lt\\\/wp-content\\\/uploads\\\/2022\\\/09\\\/elmeistrai_logo.jpg\",\"contentUrl\":\"https:\\\/\\\/elmeistrai.lt\\\/wp-content\\\/uploads\\\/2022\\\/09\\\/elmeistrai_logo.jpg\",\"width\":556,\"height\":143,\"caption\":\"elMeistrai.lt\"},\"image\":{\"@id\":\"https:\\\/\\\/elmeistrai.lt\\\/#\\\/schema\\\/logo\\\/image\\\/\"},\"sameAs\":[\"https:\\\/\\\/www.facebook.com\\\/elmeistrai.lt\\\/\"]},{\"@type\":\"Person\",\"@id\":\"https:\\\/\\\/elmeistrai.lt\\\/#\\\/schema\\\/person\\\/6363b621eb9606785f7f2ae9a52987f7\",\"name\":\"elMeistrai\",\"image\":{\"@type\":\"ImageObject\",\"inLanguage\":\"en-US\",\"@id\":\"https:\\\/\\\/secure.gravatar.com\\\/avatar\\\/052f2d9640381d6904c5c0676ac3cc3d7ad734def78df3657e571451cad9870d?s=96&d=mm&r=g\",\"url\":\"https:\\\/\\\/secure.gravatar.com\\\/avatar\\\/052f2d9640381d6904c5c0676ac3cc3d7ad734def78df3657e571451cad9870d?s=96&d=mm&r=g\",\"contentUrl\":\"https:\\\/\\\/secure.gravatar.com\\\/avatar\\\/052f2d9640381d6904c5c0676ac3cc3d7ad734def78df3657e571451cad9870d?s=96&d=mm&r=g\",\"caption\":\"elMeistrai\"},\"url\":\"https:\\\/\\\/elmeistrai.lt\\\/en\\\/author\\\/yipkxe\\\/\"}]}<\/script>\n<!-- \/ Yoast SEO plugin. -->","yoast_head_json":{"title":"Toyota navigacija Vilniuje, Kaune, Klaip\u0117doje, \u0160iauliuose","robots":{"index":"index","follow":"follow","max-snippet":"max-snippet:-1","max-image-preview":"max-image-preview:large","max-video-preview":"max-video-preview:-1"},"canonical":"https:\/\/elmeistrai.lt\/en\/toyota-navigacija\/","og_locale":"en_US","og_type":"article","og_title":"Toyota navigacija Vilniuje, Kaune, Klaip\u0117doje, \u0160iauliuose","og_description":"TOYOTA navigacijos Lietuvos ir Europos \u017eem\u0117lapiai sistemoms lie\u010diamu ekranu su DVD B9000,B9001,B9002,B9003,B9004,B9005,B9006,B900,B9008,B9009,B9010,B9013,B9017,B9030 (Gen03, Gen05, Gen08, G3, G5, G8, TNS600, TNS700,...","og_url":"https:\/\/elmeistrai.lt\/en\/toyota-navigacija\/","og_site_name":"Vilniuje, Kaune, Klaip\u0117doje, \u0160iauliuose","article_publisher":"https:\/\/www.facebook.com\/elmeistrai.lt\/","article_modified_time":"2019-04-04T11:16:57+00:00","og_image":[{"url":"https:\/\/elmeistrai.lt\/wp-content\/uploads\/2019\/04\/Gen03-toyota-navigacija-1.jpg","type":"","width":"","height":""}],"twitter_card":"summary_large_image","twitter_misc":{"Est. reading time":"6 minutes"},"schema":{"@context":"https:\/\/schema.org","@graph":[{"@type":"NewsArticle","@id":"https:\/\/elmeistrai.lt\/en\/toyota-navigacija\/#article","isPartOf":{"@id":"https:\/\/elmeistrai.lt\/en\/toyota-navigacija\/"},"author":{"name":"elMeistrai","@id":"https:\/\/elmeistrai.lt\/#\/schema\/person\/6363b621eb9606785f7f2ae9a52987f7"},"headline":"Toyota navigacija","datePublished":"2019-04-04T09:10:04+00:00","dateModified":"2019-04-04T11:16:57+00:00","mainEntityOfPage":{"@id":"https:\/\/elmeistrai.lt\/en\/toyota-navigacija\/"},"wordCount":1214,"publisher":{"@id":"https:\/\/elmeistrai.lt\/#organization"},"image":{"@id":"https:\/\/elmeistrai.lt\/en\/toyota-navigacija\/#primaryimage"},"thumbnailUrl":"https:\/\/elmeistrai.lt\/wp-content\/uploads\/2019\/04\/Gen03-toyota-navigacija-1.jpg","inLanguage":"en-US"},{"@type":["WebPage","ItemPage"],"@id":"https:\/\/elmeistrai.lt\/en\/toyota-navigacija\/","url":"https:\/\/elmeistrai.lt\/en\/toyota-navigacija\/","name":"Toyota navigacija Vilniuje, Kaune, Klaip\u0117doje, \u0160iauliuose","isPartOf":{"@id":"https:\/\/elmeistrai.lt\/#website"},"primaryImageOfPage":{"@id":"https:\/\/elmeistrai.lt\/en\/toyota-navigacija\/#primaryimage"},"image":{"@id":"https:\/\/elmeistrai.lt\/en\/toyota-navigacija\/#primaryimage"},"thumbnailUrl":"https:\/\/elmeistrai.lt\/wp-content\/uploads\/2019\/04\/Gen03-toyota-navigacija-1.jpg","datePublished":"2019-04-04T09:10:04+00:00","dateModified":"2019-04-04T11:16:57+00:00","breadcrumb":{"@id":"https:\/\/elmeistrai.lt\/en\/toyota-navigacija\/#breadcrumb"},"inLanguage":"en-US","potentialAction":[{"@type":"ReadAction","target":["https:\/\/elmeistrai.lt\/en\/toyota-navigacija\/"]}]},{"@type":"ImageObject","inLanguage":"en-US","@id":"https:\/\/elmeistrai.lt\/en\/toyota-navigacija\/#primaryimage","url":"https:\/\/elmeistrai.lt\/wp-content\/uploads\/2019\/04\/Gen03-toyota-navigacija-1.jpg","contentUrl":"https:\/\/elmeistrai.lt\/wp-content\/uploads\/2019\/04\/Gen03-toyota-navigacija-1.jpg"},{"@type":"BreadcrumbList","@id":"https:\/\/elmeistrai.lt\/en\/toyota-navigacija\/#breadcrumb","itemListElement":[{"@type":"ListItem","position":1,"name":"Home","item":"https:\/\/elmeistrai.lt\/"},{"@type":"ListItem","position":2,"name":"Toyota navigacija"}]},{"@type":"WebSite","@id":"https:\/\/elmeistrai.lt\/#website","url":"https:\/\/elmeistrai.lt\/","name":"Vilnius, Kaunas, Klaip\u0117da, \u0160iauliai","description":"Repair of home and business electronics. Cartridge refilling.","publisher":{"@id":"https:\/\/elmeistrai.lt\/#organization"},"potentialAction":[{"@type":"SearchAction","target":{"@type":"EntryPoint","urlTemplate":"https:\/\/elmeistrai.lt\/?s={search_term_string}"},"query-input":{"@type":"PropertyValueSpecification","valueRequired":true,"valueName":"search_term_string"}}],"inLanguage":"en-US"},{"@type":"Organization","@id":"https:\/\/elmeistrai.lt\/#organization","name":"elMeistrai.lt","alternateName":"Kavos aparat\u0173, paspirtuk\u0173, televizori\u0173, kompiuteri\u0173, telefon\u0173 ir kt. technikos remontas","url":"https:\/\/elmeistrai.lt\/","logo":{"@type":"ImageObject","inLanguage":"en-US","@id":"https:\/\/elmeistrai.lt\/#\/schema\/logo\/image\/","url":"https:\/\/elmeistrai.lt\/wp-content\/uploads\/2022\/09\/elmeistrai_logo.jpg","contentUrl":"https:\/\/elmeistrai.lt\/wp-content\/uploads\/2022\/09\/elmeistrai_logo.jpg","width":556,"height":143,"caption":"elMeistrai.lt"},"image":{"@id":"https:\/\/elmeistrai.lt\/#\/schema\/logo\/image\/"},"sameAs":["https:\/\/www.facebook.com\/elmeistrai.lt\/"]},{"@type":"Person","@id":"https:\/\/elmeistrai.lt\/#\/schema\/person\/6363b621eb9606785f7f2ae9a52987f7","name":"elMeistrai","image":{"@type":"ImageObject","inLanguage":"en-US","@id":"https:\/\/secure.gravatar.com\/avatar\/052f2d9640381d6904c5c0676ac3cc3d7ad734def78df3657e571451cad9870d?s=96&d=mm&r=g","url":"https:\/\/secure.gravatar.com\/avatar\/052f2d9640381d6904c5c0676ac3cc3d7ad734def78df3657e571451cad9870d?s=96&d=mm&r=g","contentUrl":"https:\/\/secure.gravatar.com\/avatar\/052f2d9640381d6904c5c0676ac3cc3d7ad734def78df3657e571451cad9870d?s=96&d=mm&r=g","caption":"elMeistrai"},"url":"https:\/\/elmeistrai.lt\/en\/author\/yipkxe\/"}]}},"uagb_featured_image_src":{"full":false,"thumbnail":false,"medium":false,"medium_large":false,"large":false,"1536x1536":false,"2048x2048":false,"trp-custom-language-flag":false,"writemag-1218w-autoh-image":false,"writemag-675w-autoh-image":false,"writemag-100w-100h-image":false},"uagb_author_info":{"display_name":"elMeistrai","author_link":"https:\/\/elmeistrai.lt\/en\/author\/yipkxe\/"},"uagb_comment_info":0,"uagb_excerpt":"TOYOTA navigacijos Lietuvos ir Europos \u017eem\u0117lapiai sistemoms lie\u010diamu ekranu su DVD B9000,B9001,B9002,B9003,B9004,B9005,B9006,B900,B9008,B9009,B9010,B9013,B9017,B9030 (Gen03, Gen05, Gen08, G3, G5, G8, TNS600, TNS700,...","rttpg_featured_image_url":null,"rttpg_author":{"display_name":"elMeistrai","author_link":"https:\/\/elmeistrai.lt\/en\/author\/yipkxe\/"},"rttpg_comment":0,"rttpg_category":null,"rttpg_excerpt":"TOYOTA navigacijos Lietuvos ir Europos \u017eem\u0117lapiai sistemoms lie\u010diamu ekranu su DVD B9000,B9001,B9002,B9003,B9004,B9005,B9006,B900,B9008,B9009,B9010,B9013,B9017,B9030 (Gen03, Gen05, Gen08, G3, G5, G8, TNS600, TNS700,...","_links":{"self":[{"href":"https:\/\/elmeistrai.lt\/en\/wp-json\/wp\/v2\/pages\/760","targetHints":{"allow":["GET"]}}],"collection":[{"href":"https:\/\/elmeistrai.lt\/en\/wp-json\/wp\/v2\/pages"}],"about":[{"href":"https:\/\/elmeistrai.lt\/en\/wp-json\/wp\/v2\/types\/page"}],"author":[{"embeddable":true,"href":"https:\/\/elmeistrai.lt\/en\/wp-json\/wp\/v2\/users\/1"}],"replies":[{"embeddable":true,"href":"https:\/\/elmeistrai.lt\/en\/wp-json\/wp\/v2\/comments?post=760"}],"version-history":[{"count":14,"href":"https:\/\/elmeistrai.lt\/en\/wp-json\/wp\/v2\/pages\/760\/revisions"}],"predecessor-version":[{"id":790,"href":"https:\/\/elmeistrai.lt\/en\/wp-json\/wp\/v2\/pages\/760\/revisions\/790"}],"wp:attachment":[{"href":"https:\/\/elmeistrai.lt\/en\/wp-json\/wp\/v2\/media?parent=760"}],"curies":[{"name":"wp","href":"https:\/\/api.w.org\/{rel}","templated":true}]}}