{"id":4,"date":"2016-09-21T07:24:20","date_gmt":"2016-09-21T09:24:20","guid":{"rendered":"https:\/\/elmeistrai.lt\/?page_id=4"},"modified":"2026-02-18T12:11:07","modified_gmt":"2026-02-18T10:11:07","slug":"apie-mus","status":"publish","type":"page","link":"https:\/\/elmeistrai.lt\/en\/","title":{"rendered":"Repair of scooters, TVs, coffee machines, computers. Cartridge refilling. In Vilnius, Kaunas, Klaip\u0117da, \u0160iauliai."},"content":{"rendered":"<figure class=\"wp-block-image\"><img loading=\"lazy\" decoding=\"async\" width=\"979\" height=\"587\" src=\"https:\/\/elmeistrai.lt\/wp-content\/uploads\/2016\/09\/elmeistrai_vidus2.jpg\" alt=\"technikos remontas - elmeistrai\" class=\"wp-image-59\" srcset=\"https:\/\/elmeistrai.lt\/wp-content\/uploads\/2016\/09\/elmeistrai_vidus2.jpg 979w, https:\/\/elmeistrai.lt\/wp-content\/uploads\/2016\/09\/elmeistrai_vidus2-300x180.jpg 300w, https:\/\/elmeistrai.lt\/wp-content\/uploads\/2016\/09\/elmeistrai_vidus2-768x460.jpg 768w, https:\/\/elmeistrai.lt\/wp-content\/uploads\/2016\/09\/elmeistrai_vidus2-660x396.jpg 660w\" sizes=\"auto, (max-width: 979px) 100vw, 979px\" \/><\/figure>\n\n\n\n<p>elMeistrai has been performing for many years <strong>Repair of electrical and electronic equipment<\/strong> <strong><span style=\"text-decoration: underline;\"><a href=\"\/en\/kontaktai\/\">Vilnius, Kaunas, Klaip\u0117da, \u0160iauliai<\/a><\/span><\/strong>. What service are you interested in? To find out more, visit us, call our contacts, select a service from the top menu or from this list:<\/p>\n\n\n\n<ul class=\"wp-block-list\">\n<li><a href=\"\/en\/kompiuteriu-remontas\/\">Computer repairs<\/a><\/li>\n\n\n\n<li><a href=\"\/en\/telefonu-remontas\/\">Phone repairs<\/a><\/li>\n\n\n\n<li><a href=\"\/en\/kavos-aparatu-remontas\/\">Repair of coffee machines<\/a><\/li>\n\n\n\n<li><a href=\"\/en\/televizoriu-remontas\/\">Repair of televisions<\/a><\/li>\n\n\n\n<li><a href=\"\/en\/dulkiu-siurbliu-remontas\/\">Repair of vacuum cleaners<\/a><\/li>\n\n\n\n<li><a href=\"\/en\/riedziu-paspirtuku-remontas\/\">Repair of skates and scooters<\/a><\/li>\n\n\n\n<li><a href=\"\/en\/kaseciu-pildymas-per-5min\/\">Filling cassettes<\/a><\/li>\n\n\n\n<li><a href=\"\/en\/navigaciju-atnaujinimas\/\">Updating navigation<\/a><\/li>\n\n\n\n<li><a href=\"\/en\/konsoliu-remontas\/\">Repair of gaming computers (consoles)<\/a><\/li>\n\n\n\n<li><a href=\"\/en\/lygintuvu-remontas\/\">Repair of irons<\/a><\/li>\n\n\n\n<li><a href=\"\/en\/suvirinimo-aparatu-remontas\/\">Repair of welding machines<\/a><\/li>\n\n\n\n<li><a href=\"\/en\/elektriniu-irankiu-remontas\/\">Repair of power construction tools<\/a><\/li>\n\n\n\n<li><a href=\"\/en\/garso-technikos-remontas\/\">Repair of audio equipment<\/a><\/li>\n\n\n\n<li><a href=\"\/en\/fotoaparatu-ir-vaizdo-kameru-remontas\/\">Repair of cameras and camcorders<\/a><\/li>\n\n\n\n<li><a href=\"\/en\/namu-robotu-remontas\/\">Repair of home robots<\/a><\/li>\n\n\n\n<li><a href=\"\/en\/siuvimo-masinu-remontas\/\">Repair of sewing machines<\/a><\/li>\n\n\n\n<li><a href=\"\/en\/spausdintuvu-remontas\/\">Printer repairs<\/a><\/li>\n<\/ul>\n\n\n\n<h2 class=\"wp-block-heading\">elMeistrai- technikos remonto paslaugos Lietuvoje<\/h2>\n\n\n\n<p>We are a team of experienced electrical engineers in a wide range of fields. We work professionally, qualitatively and quickly. We use original parts and always guarantee our work. Trust us with your faulty appliances and we'll get them working properly again.<\/p>\n\n\n\n<ul class=\"wp-block-list\">\n<li>We issue certificates for insurance companies.<\/li>\n\n\n\n<li>Certificates are issued to other institutions.<\/li>\n\n\n\n<li><strong><span style=\"text-decoration: underline;\">Pirmin\u0117 diagnostika &#8211; tik 10 Eur.<\/span><\/strong><\/li>\n<\/ul>\n\n\n\n<h2 class=\"wp-block-heading\">A to Z works of varying complexity<\/h2>\n\n\n\n<ul class=\"wp-block-list\">\n<li>Repair of panels<\/li>\n\n\n\n<li>BGA chip reflow<\/li>\n\n\n\n<li>Transistor reflow<\/li>\n\n\n\n<li>Capacitor reflow<\/li>\n\n\n\n<li>Replacing mechanical parts<\/li>\n\n\n\n<li>Changing screens<\/li>\n\n\n\n<li>EEPROM reprogramming<\/li>\n\n\n\n<li>Upgrading cooling systems<\/li>\n\n\n\n<li>Correcting software errors<\/li>\n\n\n\n<li>Decoding<\/li>\n\n\n\n<li>Prophylaxis<\/li>\n\n\n\n<li>Rewiring broken connections<\/li>\n\n\n\n<li>Installing applications<\/li>\n\n\n\n<li>Repair and replacement of batteries<\/li>\n\n\n\n<li>Repair and replacement of electrical inverters<\/li>\n\n\n\n<li>Transformer repairs<\/li>\n\n\n\n<li>Track restoration<\/li>\n\n\n\n<li>Repair of fused components<\/li>\n\n\n\n<li>Repair of corroded components<\/li>\n\n\n\n<li>Repair of small components<\/li>\n\n\n\n<li>IP67 repairs<\/li>\n\n\n\n<li>Modernisation and restoration<\/li>\n\n\n\n<li>Replacing diodes<\/li>\n\n\n\n<li>Control system tuning and programming<\/li>\n<\/ul>\n\n\n\n<p>Need an appliance repair? Contact us <strong><span style=\"text-decoration: underline;\"><a href=\"\/en\/kontaktai\/\">Vilnius, Kaunas, Klaip\u0117da, \u0160iauliai<\/a><\/span><\/strong>.<\/p>","protected":false},"excerpt":{"rendered":"<p>elMeistrai jau daugel\u012f met\u0173 atliekamas elektros ir elektronikos technikos remontas Vilniuje, Kaune, Klaip\u0117doje, \u0160iauliuose. Kokia m\u016bs\u0173 teikiama paslauga Jus domina?&#8230;<\/p>","protected":false},"author":1,"featured_media":0,"parent":0,"menu_order":0,"comment_status":"closed","ping_status":"closed","template":"","meta":{"_uag_custom_page_level_css":"","footnotes":""},"class_list":["post-4","page","type-page","status-publish","hentry"],"yoast_head":"<!-- This site is optimized with the Yoast SEO plugin v27.4 - https:\/\/yoast.com\/product\/yoast-seo-wordpress\/ -->\n<title>Paspirtuk\u0173, televizori\u0173, kavos aparat\u0173, kompiuteri\u0173 remontas. Kase\u010di\u0173 pildymas. Vilniuje, Kaune, Klaip\u0117doje, \u0160iauliuose. Vilniuje, Kaune, Klaip\u0117doje, \u0160iauliuose<\/title>\n<meta name=\"description\" content=\"Paspirtuk\u0173, televizori\u0173, kavos aparat\u0173, kompiuteri\u0173 remontas. Kase\u010di\u0173 pildymas. Vilniuje, Kaune, Klaip\u0117doje. Tel. 8 679 74770\" \/>\n<meta name=\"robots\" content=\"index, follow, max-snippet:-1, max-image-preview:large, max-video-preview:-1\" \/>\n<link rel=\"canonical\" href=\"https:\/\/elmeistrai.lt\/en\/\" \/>\n<meta property=\"og:locale\" content=\"en_US\" \/>\n<meta property=\"og:type\" content=\"article\" \/>\n<meta property=\"og:title\" content=\"Paspirtuk\u0173, televizori\u0173, kavos aparat\u0173, kompiuteri\u0173 remontas. Kase\u010di\u0173 pildymas. Vilniuje, Kaune, Klaip\u0117doje, \u0160iauliuose. Vilniuje, Kaune, Klaip\u0117doje, \u0160iauliuose\" \/>\n<meta property=\"og:description\" content=\"Paspirtuk\u0173, televizori\u0173, kavos aparat\u0173, kompiuteri\u0173 remontas. Kase\u010di\u0173 pildymas. Vilniuje, Kaune, Klaip\u0117doje. Tel. 8 679 74770\" \/>\n<meta property=\"og:url\" content=\"https:\/\/elmeistrai.lt\/en\/\" \/>\n<meta property=\"og:site_name\" content=\"Vilniuje, Kaune, Klaip\u0117doje, \u0160iauliuose\" \/>\n<meta property=\"article:publisher\" content=\"https:\/\/www.facebook.com\/elmeistrai.lt\/\" \/>\n<meta property=\"article:modified_time\" content=\"2026-02-18T10:11:07+00:00\" \/>\n<meta property=\"og:image\" content=\"https:\/\/elmeistrai.lt\/wp-content\/uploads\/2016\/09\/elmeistrai_vidus2.jpg\" \/>\n\t<meta property=\"og:image:width\" content=\"979\" \/>\n\t<meta property=\"og:image:height\" content=\"587\" \/>\n\t<meta property=\"og:image:type\" content=\"image\/jpeg\" \/>\n<meta name=\"twitter:card\" content=\"summary_large_image\" \/>\n<meta name=\"twitter:label1\" content=\"Est. reading time\" \/>\n\t<meta name=\"twitter:data1\" content=\"2 minutes\" \/>\n<script type=\"application\/ld+json\" class=\"yoast-schema-graph\">{\"@context\":\"https:\\\/\\\/schema.org\",\"@graph\":[{\"@type\":\"NewsArticle\",\"@id\":\"https:\\\/\\\/elmeistrai.lt\\\/#article\",\"isPartOf\":{\"@id\":\"https:\\\/\\\/elmeistrai.lt\\\/\"},\"author\":{\"name\":\"elMeistrai\",\"@id\":\"https:\\\/\\\/elmeistrai.lt\\\/#\\\/schema\\\/person\\\/6363b621eb9606785f7f2ae9a52987f7\"},\"headline\":\"Paspirtuk\u0173, televizori\u0173, kavos aparat\u0173, kompiuteri\u0173 remontas. Kase\u010di\u0173 pildymas. Vilniuje, Kaune, Klaip\u0117doje, \u0160iauliuose.\",\"datePublished\":\"2016-09-21T09:24:20+00:00\",\"dateModified\":\"2026-02-18T10:11:07+00:00\",\"mainEntityOfPage\":{\"@id\":\"https:\\\/\\\/elmeistrai.lt\\\/\"},\"wordCount\":261,\"publisher\":{\"@id\":\"https:\\\/\\\/elmeistrai.lt\\\/#organization\"},\"image\":{\"@id\":\"https:\\\/\\\/elmeistrai.lt\\\/#primaryimage\"},\"thumbnailUrl\":\"https:\\\/\\\/elmeistrai.lt\\\/wp-content\\\/uploads\\\/2016\\\/09\\\/elmeistrai_vidus2.jpg\",\"inLanguage\":\"en-US\"},{\"@type\":[\"WebPage\",\"ItemPage\"],\"@id\":\"https:\\\/\\\/elmeistrai.lt\\\/\",\"url\":\"https:\\\/\\\/elmeistrai.lt\\\/\",\"name\":\"Paspirtuk\u0173, televizori\u0173, kavos aparat\u0173, kompiuteri\u0173 remontas. Kase\u010di\u0173 pildymas. Vilniuje, Kaune, Klaip\u0117doje, \u0160iauliuose. Vilniuje, Kaune, Klaip\u0117doje, \u0160iauliuose\",\"isPartOf\":{\"@id\":\"https:\\\/\\\/elmeistrai.lt\\\/#website\"},\"primaryImageOfPage\":{\"@id\":\"https:\\\/\\\/elmeistrai.lt\\\/#primaryimage\"},\"image\":{\"@id\":\"https:\\\/\\\/elmeistrai.lt\\\/#primaryimage\"},\"thumbnailUrl\":\"https:\\\/\\\/elmeistrai.lt\\\/wp-content\\\/uploads\\\/2016\\\/09\\\/elmeistrai_vidus2.jpg\",\"datePublished\":\"2016-09-21T09:24:20+00:00\",\"dateModified\":\"2026-02-18T10:11:07+00:00\",\"description\":\"Paspirtuk\u0173, televizori\u0173, kavos aparat\u0173, kompiuteri\u0173 remontas. Kase\u010di\u0173 pildymas. Vilniuje, Kaune, Klaip\u0117doje. Tel. 8 679 74770\",\"breadcrumb\":{\"@id\":\"https:\\\/\\\/elmeistrai.lt\\\/#breadcrumb\"},\"inLanguage\":\"en-US\",\"potentialAction\":[{\"@type\":\"ReadAction\",\"target\":[\"https:\\\/\\\/elmeistrai.lt\\\/\"]}]},{\"@type\":\"ImageObject\",\"inLanguage\":\"en-US\",\"@id\":\"https:\\\/\\\/elmeistrai.lt\\\/#primaryimage\",\"url\":\"https:\\\/\\\/elmeistrai.lt\\\/wp-content\\\/uploads\\\/2016\\\/09\\\/elmeistrai_vidus2.jpg\",\"contentUrl\":\"https:\\\/\\\/elmeistrai.lt\\\/wp-content\\\/uploads\\\/2016\\\/09\\\/elmeistrai_vidus2.jpg\"},{\"@type\":\"BreadcrumbList\",\"@id\":\"https:\\\/\\\/elmeistrai.lt\\\/#breadcrumb\",\"itemListElement\":[{\"@type\":\"ListItem\",\"position\":1,\"name\":\"Home\",\"item\":\"https:\\\/\\\/elmeistrai.lt\\\/\"},{\"@type\":\"ListItem\",\"position\":2,\"name\":\"Paspirtuk\u0173, televizori\u0173, kavos aparat\u0173, kompiuteri\u0173 remontas. Kase\u010di\u0173 pildymas. Vilniuje, Kaune, Klaip\u0117doje, \u0160iauliuose.\"}]},{\"@type\":\"WebSite\",\"@id\":\"https:\\\/\\\/elmeistrai.lt\\\/#website\",\"url\":\"https:\\\/\\\/elmeistrai.lt\\\/\",\"name\":\"Vilniuje, Kaune, Klaip\u0117doje, \u0160iauliuose\",\"description\":\"Nam\u0173 ir verslo elektronikos prietais\u0173 remontas. Kase\u010di\u0173 pildymas.\",\"publisher\":{\"@id\":\"https:\\\/\\\/elmeistrai.lt\\\/#organization\"},\"potentialAction\":[{\"@type\":\"SearchAction\",\"target\":{\"@type\":\"EntryPoint\",\"urlTemplate\":\"https:\\\/\\\/elmeistrai.lt\\\/?s={search_term_string}\"},\"query-input\":{\"@type\":\"PropertyValueSpecification\",\"valueRequired\":true,\"valueName\":\"search_term_string\"}}],\"inLanguage\":\"en-US\"},{\"@type\":\"Organization\",\"@id\":\"https:\\\/\\\/elmeistrai.lt\\\/#organization\",\"name\":\"elMeistrai.lt\",\"alternateName\":\"Kavos aparat\u0173, paspirtuk\u0173, televizori\u0173, kompiuteri\u0173, telefon\u0173 ir kt. technikos remontas\",\"url\":\"https:\\\/\\\/elmeistrai.lt\\\/\",\"logo\":{\"@type\":\"ImageObject\",\"inLanguage\":\"en-US\",\"@id\":\"https:\\\/\\\/elmeistrai.lt\\\/#\\\/schema\\\/logo\\\/image\\\/\",\"url\":\"https:\\\/\\\/elmeistrai.lt\\\/wp-content\\\/uploads\\\/2022\\\/09\\\/elmeistrai_logo.jpg\",\"contentUrl\":\"https:\\\/\\\/elmeistrai.lt\\\/wp-content\\\/uploads\\\/2022\\\/09\\\/elmeistrai_logo.jpg\",\"width\":556,\"height\":143,\"caption\":\"elMeistrai.lt\"},\"image\":{\"@id\":\"https:\\\/\\\/elmeistrai.lt\\\/#\\\/schema\\\/logo\\\/image\\\/\"},\"sameAs\":[\"https:\\\/\\\/www.facebook.com\\\/elmeistrai.lt\\\/\"]},{\"@type\":\"Person\",\"@id\":\"https:\\\/\\\/elmeistrai.lt\\\/#\\\/schema\\\/person\\\/6363b621eb9606785f7f2ae9a52987f7\",\"name\":\"elMeistrai\",\"image\":{\"@type\":\"ImageObject\",\"inLanguage\":\"en-US\",\"@id\":\"https:\\\/\\\/secure.gravatar.com\\\/avatar\\\/052f2d9640381d6904c5c0676ac3cc3d7ad734def78df3657e571451cad9870d?s=96&d=mm&r=g\",\"url\":\"https:\\\/\\\/secure.gravatar.com\\\/avatar\\\/052f2d9640381d6904c5c0676ac3cc3d7ad734def78df3657e571451cad9870d?s=96&d=mm&r=g\",\"contentUrl\":\"https:\\\/\\\/secure.gravatar.com\\\/avatar\\\/052f2d9640381d6904c5c0676ac3cc3d7ad734def78df3657e571451cad9870d?s=96&d=mm&r=g\",\"caption\":\"elMeistrai\"},\"url\":\"https:\\\/\\\/elmeistrai.lt\\\/en\\\/author\\\/yipkxe\\\/\"}]}<\/script>\n<!-- \/ Yoast SEO plugin. -->","yoast_head_json":{"title":"Repair of scooters, TVs, coffee machines, computers. Cartridge refilling. In Vilnius, Kaunas, Klaip\u0117da, \u0160iauliai. In Vilnius, Kaunas, Klaip\u0117da, \u0160iauliai","description":"Repair of scooters, TVs, coffee machines, computers. Cartridge refilling. In Vilnius, Kaunas, Klaipeda. Tel. 8 679 74770","robots":{"index":"index","follow":"follow","max-snippet":"max-snippet:-1","max-image-preview":"max-image-preview:large","max-video-preview":"max-video-preview:-1"},"canonical":"https:\/\/elmeistrai.lt\/en\/","og_locale":"en_US","og_type":"article","og_title":"Paspirtuk\u0173, televizori\u0173, kavos aparat\u0173, kompiuteri\u0173 remontas. Kase\u010di\u0173 pildymas. Vilniuje, Kaune, Klaip\u0117doje, \u0160iauliuose. Vilniuje, Kaune, Klaip\u0117doje, \u0160iauliuose","og_description":"Paspirtuk\u0173, televizori\u0173, kavos aparat\u0173, kompiuteri\u0173 remontas. Kase\u010di\u0173 pildymas. Vilniuje, Kaune, Klaip\u0117doje. Tel. 8 679 74770","og_url":"https:\/\/elmeistrai.lt\/en\/","og_site_name":"Vilniuje, Kaune, Klaip\u0117doje, \u0160iauliuose","article_publisher":"https:\/\/www.facebook.com\/elmeistrai.lt\/","article_modified_time":"2026-02-18T10:11:07+00:00","og_image":[{"width":979,"height":587,"url":"https:\/\/elmeistrai.lt\/wp-content\/uploads\/2016\/09\/elmeistrai_vidus2.jpg","type":"image\/jpeg"}],"twitter_card":"summary_large_image","twitter_misc":{"Est. reading time":"2 minutes"},"schema":{"@context":"https:\/\/schema.org","@graph":[{"@type":"NewsArticle","@id":"https:\/\/elmeistrai.lt\/#article","isPartOf":{"@id":"https:\/\/elmeistrai.lt\/"},"author":{"name":"elMeistrai","@id":"https:\/\/elmeistrai.lt\/#\/schema\/person\/6363b621eb9606785f7f2ae9a52987f7"},"headline":"Paspirtuk\u0173, televizori\u0173, kavos aparat\u0173, kompiuteri\u0173 remontas. Kase\u010di\u0173 pildymas. Vilniuje, Kaune, Klaip\u0117doje, \u0160iauliuose.","datePublished":"2016-09-21T09:24:20+00:00","dateModified":"2026-02-18T10:11:07+00:00","mainEntityOfPage":{"@id":"https:\/\/elmeistrai.lt\/"},"wordCount":261,"publisher":{"@id":"https:\/\/elmeistrai.lt\/#organization"},"image":{"@id":"https:\/\/elmeistrai.lt\/#primaryimage"},"thumbnailUrl":"https:\/\/elmeistrai.lt\/wp-content\/uploads\/2016\/09\/elmeistrai_vidus2.jpg","inLanguage":"en-US"},{"@type":["WebPage","ItemPage"],"@id":"https:\/\/elmeistrai.lt\/","url":"https:\/\/elmeistrai.lt\/","name":"Repair of scooters, TVs, coffee machines, computers. Cartridge refilling. In Vilnius, Kaunas, Klaip\u0117da, \u0160iauliai. In Vilnius, Kaunas, Klaip\u0117da, \u0160iauliai","isPartOf":{"@id":"https:\/\/elmeistrai.lt\/#website"},"primaryImageOfPage":{"@id":"https:\/\/elmeistrai.lt\/#primaryimage"},"image":{"@id":"https:\/\/elmeistrai.lt\/#primaryimage"},"thumbnailUrl":"https:\/\/elmeistrai.lt\/wp-content\/uploads\/2016\/09\/elmeistrai_vidus2.jpg","datePublished":"2016-09-21T09:24:20+00:00","dateModified":"2026-02-18T10:11:07+00:00","description":"Repair of scooters, TVs, coffee machines, computers. Cartridge refilling. In Vilnius, Kaunas, Klaipeda. Tel. 8 679 74770","breadcrumb":{"@id":"https:\/\/elmeistrai.lt\/#breadcrumb"},"inLanguage":"en-US","potentialAction":[{"@type":"ReadAction","target":["https:\/\/elmeistrai.lt\/"]}]},{"@type":"ImageObject","inLanguage":"en-US","@id":"https:\/\/elmeistrai.lt\/#primaryimage","url":"https:\/\/elmeistrai.lt\/wp-content\/uploads\/2016\/09\/elmeistrai_vidus2.jpg","contentUrl":"https:\/\/elmeistrai.lt\/wp-content\/uploads\/2016\/09\/elmeistrai_vidus2.jpg"},{"@type":"BreadcrumbList","@id":"https:\/\/elmeistrai.lt\/#breadcrumb","itemListElement":[{"@type":"ListItem","position":1,"name":"Home","item":"https:\/\/elmeistrai.lt\/"},{"@type":"ListItem","position":2,"name":"Paspirtuk\u0173, televizori\u0173, kavos aparat\u0173, kompiuteri\u0173 remontas. Kase\u010di\u0173 pildymas. Vilniuje, Kaune, Klaip\u0117doje, \u0160iauliuose."}]},{"@type":"WebSite","@id":"https:\/\/elmeistrai.lt\/#website","url":"https:\/\/elmeistrai.lt\/","name":"Vilnius, Kaunas, Klaip\u0117da, \u0160iauliai","description":"Repair of home and business electronics. Cartridge refilling.","publisher":{"@id":"https:\/\/elmeistrai.lt\/#organization"},"potentialAction":[{"@type":"SearchAction","target":{"@type":"EntryPoint","urlTemplate":"https:\/\/elmeistrai.lt\/?s={search_term_string}"},"query-input":{"@type":"PropertyValueSpecification","valueRequired":true,"valueName":"search_term_string"}}],"inLanguage":"en-US"},{"@type":"Organization","@id":"https:\/\/elmeistrai.lt\/#organization","name":"elMeistrai.lt","alternateName":"Kavos aparat\u0173, paspirtuk\u0173, televizori\u0173, kompiuteri\u0173, telefon\u0173 ir kt. technikos remontas","url":"https:\/\/elmeistrai.lt\/","logo":{"@type":"ImageObject","inLanguage":"en-US","@id":"https:\/\/elmeistrai.lt\/#\/schema\/logo\/image\/","url":"https:\/\/elmeistrai.lt\/wp-content\/uploads\/2022\/09\/elmeistrai_logo.jpg","contentUrl":"https:\/\/elmeistrai.lt\/wp-content\/uploads\/2022\/09\/elmeistrai_logo.jpg","width":556,"height":143,"caption":"elMeistrai.lt"},"image":{"@id":"https:\/\/elmeistrai.lt\/#\/schema\/logo\/image\/"},"sameAs":["https:\/\/www.facebook.com\/elmeistrai.lt\/"]},{"@type":"Person","@id":"https:\/\/elmeistrai.lt\/#\/schema\/person\/6363b621eb9606785f7f2ae9a52987f7","name":"elMeistrai","image":{"@type":"ImageObject","inLanguage":"en-US","@id":"https:\/\/secure.gravatar.com\/avatar\/052f2d9640381d6904c5c0676ac3cc3d7ad734def78df3657e571451cad9870d?s=96&d=mm&r=g","url":"https:\/\/secure.gravatar.com\/avatar\/052f2d9640381d6904c5c0676ac3cc3d7ad734def78df3657e571451cad9870d?s=96&d=mm&r=g","contentUrl":"https:\/\/secure.gravatar.com\/avatar\/052f2d9640381d6904c5c0676ac3cc3d7ad734def78df3657e571451cad9870d?s=96&d=mm&r=g","caption":"elMeistrai"},"url":"https:\/\/elmeistrai.lt\/en\/author\/yipkxe\/"}]}},"uagb_featured_image_src":{"full":false,"thumbnail":false,"medium":false,"medium_large":false,"large":false,"1536x1536":false,"2048x2048":false,"trp-custom-language-flag":false,"writemag-1218w-autoh-image":false,"writemag-675w-autoh-image":false,"writemag-100w-100h-image":false},"uagb_author_info":{"display_name":"elMeistrai","author_link":"https:\/\/elmeistrai.lt\/en\/author\/yipkxe\/"},"uagb_comment_info":0,"uagb_excerpt":"elMeistrai jau daugel\u012f met\u0173 atliekamas elektros ir elektronikos technikos remontas Vilniuje, Kaune, Klaip\u0117doje, \u0160iauliuose. Kokia m\u016bs\u0173 teikiama paslauga Jus domina?...","rttpg_featured_image_url":null,"rttpg_author":{"display_name":"elMeistrai","author_link":"https:\/\/elmeistrai.lt\/en\/author\/yipkxe\/"},"rttpg_comment":0,"rttpg_category":null,"rttpg_excerpt":"elMeistrai jau daugel\u012f met\u0173 atliekamas elektros ir elektronikos technikos remontas Vilniuje, Kaune, Klaip\u0117doje, \u0160iauliuose. Kokia m\u016bs\u0173 teikiama paslauga Jus domina?...","_links":{"self":[{"href":"https:\/\/elmeistrai.lt\/en\/wp-json\/wp\/v2\/pages\/4","targetHints":{"allow":["GET"]}}],"collection":[{"href":"https:\/\/elmeistrai.lt\/en\/wp-json\/wp\/v2\/pages"}],"about":[{"href":"https:\/\/elmeistrai.lt\/en\/wp-json\/wp\/v2\/types\/page"}],"author":[{"embeddable":true,"href":"https:\/\/elmeistrai.lt\/en\/wp-json\/wp\/v2\/users\/1"}],"replies":[{"embeddable":true,"href":"https:\/\/elmeistrai.lt\/en\/wp-json\/wp\/v2\/comments?post=4"}],"version-history":[{"count":58,"href":"https:\/\/elmeistrai.lt\/en\/wp-json\/wp\/v2\/pages\/4\/revisions"}],"predecessor-version":[{"id":8482,"href":"https:\/\/elmeistrai.lt\/en\/wp-json\/wp\/v2\/pages\/4\/revisions\/8482"}],"wp:attachment":[{"href":"https:\/\/elmeistrai.lt\/en\/wp-json\/wp\/v2\/media?parent=4"}],"curies":[{"name":"wp","href":"https:\/\/api.w.org\/{rel}","templated":true}]}}