{"id":397,"date":"2019-03-29T13:35:38","date_gmt":"2019-03-29T15:35:38","guid":{"rendered":"https:\/\/elmeistrai.lt\/?page_id=397"},"modified":"2022-04-09T20:00:46","modified_gmt":"2022-04-09T22:00:46","slug":"honda-navigacija","status":"publish","type":"page","link":"https:\/\/elmeistrai.lt\/en\/honda-navigacija\/","title":{"rendered":"Honda navigation"},"content":{"rendered":"<h2 class=\"wp-block-heading\">HONDA navigation maps for Lithuania and Europe for Voice Recognition and DVD (APN2\/APN3) systems <\/h2>\n\n\n<p><strong>1 Navigation disc with maps (v3.8): <br><\/strong>Andorra, Austria, Belgium, Denmark, France, Germany, Ireland, Italy, Liechtenstein, Luxembourg, Monaco, Netherlands, Portugal, San Marino, Spain, Switzerland, Vatican City <br><strong>2 Navigation disc with maps (v3.8):<br><\/strong>Austria, Bulgaria, Croatia, Czech Republic, Denmark, Estonia, Estonia, Greece, Italy, Latvia, Poland, <strong> Lithuania (detailed)<\/strong>, Liechtenstein, Norway, Romania, San Marino, Slovakia, Slovenia, Finland, Sweden, Switzerland, Hungary, Vatican City, Germany<\/p>\n<p><strong>Suitability:<\/strong><br><em>Honda Legend 2006 - 2010 <\/em><br><em>Honda Accord 2005\/12 - 2013<br>Honda CR-V 2007 - 2013 <br>Honda Civic 3dr 2006 - 2011 m. <br>Honda Civic 5dr 2006 - 2011 m. <br>Honda Civic 4dr (IMA) 2008 - 2011 m.<br>Honda CR-Z 2010 - 2013<br>Honda Insight 2009 - 2013<\/em><\/p>\n<p><strong>Additional information: <\/strong><br>The SD card does not open without opening the screen.<br>The SD card is not inserted when the screen is open (the CIF card slot may be present when the screen is open!).<br>When the screen is open, the word HDD must not appear.<br>Voice control (voice recognition) must be available. Usually there is a button with a talking person icon - almost always on the steering wheel. Press it and say e.g. MENU opens a menu and Honda's voice says MENU is open. Just seeing the microphone is not enough, as it can be for a hands-free device or a phone.<\/p>\n<p><strong>1 year warranty | Latest maps | Best price | Vilnius, Kaunas, Klaipeda<\/strong><\/p>\n<hr>\n\n\n<h2 class=\"wp-block-heading\">HONDA Navigation European maps for Non voice recognition and DVD (APN2) systems <\/h2>\n\n\n<p><strong>1 Navigation disc with maps (v2.11 latest version)<br><\/strong>Austria, Belgium, Luxembourg, Denmark, France, Germany, Ireland, Italy, Portugal, Spain, UK, Netherlands, Norway, Finland, Andorra, Monaco, San Marino, Liechtenstein, Sweden, Switzerland, Vatican City, Vatican City, Germany.<\/p>\n<p><strong>Suitability:<\/strong><br><em>Honda Accord 2003 - 2005 <br>Honda CR-V 2002 - 2006 <br>Honda FR-V 2005 - 2009<br>Honda Stream 2004 - 2006<br>Honda Civic 3dr 2004 - 2005 m.<br>Honda Civic 5dr 2004 - 2005 m.<br>Honda Jazz 2002 - 2007<\/em> m.<\/p>\n<p><strong>Additional information:<\/strong><br>The SD card does not load without opening the screen.<br>The SD card is not inserted when the screen is open (the CIF card slot may be present when the screen is open!).<br>When the screen is open, the word HDD must not appear.<br>There is no voting control.<\/p>\n<p><strong>1 year warranty | Latest maps | Best price | Vilnius, Kaunas, Klaipeda<\/strong><\/p>\n<hr>\n\n\n<h2 class=\"wp-block-heading\">HONDA Navigation European maps for Blaupunkt TravelPilot DX systems<\/h2>\n\n\n\n<div class=\"wp-block-image\"><figure class=\"alignright\"><img loading=\"lazy\" decoding=\"async\" width=\"150\" height=\"110\" src=\"https:\/\/elmeistrai.lt\/wp-content\/uploads\/2019\/03\/honda-navigacija-DX-150x110.jpg\" alt=\"\" class=\"wp-image-404\"\/><\/figure><\/div>\n\n\n<p><strong>Navigation discs with maps: <\/strong><br>1 - Austria, Switzerland, Liechtenstein, France, Germany, Italy + MRE <br>2 - Belgium, Netherlands, Luxembourg + European transit maps<br>3 - Czech Republic, <strong>Poland <\/strong> + European transit maps<br>4 - Germany + European transit maps<br>5 - Italy, San Marino, Vatican City + European transit maps<br>6 - Finland, Sweden, Norway, Denmark + European transit maps<br>7 - Spain, Portugal + European transit maps<br>8 - France + European transit maps<br>9 MRE - Transit maps of Europe.<\/p>\n<p><strong>Suitability:<\/strong><br><em>Honda Accord 1995 - 2007<\/em><\/p>\n<p><strong>1 year warranty | Latest maps | Best price | Vilnius, Kaunas, Klaipeda<\/strong><\/p>\n<hr>\n\n\n<h2 class=\"wp-block-heading\">HONDA navigation maps for HDD navigation system (with HDD)<\/h2>\n\n\n<p style=\"text-align: left;\"><strong>Not updating<\/strong><\/p>\n<p><strong>Suitability:<\/strong><br><em>Honda CR-V 2009 - 2011<br>Honda Civic 3dr 2009 - 2011 m.<br>Honda Civic 5dr 2009 - 2011 m.<br>Honda Civic 4dr (IMA) 2009 - 2011 m.<br>Honda CR-Z 2010 - 2011<br>Honda Jazz 2009 - 2011<br>Honda Insight 2009 - 2011<\/em><\/p>\n<p><strong>Additional information:<\/strong><br>When the screen opens, we see the HDD message.<\/p>\n<p><strong>1 year warranty | Latest maps | Best price | Vilnius, Kaunas, Klaipeda<\/strong><\/p>\n<hr>\n\n\n<h2 class=\"wp-block-heading\">HONDA navigation maps for SD navigation system (with SD card)<\/h2>\n\n\n<p><strong>Not updating<\/strong><\/p>\n<p><strong>Suitability:<\/strong><br><em>HONDA CR-V from 2012<br>HONDA CR-Z from 2012<br>HONDA Civic 5dr from 2012<br>HONDA Insight from 2012<br>HONDA Jazz from 2012<\/em><\/p>\n<p><strong>Additional information:<\/strong><br>The navigation SD card is inserted without opening the screen.<\/p>\n<p><strong>1 year warranty | Latest maps | Best price | Vilnius, Kaunas, Klaipeda<\/strong><\/p>\n<hr>\n\n\n<h2 class=\"wp-block-heading\">HONDA navigation maps for SSD navigation system (with SD card)<\/h2>\n\n\n\n<div class=\"wp-block-image\"><figure class=\"alignright\"><img loading=\"lazy\" decoding=\"async\" width=\"150\" height=\"150\" src=\"https:\/\/elmeistrai.lt\/wp-content\/uploads\/2019\/04\/honda-navigacija-sd-150x150.jpg\" alt=\"\" class=\"wp-image-411\"\/><\/figure><\/div>\n\n\n<p><strong>Not updating<\/strong><\/p>\n<p><strong>Suitability:<\/strong><br><em>HONDA CR-V 2009 - 2012<br>HONDA Civic 3dr 2009 - 2012<br>HONDA Civic 5dr 2009 - 2012<br>HONDA Civic 4dr (IMA) 2009 - 2012<br>HONDA CR-Z 2009 - 2012<br>HONDA Jazz 2009 - 2012<br>HONDA Insight 2009 - 2012<\/em><\/p>\n<p><strong>Additional information:<\/strong><br>The navigation SD card is inserted when the screen is open.<\/p>\n<p><strong>1 year warranty | Latest maps | Best price | Vilnius, Kaunas, Klaipeda<\/strong><\/p>\n<hr>","protected":false},"excerpt":{"rendered":"<p>HONDA navigation maps for Lithuania and Europe for Voice Recognition systems and DVDs (APN2\/APN3) 1 Navigation disc with...<\/p>","protected":false},"author":1,"featured_media":0,"parent":0,"menu_order":0,"comment_status":"closed","ping_status":"closed","template":"","meta":{"_uag_custom_page_level_css":"","footnotes":""},"class_list":["post-397","page","type-page","status-publish","hentry"],"yoast_head":"<!-- This site is optimized with the Yoast SEO plugin v27.3 - https:\/\/yoast.com\/product\/yoast-seo-wordpress\/ -->\n<title>Honda navigacija Vilniuje, Kaune, Klaip\u0117doje, \u0160iauliuose<\/title>\n<meta name=\"description\" content=\"HONDA navigacijos Lietuvos ir Europos naujausi\u0173 \u017eem\u0117lapi\u0173 atnaujinimas - Vilniuje, Kaune, Klaip\u0117doje.\" \/>\n<meta name=\"robots\" content=\"index, follow, max-snippet:-1, max-image-preview:large, max-video-preview:-1\" \/>\n<link rel=\"canonical\" href=\"https:\/\/elmeistrai.lt\/en\/honda-navigacija\/\" \/>\n<meta property=\"og:locale\" content=\"en_US\" \/>\n<meta property=\"og:type\" content=\"article\" \/>\n<meta property=\"og:title\" content=\"Honda navigacija Vilniuje, Kaune, Klaip\u0117doje, \u0160iauliuose\" \/>\n<meta property=\"og:description\" content=\"HONDA navigacijos Lietuvos ir Europos naujausi\u0173 \u017eem\u0117lapi\u0173 atnaujinimas - Vilniuje, Kaune, Klaip\u0117doje.\" \/>\n<meta property=\"og:url\" content=\"https:\/\/elmeistrai.lt\/en\/honda-navigacija\/\" \/>\n<meta property=\"og:site_name\" content=\"Vilniuje, Kaune, Klaip\u0117doje, \u0160iauliuose\" \/>\n<meta property=\"article:publisher\" content=\"https:\/\/www.facebook.com\/elmeistrai.lt\/\" \/>\n<meta property=\"article:modified_time\" content=\"2022-04-09T22:00:46+00:00\" \/>\n<meta property=\"og:image\" content=\"https:\/\/elmeistrai.lt\/wp-content\/uploads\/2019\/03\/honda-navigacija-DX-150x110.jpg\" \/>\n<meta name=\"twitter:card\" content=\"summary_large_image\" \/>\n<meta name=\"twitter:label1\" content=\"Est. reading time\" \/>\n\t<meta name=\"twitter:data1\" content=\"4 minutes\" \/>\n<script type=\"application\/ld+json\" class=\"yoast-schema-graph\">{\"@context\":\"https:\\\/\\\/schema.org\",\"@graph\":[{\"@type\":\"NewsArticle\",\"@id\":\"https:\\\/\\\/elmeistrai.lt\\\/en\\\/honda-navigacija\\\/#article\",\"isPartOf\":{\"@id\":\"https:\\\/\\\/elmeistrai.lt\\\/en\\\/honda-navigacija\\\/\"},\"author\":{\"name\":\"elMeistrai\",\"@id\":\"https:\\\/\\\/elmeistrai.lt\\\/#\\\/schema\\\/person\\\/6363b621eb9606785f7f2ae9a52987f7\"},\"headline\":\"Honda navigacija\",\"datePublished\":\"2019-03-29T15:35:38+00:00\",\"dateModified\":\"2022-04-09T22:00:46+00:00\",\"mainEntityOfPage\":{\"@id\":\"https:\\\/\\\/elmeistrai.lt\\\/en\\\/honda-navigacija\\\/\"},\"wordCount\":614,\"publisher\":{\"@id\":\"https:\\\/\\\/elmeistrai.lt\\\/#organization\"},\"image\":{\"@id\":\"https:\\\/\\\/elmeistrai.lt\\\/en\\\/honda-navigacija\\\/#primaryimage\"},\"thumbnailUrl\":\"https:\\\/\\\/elmeistrai.lt\\\/wp-content\\\/uploads\\\/2019\\\/03\\\/honda-navigacija-DX-150x110.jpg\",\"inLanguage\":\"en-US\"},{\"@type\":[\"WebPage\",\"ItemPage\"],\"@id\":\"https:\\\/\\\/elmeistrai.lt\\\/en\\\/honda-navigacija\\\/\",\"url\":\"https:\\\/\\\/elmeistrai.lt\\\/en\\\/honda-navigacija\\\/\",\"name\":\"Honda navigacija Vilniuje, Kaune, Klaip\u0117doje, \u0160iauliuose\",\"isPartOf\":{\"@id\":\"https:\\\/\\\/elmeistrai.lt\\\/#website\"},\"primaryImageOfPage\":{\"@id\":\"https:\\\/\\\/elmeistrai.lt\\\/en\\\/honda-navigacija\\\/#primaryimage\"},\"image\":{\"@id\":\"https:\\\/\\\/elmeistrai.lt\\\/en\\\/honda-navigacija\\\/#primaryimage\"},\"thumbnailUrl\":\"https:\\\/\\\/elmeistrai.lt\\\/wp-content\\\/uploads\\\/2019\\\/03\\\/honda-navigacija-DX-150x110.jpg\",\"datePublished\":\"2019-03-29T15:35:38+00:00\",\"dateModified\":\"2022-04-09T22:00:46+00:00\",\"description\":\"HONDA navigacijos Lietuvos ir Europos naujausi\u0173 \u017eem\u0117lapi\u0173 atnaujinimas - Vilniuje, Kaune, Klaip\u0117doje.\",\"breadcrumb\":{\"@id\":\"https:\\\/\\\/elmeistrai.lt\\\/en\\\/honda-navigacija\\\/#breadcrumb\"},\"inLanguage\":\"en-US\",\"potentialAction\":[{\"@type\":\"ReadAction\",\"target\":[\"https:\\\/\\\/elmeistrai.lt\\\/en\\\/honda-navigacija\\\/\"]}]},{\"@type\":\"ImageObject\",\"inLanguage\":\"en-US\",\"@id\":\"https:\\\/\\\/elmeistrai.lt\\\/en\\\/honda-navigacija\\\/#primaryimage\",\"url\":\"https:\\\/\\\/elmeistrai.lt\\\/wp-content\\\/uploads\\\/2019\\\/03\\\/honda-navigacija-DX-150x110.jpg\",\"contentUrl\":\"https:\\\/\\\/elmeistrai.lt\\\/wp-content\\\/uploads\\\/2019\\\/03\\\/honda-navigacija-DX-150x110.jpg\"},{\"@type\":\"BreadcrumbList\",\"@id\":\"https:\\\/\\\/elmeistrai.lt\\\/en\\\/honda-navigacija\\\/#breadcrumb\",\"itemListElement\":[{\"@type\":\"ListItem\",\"position\":1,\"name\":\"Home\",\"item\":\"https:\\\/\\\/elmeistrai.lt\\\/\"},{\"@type\":\"ListItem\",\"position\":2,\"name\":\"Honda navigacija\"}]},{\"@type\":\"WebSite\",\"@id\":\"https:\\\/\\\/elmeistrai.lt\\\/#website\",\"url\":\"https:\\\/\\\/elmeistrai.lt\\\/\",\"name\":\"Vilniuje, Kaune, Klaip\u0117doje, \u0160iauliuose\",\"description\":\"Nam\u0173 ir verslo elektronikos prietais\u0173 remontas. Kase\u010di\u0173 pildymas.\",\"publisher\":{\"@id\":\"https:\\\/\\\/elmeistrai.lt\\\/#organization\"},\"potentialAction\":[{\"@type\":\"SearchAction\",\"target\":{\"@type\":\"EntryPoint\",\"urlTemplate\":\"https:\\\/\\\/elmeistrai.lt\\\/?s={search_term_string}\"},\"query-input\":{\"@type\":\"PropertyValueSpecification\",\"valueRequired\":true,\"valueName\":\"search_term_string\"}}],\"inLanguage\":\"en-US\"},{\"@type\":\"Organization\",\"@id\":\"https:\\\/\\\/elmeistrai.lt\\\/#organization\",\"name\":\"elMeistrai.lt\",\"alternateName\":\"Kavos aparat\u0173, paspirtuk\u0173, televizori\u0173, kompiuteri\u0173, telefon\u0173 ir kt. technikos remontas\",\"url\":\"https:\\\/\\\/elmeistrai.lt\\\/\",\"logo\":{\"@type\":\"ImageObject\",\"inLanguage\":\"en-US\",\"@id\":\"https:\\\/\\\/elmeistrai.lt\\\/#\\\/schema\\\/logo\\\/image\\\/\",\"url\":\"https:\\\/\\\/elmeistrai.lt\\\/wp-content\\\/uploads\\\/2022\\\/09\\\/elmeistrai_logo.jpg\",\"contentUrl\":\"https:\\\/\\\/elmeistrai.lt\\\/wp-content\\\/uploads\\\/2022\\\/09\\\/elmeistrai_logo.jpg\",\"width\":556,\"height\":143,\"caption\":\"elMeistrai.lt\"},\"image\":{\"@id\":\"https:\\\/\\\/elmeistrai.lt\\\/#\\\/schema\\\/logo\\\/image\\\/\"},\"sameAs\":[\"https:\\\/\\\/www.facebook.com\\\/elmeistrai.lt\\\/\"]},{\"@type\":\"Person\",\"@id\":\"https:\\\/\\\/elmeistrai.lt\\\/#\\\/schema\\\/person\\\/6363b621eb9606785f7f2ae9a52987f7\",\"name\":\"elMeistrai\",\"image\":{\"@type\":\"ImageObject\",\"inLanguage\":\"en-US\",\"@id\":\"https:\\\/\\\/secure.gravatar.com\\\/avatar\\\/052f2d9640381d6904c5c0676ac3cc3d7ad734def78df3657e571451cad9870d?s=96&d=mm&r=g\",\"url\":\"https:\\\/\\\/secure.gravatar.com\\\/avatar\\\/052f2d9640381d6904c5c0676ac3cc3d7ad734def78df3657e571451cad9870d?s=96&d=mm&r=g\",\"contentUrl\":\"https:\\\/\\\/secure.gravatar.com\\\/avatar\\\/052f2d9640381d6904c5c0676ac3cc3d7ad734def78df3657e571451cad9870d?s=96&d=mm&r=g\",\"caption\":\"elMeistrai\"},\"url\":\"https:\\\/\\\/elmeistrai.lt\\\/en\\\/author\\\/yipkxe\\\/\"}]}<\/script>\n<!-- \/ Yoast SEO plugin. -->","yoast_head_json":{"title":"Honda navigacija Vilniuje, Kaune, Klaip\u0117doje, \u0160iauliuose","description":"Updating the latest HONDA navigation maps for Lithuania and Europe - Vilnius, Kaunas, Klaip\u0117da.","robots":{"index":"index","follow":"follow","max-snippet":"max-snippet:-1","max-image-preview":"max-image-preview:large","max-video-preview":"max-video-preview:-1"},"canonical":"https:\/\/elmeistrai.lt\/en\/honda-navigacija\/","og_locale":"en_US","og_type":"article","og_title":"Honda navigacija Vilniuje, Kaune, Klaip\u0117doje, \u0160iauliuose","og_description":"HONDA navigacijos Lietuvos ir Europos naujausi\u0173 \u017eem\u0117lapi\u0173 atnaujinimas - Vilniuje, Kaune, Klaip\u0117doje.","og_url":"https:\/\/elmeistrai.lt\/en\/honda-navigacija\/","og_site_name":"Vilniuje, Kaune, Klaip\u0117doje, \u0160iauliuose","article_publisher":"https:\/\/www.facebook.com\/elmeistrai.lt\/","article_modified_time":"2022-04-09T22:00:46+00:00","og_image":[{"url":"https:\/\/elmeistrai.lt\/wp-content\/uploads\/2019\/03\/honda-navigacija-DX-150x110.jpg","type":"","width":"","height":""}],"twitter_card":"summary_large_image","twitter_misc":{"Est. reading time":"4 minutes"},"schema":{"@context":"https:\/\/schema.org","@graph":[{"@type":"NewsArticle","@id":"https:\/\/elmeistrai.lt\/en\/honda-navigacija\/#article","isPartOf":{"@id":"https:\/\/elmeistrai.lt\/en\/honda-navigacija\/"},"author":{"name":"elMeistrai","@id":"https:\/\/elmeistrai.lt\/#\/schema\/person\/6363b621eb9606785f7f2ae9a52987f7"},"headline":"Honda navigacija","datePublished":"2019-03-29T15:35:38+00:00","dateModified":"2022-04-09T22:00:46+00:00","mainEntityOfPage":{"@id":"https:\/\/elmeistrai.lt\/en\/honda-navigacija\/"},"wordCount":614,"publisher":{"@id":"https:\/\/elmeistrai.lt\/#organization"},"image":{"@id":"https:\/\/elmeistrai.lt\/en\/honda-navigacija\/#primaryimage"},"thumbnailUrl":"https:\/\/elmeistrai.lt\/wp-content\/uploads\/2019\/03\/honda-navigacija-DX-150x110.jpg","inLanguage":"en-US"},{"@type":["WebPage","ItemPage"],"@id":"https:\/\/elmeistrai.lt\/en\/honda-navigacija\/","url":"https:\/\/elmeistrai.lt\/en\/honda-navigacija\/","name":"Honda navigacija Vilniuje, Kaune, Klaip\u0117doje, \u0160iauliuose","isPartOf":{"@id":"https:\/\/elmeistrai.lt\/#website"},"primaryImageOfPage":{"@id":"https:\/\/elmeistrai.lt\/en\/honda-navigacija\/#primaryimage"},"image":{"@id":"https:\/\/elmeistrai.lt\/en\/honda-navigacija\/#primaryimage"},"thumbnailUrl":"https:\/\/elmeistrai.lt\/wp-content\/uploads\/2019\/03\/honda-navigacija-DX-150x110.jpg","datePublished":"2019-03-29T15:35:38+00:00","dateModified":"2022-04-09T22:00:46+00:00","description":"Updating the latest HONDA navigation maps for Lithuania and Europe - Vilnius, Kaunas, Klaip\u0117da.","breadcrumb":{"@id":"https:\/\/elmeistrai.lt\/en\/honda-navigacija\/#breadcrumb"},"inLanguage":"en-US","potentialAction":[{"@type":"ReadAction","target":["https:\/\/elmeistrai.lt\/en\/honda-navigacija\/"]}]},{"@type":"ImageObject","inLanguage":"en-US","@id":"https:\/\/elmeistrai.lt\/en\/honda-navigacija\/#primaryimage","url":"https:\/\/elmeistrai.lt\/wp-content\/uploads\/2019\/03\/honda-navigacija-DX-150x110.jpg","contentUrl":"https:\/\/elmeistrai.lt\/wp-content\/uploads\/2019\/03\/honda-navigacija-DX-150x110.jpg"},{"@type":"BreadcrumbList","@id":"https:\/\/elmeistrai.lt\/en\/honda-navigacija\/#breadcrumb","itemListElement":[{"@type":"ListItem","position":1,"name":"Home","item":"https:\/\/elmeistrai.lt\/"},{"@type":"ListItem","position":2,"name":"Honda navigacija"}]},{"@type":"WebSite","@id":"https:\/\/elmeistrai.lt\/#website","url":"https:\/\/elmeistrai.lt\/","name":"Vilnius, Kaunas, Klaip\u0117da, \u0160iauliai","description":"Repair of home and business electronics. Cartridge refilling.","publisher":{"@id":"https:\/\/elmeistrai.lt\/#organization"},"potentialAction":[{"@type":"SearchAction","target":{"@type":"EntryPoint","urlTemplate":"https:\/\/elmeistrai.lt\/?s={search_term_string}"},"query-input":{"@type":"PropertyValueSpecification","valueRequired":true,"valueName":"search_term_string"}}],"inLanguage":"en-US"},{"@type":"Organization","@id":"https:\/\/elmeistrai.lt\/#organization","name":"elMeistrai.lt","alternateName":"Kavos aparat\u0173, paspirtuk\u0173, televizori\u0173, kompiuteri\u0173, telefon\u0173 ir kt. technikos remontas","url":"https:\/\/elmeistrai.lt\/","logo":{"@type":"ImageObject","inLanguage":"en-US","@id":"https:\/\/elmeistrai.lt\/#\/schema\/logo\/image\/","url":"https:\/\/elmeistrai.lt\/wp-content\/uploads\/2022\/09\/elmeistrai_logo.jpg","contentUrl":"https:\/\/elmeistrai.lt\/wp-content\/uploads\/2022\/09\/elmeistrai_logo.jpg","width":556,"height":143,"caption":"elMeistrai.lt"},"image":{"@id":"https:\/\/elmeistrai.lt\/#\/schema\/logo\/image\/"},"sameAs":["https:\/\/www.facebook.com\/elmeistrai.lt\/"]},{"@type":"Person","@id":"https:\/\/elmeistrai.lt\/#\/schema\/person\/6363b621eb9606785f7f2ae9a52987f7","name":"elMeistrai","image":{"@type":"ImageObject","inLanguage":"en-US","@id":"https:\/\/secure.gravatar.com\/avatar\/052f2d9640381d6904c5c0676ac3cc3d7ad734def78df3657e571451cad9870d?s=96&d=mm&r=g","url":"https:\/\/secure.gravatar.com\/avatar\/052f2d9640381d6904c5c0676ac3cc3d7ad734def78df3657e571451cad9870d?s=96&d=mm&r=g","contentUrl":"https:\/\/secure.gravatar.com\/avatar\/052f2d9640381d6904c5c0676ac3cc3d7ad734def78df3657e571451cad9870d?s=96&d=mm&r=g","caption":"elMeistrai"},"url":"https:\/\/elmeistrai.lt\/en\/author\/yipkxe\/"}]}},"uagb_featured_image_src":{"full":false,"thumbnail":false,"medium":false,"medium_large":false,"large":false,"1536x1536":false,"2048x2048":false,"trp-custom-language-flag":false,"writemag-1218w-autoh-image":false,"writemag-675w-autoh-image":false,"writemag-100w-100h-image":false},"uagb_author_info":{"display_name":"elMeistrai","author_link":"https:\/\/elmeistrai.lt\/en\/author\/yipkxe\/"},"uagb_comment_info":0,"uagb_excerpt":"HONDA navigacijos Lietuvos ir Europos \u017eem\u0117lapiai sistemoms SU BALSINIU VALDYMU (Voice Recognition) ir DVD diskais (APN2\/APN3) 1 Navigacijos diskas su...","rttpg_featured_image_url":null,"rttpg_author":{"display_name":"elMeistrai","author_link":"https:\/\/elmeistrai.lt\/en\/author\/yipkxe\/"},"rttpg_comment":0,"rttpg_category":null,"rttpg_excerpt":"HONDA navigacijos Lietuvos ir Europos \u017eem\u0117lapiai sistemoms SU BALSINIU VALDYMU (Voice Recognition) ir DVD diskais (APN2\/APN3) 1 Navigacijos diskas su...","_links":{"self":[{"href":"https:\/\/elmeistrai.lt\/en\/wp-json\/wp\/v2\/pages\/397","targetHints":{"allow":["GET"]}}],"collection":[{"href":"https:\/\/elmeistrai.lt\/en\/wp-json\/wp\/v2\/pages"}],"about":[{"href":"https:\/\/elmeistrai.lt\/en\/wp-json\/wp\/v2\/types\/page"}],"author":[{"embeddable":true,"href":"https:\/\/elmeistrai.lt\/en\/wp-json\/wp\/v2\/users\/1"}],"replies":[{"embeddable":true,"href":"https:\/\/elmeistrai.lt\/en\/wp-json\/wp\/v2\/comments?post=397"}],"version-history":[{"count":14,"href":"https:\/\/elmeistrai.lt\/en\/wp-json\/wp\/v2\/pages\/397\/revisions"}],"predecessor-version":[{"id":1548,"href":"https:\/\/elmeistrai.lt\/en\/wp-json\/wp\/v2\/pages\/397\/revisions\/1548"}],"wp:attachment":[{"href":"https:\/\/elmeistrai.lt\/en\/wp-json\/wp\/v2\/media?parent=397"}],"curies":[{"name":"wp","href":"https:\/\/api.w.org\/{rel}","templated":true}]}}