{"id":297,"date":"2019-03-29T07:21:49","date_gmt":"2019-03-29T09:21:49","guid":{"rendered":"https:\/\/elmeistrai.lt\/?page_id=297"},"modified":"2022-04-09T19:59:59","modified_gmt":"2022-04-09T21:59:59","slug":"bmw-navigacija","status":"publish","type":"page","link":"https:\/\/elmeistrai.lt\/en\/bmw-navigacija\/","title":{"rendered":"BMW navigation"},"content":{"rendered":"<h2 class=\"wp-block-heading\">BMW navigation maps for Lithuania and Europe for CIC Premium \/ CIC-MID Business Motion \/ Champ2 Business Move \/ NBT Next HU-H with HDD <\/h2>\n\n\n\n<div class=\"wp-block-image\"><figure class=\"alignright is-resized\"><img loading=\"lazy\" decoding=\"async\" src=\"https:\/\/elmeistrai.lt\/wp-content\/uploads\/2019\/03\/bmw-navigacija-cic.-300x176.jpg\" alt=\"\" class=\"wp-image-300\" width=\"225\" height=\"132\" srcset=\"https:\/\/elmeistrai.lt\/wp-content\/uploads\/2019\/03\/bmw-navigacija-cic.-300x176.jpg 300w, https:\/\/elmeistrai.lt\/wp-content\/uploads\/2019\/03\/bmw-navigacija-cic.-660x387.jpg 660w, https:\/\/elmeistrai.lt\/wp-content\/uploads\/2019\/03\/bmw-navigacija-cic..jpg 739w\" sizes=\"auto, (max-width: 225px) 100vw, 225px\" \/><\/figure><\/div>\n\n\n<p><strong>Updating navigation maps:<\/strong><br><strong>Lithuania (detailed)<\/strong>Germany, Austria, Andorra, Belgium, Switzerland, Czech Republic, Denmark, Spain, France, Finland, Liechtenstein, United Kingdom, Greece, Ireland, Italy, Luxembourg, Monaco, Monaco, Norway, Netherlands, Portugal, San Marino, Sweden, Vatican City, Russia, Poland, Hungary, Poland, Croatia, Slovenia, Belarus, Estonia, Latvia, Latvia, Estonia.<\/p>\n<p><strong>Suitability:<\/strong><br><em>BMW 1er - E81\/E82\/E87\/E88\/F20\/F21\/F52 and others made by 2009 -<br>BMW 3er - E90\/E91\/E92\/E93\/F30\/F31\/F34\/F35 and others 2009 -<br>BMW 5er - E60\/E61\/F07\/F10\/F11\/F18\/G30 and others 2009 -<br>BMW 6er - E63\/E64\/F06\/F12\/F13and others made in Germany 2009 -<br>BMW 7er - F01\/F02F03\/F04\/G11\/G12 made. 2008 -<br>BMW X3 - F25\/F20 and others made in. 2011 -<br>BMW X5 - E70\/F15 and others made in. 2010 -<br>BMW X6 - E71\/E72\/F85\/F86 made. 2010 -<\/em><\/p>\n<p><strong>1 year warranty | Latest maps | Best price | Vilnius, Kaunas, Klaipeda<\/strong><\/p>\n<hr>\n\n\n<h2 class=\"wp-block-heading\">BMW navigation maps for Lithuania and Europe for CCC Professional systems with DVD <\/h2>\n\n\n\n<div class=\"wp-block-image\"><figure class=\"alignright\"><img loading=\"lazy\" decoding=\"async\" width=\"150\" height=\"114\" src=\"https:\/\/elmeistrai.lt\/wp-content\/uploads\/2019\/03\/bmw-navigacija-150x114.jpg\" alt=\"\" class=\"wp-image-310\"\/><\/figure><\/div>\n\n\n<p><strong>1 Navigation disc with maps: <br><\/strong>Ireland, Andorra, Belgium, Great Britain, Gibraltar, Spain, Luxembourg, Monaco, Netherlands, Portugal, France + Europe's main roads. <br><strong>2 Navigation disc with maps:<\/strong><br>Austria, Belgium, Czech Republic, Denmark, Germany, Italy, Liechtenstein, Luxembourg, Netherlands, San Marino, Slovenia, Switzerland, Vatican City, + European main roads. <br><strong>3 Navigation disc with maps:<br><\/strong>Albania, Belarus, Bulgaria, Croatia, Estonia, Greece, Estonia, Latvia, Montenegro, Poland, <strong> Lithuania (detailed)<\/strong>, Norway, Romania, Russia, Slovakia, Slovenia, Finland, Sweden, Ukraine, Hungary + European main roads.<\/p>\n<p><strong>Suitability:<\/strong><em><br>BMW 1er 2004 - 2008<br>BMW 3er 2004 - 2008<br>BMW 5er 2004 - 2008<br>BMW 6er 2004 - 2008<br>BMW X5 2004 - 2009<br>BMW X6 2004 <\/em><\/p>\n<p><strong>1 year warranty | Latest maps | Best price | Vilnius, Kaunas, Klaipeda<\/strong><\/p>\n<hr>\n\n\n<h2 class=\"wp-block-heading\">BMW Navigation Maps for Lithuania and Europe for Business (M-ASK I) pre-LCI <\/h2>\n\n\n<p><strong>1 Navigation disc with maps:<br><\/strong>Andorra, Austria, Belgium, Czech Republic, Denmark, Finland, France, Germany, Greece, Ireland, Gibraltar, Ireland, Italy, Liechtenstein, Luxembourg, Monaco, Norway, Netherlands, Portugal, San Marino, Spain, Sweden, Switzerland, Vatican City, Vatican City, United Kingdom.<\/p>\n<p><strong>2 Navigation disc with maps:<br><\/strong>Austria, Croatia, Czech Republic, Denmark, Estonia, Finland, France, Germany, Greece, Hungary, Italy, Liechtenstein, Norway, San Marino, Slovakia, Slovenia, Spain, Sweden, Switzerland, Vatican City.<\/p>\n<p><strong>Suitability:<\/strong><br><em>BMW neFacelift (pre-LCI) models 2003 - 2007<\/em><\/p>\n<p><strong>1 year warranty | Latest maps | Best price | Vilnius, Kaunas, Klaipeda<\/strong><\/p>\n<hr>\n\n\n<h2 class=\"wp-block-heading\">BMW Navigation Maps for Lithuania and Europe for Business (M-ASK II) LCI <\/h2>\n\n\n\n<div class=\"wp-block-image\"><figure class=\"alignright\"><img loading=\"lazy\" decoding=\"async\" width=\"150\" height=\"150\" src=\"https:\/\/elmeistrai.lt\/wp-content\/uploads\/2019\/03\/bmw-navigacija-imasII-150x150.jpg\" alt=\"\" class=\"wp-image-323\"\/><\/figure><\/div>\n\n\n<p><strong>1 Navigation disc with maps: <br><\/strong>Andorra, Austria, Belgium, Czech Republic, Denmark, Finland, France, Germany, Greece, Ireland, Gibraltar, Ireland, Italy, Liechtenstein, Luxembourg, Monaco, Norway, Netherlands, Portugal, San Marino, Spain, Sweden, Switzerland, Vatican City, Vatican City, United Kingdom.<\/p>\n<p><strong>2 Navigation disc with maps: <br><\/strong>Austria, Croatia, Czech Republic, Denmark, Estonia, Finland, France, Germany, Greece, Hungary, Italy, Liechtenstein, Norway, San Marino, Slovakia, Slovenia, Spain, Sweden, Switzerland, Vatican City.<\/p>\n<p><strong>3 Navigation disc with maps:<\/strong><br>Ireland, Andorra, Austria, Belgium, Bulgaria, Czech Republic, Denmark, Great Britain, Estonia, Gibraltar, Greece, Spain, Italy, Croatia, Latvia, Liechtenstein, Poland, <strong>Lithuania (detailed)<\/strong>, Luxembourg, Monaco, Norway, Netherlands, Portugal, France, Romania, San Marino, Slovakia, Slovenia, Finland, Sweden, Switzerland, Vatican City, Hungary, Germany.<\/p>\n<p><strong>Suitability: <\/strong><br><em>BMW Facelift (LCI) models 2007 - 2010<br>BMW neFacelift (pre-LCI) models 2003 - 2007 <\/em><\/p>\n<p><strong>Additional information:<\/strong><br>Navigation must display 2D maps.<\/p>\n<p><strong>1 year warranty | Latest maps | Best price | Vilnius, Kaunas, Klaipeda<\/strong><\/p>\n<hr>\n\n\n<h2 class=\"wp-block-heading\">BMW navigation maps for Lithuania and Europe (iDrive II) NAVI02\/NAVI03 with DVD<\/h2>\n\n\n\n<div class=\"wp-block-image\"><figure class=\"alignright\"><img loading=\"lazy\" decoding=\"async\" width=\"150\" height=\"150\" src=\"https:\/\/elmeistrai.lt\/wp-content\/uploads\/2019\/03\/bmw-navigacija-o3-150x150.jpg\" alt=\"\" class=\"wp-image-315\"\/><\/figure><\/div>\n\n\n<p><strong>1 Navigation disc with maps:<br><\/strong>Andorra, Austria, Belgium, Czech Republic, Denmark, Finland, France, Germany, Greece, Ireland, Gibraltar, Ireland, Great Britain, Italy, Liechtenstein, Luxembourg, Monaco, Norway, Netherlands, Portugal, San Marino, Spain, Sweden, Switzerland, Vatican City <br><strong>2 Navigation disc with maps:<br><\/strong>Austria, Belarus, Bulgaria, Croatia, Czech Republic, Denmark, Estonia, Estonia, Greece, Italy, Liechtenstein, Latvia, Poland, <strong> Lithuania (detailed)<\/strong>, Norway, Romania, Russia, San Marino, Slovakia, Slovenia, Finland, Sweden, Switzerland, Vatican City, Hungary, Germany.<\/p>\n<p><strong>Suitability: <\/strong><br><em>BMW 3er 2002 - 2007<br>BMW 5er 2002 - 2003<br>BMW 7er 2001 - 2007<br>BMW X3 2001 - 2007<br>BMW X5 1999 - 2008<br>BMW Z4 2002 - 2009<br>BMW Z8 2000 - 2003<\/em><\/p>\n<p><strong>Additional information: <\/strong><br>Navigation in the boot.<br>The CD or DVD is written on the navigation unit in the boot.<br>If it doesn't say DVD, it means CD.<br>If you have DVD navigation, dual-disc navigation works from v31.<br>We can upgrade to the latest V32 version if needed, or run a single-layer disc.<\/p>\n<p><strong>1 year warranty | Latest maps | Best price | Vilnius, Kaunas, Klaipeda<\/strong><\/p>\n<hr>\n\n\n<h2 class=\"wp-block-heading\">BMW navigation maps for Lithuania and Europe (iDrive I) NAVI01 MK1 MK2 MK3 MK4 with CD <\/h2>\n\n\n\n<div class=\"wp-block-image\"><figure class=\"alignright is-resized\"><img loading=\"lazy\" decoding=\"async\" src=\"https:\/\/elmeistrai.lt\/wp-content\/uploads\/2019\/03\/bmw-navigacija-1-300x150.jpg\" alt=\"\" class=\"wp-image-318\" width=\"225\" height=\"113\" srcset=\"https:\/\/elmeistrai.lt\/wp-content\/uploads\/2019\/03\/bmw-navigacija-1-300x150.jpg 300w, https:\/\/elmeistrai.lt\/wp-content\/uploads\/2019\/03\/bmw-navigacija-1.jpg 648w\" sizes=\"auto, (max-width: 225px) 100vw, 225px\" \/><\/figure><\/div>\n\n\n<p><strong>Navigation discs with maps: <\/strong><br>1 - Belgium, Netherlands, Luxembourg<br>2 - Austria, Liechtenstein, Switzerland, Germany, sh. Italy<br>3 - Eastern Europe 1 - Estonia, Latvia, <strong> Lithuania (detailed)<\/strong><br>4 - Eastern Europe 2 - Bulgaria, Czech Republic, Poland, Croatia, Hungary, Romania, Slovakia, Slovenia<br>5 - \u0161. France<br>6 - p. France<br>7 - Germany<br>8 - Italy, San Marino, Vatican City, Greece<br>9 - Denmark, Sweden, Finland, Norway<br>10 - Spain<br>11 - Portugal<br>12 - England, Scotland, Ireland<br>13 - Maps of major roads in Europe.<\/p>\n<p><strong>Suitability:<\/strong><br><em>BMW 3er 2003 - 2007<br>BMW 5er 1995 - 2003<br>BMW 7er 1993 - 2007<br>BMW X3 2001 - 2007<br>BMW X5 1999 - 2008<br>BMW M5 -2007<br>BMW Z4 2002 - 2009<br>BMW Z8 2000 - 2003<\/em> m.<\/p>\n<p><strong>Additional information:<\/strong><br>The navigation disc is placed in the boot.<\/p>\n<p><strong>1 year warranty | Latest maps | Best price | Vilnius, Kaunas, Klaipeda<\/strong><\/p>\n<hr>","protected":false},"excerpt":{"rendered":"<p>BMW navigation maps for Lithuania and Europe for CIC Premium \/ CIC-MID Business Motion \/ Champ2 Business Move \/ NBT Next...<\/p>","protected":false},"author":1,"featured_media":0,"parent":0,"menu_order":0,"comment_status":"closed","ping_status":"closed","template":"","meta":{"_uag_custom_page_level_css":"","footnotes":""},"class_list":["post-297","page","type-page","status-publish","hentry"],"yoast_head":"<!-- This site is optimized with the Yoast SEO plugin v27.5 - https:\/\/yoast.com\/product\/yoast-seo-wordpress\/ -->\n<title>BMW navigacija Vilniuje, Kaune, Klaip\u0117doje, \u0160iauliuose<\/title>\n<meta name=\"description\" content=\"BMW navigacijos Lietuvos ir Europos naujausi\u0173 \u017eem\u0117lapi\u0173 atnaujinimas - Vilniuje, Kaune, Klaip\u0117doje.\" \/>\n<meta name=\"robots\" content=\"index, follow, max-snippet:-1, max-image-preview:large, max-video-preview:-1\" \/>\n<link rel=\"canonical\" href=\"https:\/\/elmeistrai.lt\/en\/bmw-navigacija\/\" \/>\n<meta property=\"og:locale\" content=\"en_US\" \/>\n<meta property=\"og:type\" content=\"article\" \/>\n<meta property=\"og:title\" content=\"BMW navigacija Vilniuje, Kaune, Klaip\u0117doje, \u0160iauliuose\" \/>\n<meta property=\"og:description\" content=\"BMW navigacijos Lietuvos ir Europos naujausi\u0173 \u017eem\u0117lapi\u0173 atnaujinimas - Vilniuje, Kaune, Klaip\u0117doje.\" \/>\n<meta property=\"og:url\" content=\"https:\/\/elmeistrai.lt\/en\/bmw-navigacija\/\" \/>\n<meta property=\"og:site_name\" content=\"Vilniuje, Kaune, Klaip\u0117doje, \u0160iauliuose\" \/>\n<meta property=\"article:publisher\" content=\"https:\/\/www.facebook.com\/elmeistrai.lt\/\" \/>\n<meta property=\"article:modified_time\" content=\"2022-04-09T21:59:59+00:00\" \/>\n<meta property=\"og:image\" content=\"https:\/\/elmeistrai.lt\/wp-content\/uploads\/2019\/03\/bmw-navigacija-cic.-300x176.jpg\" \/>\n<meta name=\"twitter:card\" content=\"summary_large_image\" \/>\n<meta name=\"twitter:label1\" content=\"Est. reading time\" \/>\n\t<meta name=\"twitter:data1\" content=\"6 minutes\" \/>\n<script type=\"application\/ld+json\" class=\"yoast-schema-graph\">{\"@context\":\"https:\\\/\\\/schema.org\",\"@graph\":[{\"@type\":\"NewsArticle\",\"@id\":\"https:\\\/\\\/elmeistrai.lt\\\/en\\\/bmw-navigacija\\\/#article\",\"isPartOf\":{\"@id\":\"https:\\\/\\\/elmeistrai.lt\\\/en\\\/bmw-navigacija\\\/\"},\"author\":{\"name\":\"elMeistrai\",\"@id\":\"https:\\\/\\\/elmeistrai.lt\\\/#\\\/schema\\\/person\\\/6363b621eb9606785f7f2ae9a52987f7\"},\"headline\":\"BMW navigacija\",\"datePublished\":\"2019-03-29T09:21:49+00:00\",\"dateModified\":\"2022-04-09T21:59:59+00:00\",\"mainEntityOfPage\":{\"@id\":\"https:\\\/\\\/elmeistrai.lt\\\/en\\\/bmw-navigacija\\\/\"},\"wordCount\":830,\"publisher\":{\"@id\":\"https:\\\/\\\/elmeistrai.lt\\\/#organization\"},\"image\":{\"@id\":\"https:\\\/\\\/elmeistrai.lt\\\/en\\\/bmw-navigacija\\\/#primaryimage\"},\"thumbnailUrl\":\"https:\\\/\\\/elmeistrai.lt\\\/wp-content\\\/uploads\\\/2019\\\/03\\\/bmw-navigacija-cic.-300x176.jpg\",\"inLanguage\":\"en-US\"},{\"@type\":[\"WebPage\",\"ItemPage\"],\"@id\":\"https:\\\/\\\/elmeistrai.lt\\\/en\\\/bmw-navigacija\\\/\",\"url\":\"https:\\\/\\\/elmeistrai.lt\\\/en\\\/bmw-navigacija\\\/\",\"name\":\"BMW navigacija Vilniuje, Kaune, Klaip\u0117doje, \u0160iauliuose\",\"isPartOf\":{\"@id\":\"https:\\\/\\\/elmeistrai.lt\\\/#website\"},\"primaryImageOfPage\":{\"@id\":\"https:\\\/\\\/elmeistrai.lt\\\/en\\\/bmw-navigacija\\\/#primaryimage\"},\"image\":{\"@id\":\"https:\\\/\\\/elmeistrai.lt\\\/en\\\/bmw-navigacija\\\/#primaryimage\"},\"thumbnailUrl\":\"https:\\\/\\\/elmeistrai.lt\\\/wp-content\\\/uploads\\\/2019\\\/03\\\/bmw-navigacija-cic.-300x176.jpg\",\"datePublished\":\"2019-03-29T09:21:49+00:00\",\"dateModified\":\"2022-04-09T21:59:59+00:00\",\"description\":\"BMW navigacijos Lietuvos ir Europos naujausi\u0173 \u017eem\u0117lapi\u0173 atnaujinimas - Vilniuje, Kaune, Klaip\u0117doje.\",\"breadcrumb\":{\"@id\":\"https:\\\/\\\/elmeistrai.lt\\\/en\\\/bmw-navigacija\\\/#breadcrumb\"},\"inLanguage\":\"en-US\",\"potentialAction\":[{\"@type\":\"ReadAction\",\"target\":[\"https:\\\/\\\/elmeistrai.lt\\\/en\\\/bmw-navigacija\\\/\"]}]},{\"@type\":\"ImageObject\",\"inLanguage\":\"en-US\",\"@id\":\"https:\\\/\\\/elmeistrai.lt\\\/en\\\/bmw-navigacija\\\/#primaryimage\",\"url\":\"https:\\\/\\\/elmeistrai.lt\\\/wp-content\\\/uploads\\\/2019\\\/03\\\/bmw-navigacija-cic.-300x176.jpg\",\"contentUrl\":\"https:\\\/\\\/elmeistrai.lt\\\/wp-content\\\/uploads\\\/2019\\\/03\\\/bmw-navigacija-cic.-300x176.jpg\"},{\"@type\":\"BreadcrumbList\",\"@id\":\"https:\\\/\\\/elmeistrai.lt\\\/en\\\/bmw-navigacija\\\/#breadcrumb\",\"itemListElement\":[{\"@type\":\"ListItem\",\"position\":1,\"name\":\"Home\",\"item\":\"https:\\\/\\\/elmeistrai.lt\\\/\"},{\"@type\":\"ListItem\",\"position\":2,\"name\":\"BMW navigacija\"}]},{\"@type\":\"WebSite\",\"@id\":\"https:\\\/\\\/elmeistrai.lt\\\/#website\",\"url\":\"https:\\\/\\\/elmeistrai.lt\\\/\",\"name\":\"Vilniuje, Kaune, Klaip\u0117doje, \u0160iauliuose\",\"description\":\"Nam\u0173 ir verslo elektronikos prietais\u0173 remontas. Kase\u010di\u0173 pildymas.\",\"publisher\":{\"@id\":\"https:\\\/\\\/elmeistrai.lt\\\/#organization\"},\"potentialAction\":[{\"@type\":\"SearchAction\",\"target\":{\"@type\":\"EntryPoint\",\"urlTemplate\":\"https:\\\/\\\/elmeistrai.lt\\\/?s={search_term_string}\"},\"query-input\":{\"@type\":\"PropertyValueSpecification\",\"valueRequired\":true,\"valueName\":\"search_term_string\"}}],\"inLanguage\":\"en-US\"},{\"@type\":\"Organization\",\"@id\":\"https:\\\/\\\/elmeistrai.lt\\\/#organization\",\"name\":\"elMeistrai.lt\",\"alternateName\":\"Kavos aparat\u0173, paspirtuk\u0173, televizori\u0173, kompiuteri\u0173, telefon\u0173 ir kt. technikos remontas\",\"url\":\"https:\\\/\\\/elmeistrai.lt\\\/\",\"logo\":{\"@type\":\"ImageObject\",\"inLanguage\":\"en-US\",\"@id\":\"https:\\\/\\\/elmeistrai.lt\\\/#\\\/schema\\\/logo\\\/image\\\/\",\"url\":\"https:\\\/\\\/elmeistrai.lt\\\/wp-content\\\/uploads\\\/2022\\\/09\\\/elmeistrai_logo.jpg\",\"contentUrl\":\"https:\\\/\\\/elmeistrai.lt\\\/wp-content\\\/uploads\\\/2022\\\/09\\\/elmeistrai_logo.jpg\",\"width\":556,\"height\":143,\"caption\":\"elMeistrai.lt\"},\"image\":{\"@id\":\"https:\\\/\\\/elmeistrai.lt\\\/#\\\/schema\\\/logo\\\/image\\\/\"},\"sameAs\":[\"https:\\\/\\\/www.facebook.com\\\/elmeistrai.lt\\\/\"]},{\"@type\":\"Person\",\"@id\":\"https:\\\/\\\/elmeistrai.lt\\\/#\\\/schema\\\/person\\\/6363b621eb9606785f7f2ae9a52987f7\",\"name\":\"elMeistrai\",\"image\":{\"@type\":\"ImageObject\",\"inLanguage\":\"en-US\",\"@id\":\"https:\\\/\\\/secure.gravatar.com\\\/avatar\\\/052f2d9640381d6904c5c0676ac3cc3d7ad734def78df3657e571451cad9870d?s=96&d=mm&r=g\",\"url\":\"https:\\\/\\\/secure.gravatar.com\\\/avatar\\\/052f2d9640381d6904c5c0676ac3cc3d7ad734def78df3657e571451cad9870d?s=96&d=mm&r=g\",\"contentUrl\":\"https:\\\/\\\/secure.gravatar.com\\\/avatar\\\/052f2d9640381d6904c5c0676ac3cc3d7ad734def78df3657e571451cad9870d?s=96&d=mm&r=g\",\"caption\":\"elMeistrai\"},\"url\":\"https:\\\/\\\/elmeistrai.lt\\\/en\\\/author\\\/yipkxe\\\/\"}]}<\/script>\n<!-- \/ Yoast SEO plugin. -->","yoast_head_json":{"title":"BMW navigacija Vilniuje, Kaune, Klaip\u0117doje, \u0160iauliuose","description":"Updating the latest BMW navigation maps for Lithuania and Europe - Vilnius, Kaunas, Klaip\u0117da.","robots":{"index":"index","follow":"follow","max-snippet":"max-snippet:-1","max-image-preview":"max-image-preview:large","max-video-preview":"max-video-preview:-1"},"canonical":"https:\/\/elmeistrai.lt\/en\/bmw-navigacija\/","og_locale":"en_US","og_type":"article","og_title":"BMW navigacija Vilniuje, Kaune, Klaip\u0117doje, \u0160iauliuose","og_description":"BMW navigacijos Lietuvos ir Europos naujausi\u0173 \u017eem\u0117lapi\u0173 atnaujinimas - Vilniuje, Kaune, Klaip\u0117doje.","og_url":"https:\/\/elmeistrai.lt\/en\/bmw-navigacija\/","og_site_name":"Vilniuje, Kaune, Klaip\u0117doje, \u0160iauliuose","article_publisher":"https:\/\/www.facebook.com\/elmeistrai.lt\/","article_modified_time":"2022-04-09T21:59:59+00:00","og_image":[{"url":"https:\/\/elmeistrai.lt\/wp-content\/uploads\/2019\/03\/bmw-navigacija-cic.-300x176.jpg","type":"","width":"","height":""}],"twitter_card":"summary_large_image","twitter_misc":{"Est. reading time":"6 minutes"},"schema":{"@context":"https:\/\/schema.org","@graph":[{"@type":"NewsArticle","@id":"https:\/\/elmeistrai.lt\/en\/bmw-navigacija\/#article","isPartOf":{"@id":"https:\/\/elmeistrai.lt\/en\/bmw-navigacija\/"},"author":{"name":"elMeistrai","@id":"https:\/\/elmeistrai.lt\/#\/schema\/person\/6363b621eb9606785f7f2ae9a52987f7"},"headline":"BMW navigacija","datePublished":"2019-03-29T09:21:49+00:00","dateModified":"2022-04-09T21:59:59+00:00","mainEntityOfPage":{"@id":"https:\/\/elmeistrai.lt\/en\/bmw-navigacija\/"},"wordCount":830,"publisher":{"@id":"https:\/\/elmeistrai.lt\/#organization"},"image":{"@id":"https:\/\/elmeistrai.lt\/en\/bmw-navigacija\/#primaryimage"},"thumbnailUrl":"https:\/\/elmeistrai.lt\/wp-content\/uploads\/2019\/03\/bmw-navigacija-cic.-300x176.jpg","inLanguage":"en-US"},{"@type":["WebPage","ItemPage"],"@id":"https:\/\/elmeistrai.lt\/en\/bmw-navigacija\/","url":"https:\/\/elmeistrai.lt\/en\/bmw-navigacija\/","name":"BMW navigacija Vilniuje, Kaune, Klaip\u0117doje, \u0160iauliuose","isPartOf":{"@id":"https:\/\/elmeistrai.lt\/#website"},"primaryImageOfPage":{"@id":"https:\/\/elmeistrai.lt\/en\/bmw-navigacija\/#primaryimage"},"image":{"@id":"https:\/\/elmeistrai.lt\/en\/bmw-navigacija\/#primaryimage"},"thumbnailUrl":"https:\/\/elmeistrai.lt\/wp-content\/uploads\/2019\/03\/bmw-navigacija-cic.-300x176.jpg","datePublished":"2019-03-29T09:21:49+00:00","dateModified":"2022-04-09T21:59:59+00:00","description":"Updating the latest BMW navigation maps for Lithuania and Europe - Vilnius, Kaunas, Klaip\u0117da.","breadcrumb":{"@id":"https:\/\/elmeistrai.lt\/en\/bmw-navigacija\/#breadcrumb"},"inLanguage":"en-US","potentialAction":[{"@type":"ReadAction","target":["https:\/\/elmeistrai.lt\/en\/bmw-navigacija\/"]}]},{"@type":"ImageObject","inLanguage":"en-US","@id":"https:\/\/elmeistrai.lt\/en\/bmw-navigacija\/#primaryimage","url":"https:\/\/elmeistrai.lt\/wp-content\/uploads\/2019\/03\/bmw-navigacija-cic.-300x176.jpg","contentUrl":"https:\/\/elmeistrai.lt\/wp-content\/uploads\/2019\/03\/bmw-navigacija-cic.-300x176.jpg"},{"@type":"BreadcrumbList","@id":"https:\/\/elmeistrai.lt\/en\/bmw-navigacija\/#breadcrumb","itemListElement":[{"@type":"ListItem","position":1,"name":"Home","item":"https:\/\/elmeistrai.lt\/"},{"@type":"ListItem","position":2,"name":"BMW navigacija"}]},{"@type":"WebSite","@id":"https:\/\/elmeistrai.lt\/#website","url":"https:\/\/elmeistrai.lt\/","name":"Vilnius, Kaunas, Klaip\u0117da, \u0160iauliai","description":"Repair of home and business electronics. Cartridge refilling.","publisher":{"@id":"https:\/\/elmeistrai.lt\/#organization"},"potentialAction":[{"@type":"SearchAction","target":{"@type":"EntryPoint","urlTemplate":"https:\/\/elmeistrai.lt\/?s={search_term_string}"},"query-input":{"@type":"PropertyValueSpecification","valueRequired":true,"valueName":"search_term_string"}}],"inLanguage":"en-US"},{"@type":"Organization","@id":"https:\/\/elmeistrai.lt\/#organization","name":"elMeistrai.lt","alternateName":"Kavos aparat\u0173, paspirtuk\u0173, televizori\u0173, kompiuteri\u0173, telefon\u0173 ir kt. technikos remontas","url":"https:\/\/elmeistrai.lt\/","logo":{"@type":"ImageObject","inLanguage":"en-US","@id":"https:\/\/elmeistrai.lt\/#\/schema\/logo\/image\/","url":"https:\/\/elmeistrai.lt\/wp-content\/uploads\/2022\/09\/elmeistrai_logo.jpg","contentUrl":"https:\/\/elmeistrai.lt\/wp-content\/uploads\/2022\/09\/elmeistrai_logo.jpg","width":556,"height":143,"caption":"elMeistrai.lt"},"image":{"@id":"https:\/\/elmeistrai.lt\/#\/schema\/logo\/image\/"},"sameAs":["https:\/\/www.facebook.com\/elmeistrai.lt\/"]},{"@type":"Person","@id":"https:\/\/elmeistrai.lt\/#\/schema\/person\/6363b621eb9606785f7f2ae9a52987f7","name":"elMeistrai","image":{"@type":"ImageObject","inLanguage":"en-US","@id":"https:\/\/secure.gravatar.com\/avatar\/052f2d9640381d6904c5c0676ac3cc3d7ad734def78df3657e571451cad9870d?s=96&d=mm&r=g","url":"https:\/\/secure.gravatar.com\/avatar\/052f2d9640381d6904c5c0676ac3cc3d7ad734def78df3657e571451cad9870d?s=96&d=mm&r=g","contentUrl":"https:\/\/secure.gravatar.com\/avatar\/052f2d9640381d6904c5c0676ac3cc3d7ad734def78df3657e571451cad9870d?s=96&d=mm&r=g","caption":"elMeistrai"},"url":"https:\/\/elmeistrai.lt\/en\/author\/yipkxe\/"}]}},"uagb_featured_image_src":{"full":false,"thumbnail":false,"medium":false,"medium_large":false,"large":false,"1536x1536":false,"2048x2048":false,"trp-custom-language-flag":false,"writemag-1218w-autoh-image":false,"writemag-675w-autoh-image":false,"writemag-100w-100h-image":false},"uagb_author_info":{"display_name":"elMeistrai","author_link":"https:\/\/elmeistrai.lt\/en\/author\/yipkxe\/"},"uagb_comment_info":0,"uagb_excerpt":"BMW navigacijos Lietuvos ir Europos \u017eem\u0117lapiai sistemoms CIC Premium \/ CIC-MID Business Motion \/ Champ2 Business Move \/ NBT Next...","rttpg_featured_image_url":null,"rttpg_author":{"display_name":"elMeistrai","author_link":"https:\/\/elmeistrai.lt\/en\/author\/yipkxe\/"},"rttpg_comment":0,"rttpg_category":null,"rttpg_excerpt":"BMW navigacijos Lietuvos ir Europos \u017eem\u0117lapiai sistemoms CIC Premium \/ CIC-MID Business Motion \/ Champ2 Business Move \/ NBT Next...","_links":{"self":[{"href":"https:\/\/elmeistrai.lt\/en\/wp-json\/wp\/v2\/pages\/297","targetHints":{"allow":["GET"]}}],"collection":[{"href":"https:\/\/elmeistrai.lt\/en\/wp-json\/wp\/v2\/pages"}],"about":[{"href":"https:\/\/elmeistrai.lt\/en\/wp-json\/wp\/v2\/types\/page"}],"author":[{"embeddable":true,"href":"https:\/\/elmeistrai.lt\/en\/wp-json\/wp\/v2\/users\/1"}],"replies":[{"embeddable":true,"href":"https:\/\/elmeistrai.lt\/en\/wp-json\/wp\/v2\/comments?post=297"}],"version-history":[{"count":16,"href":"https:\/\/elmeistrai.lt\/en\/wp-json\/wp\/v2\/pages\/297\/revisions"}],"predecessor-version":[{"id":1546,"href":"https:\/\/elmeistrai.lt\/en\/wp-json\/wp\/v2\/pages\/297\/revisions\/1546"}],"wp:attachment":[{"href":"https:\/\/elmeistrai.lt\/en\/wp-json\/wp\/v2\/media?parent=297"}],"curies":[{"name":"wp","href":"https:\/\/api.w.org\/{rel}","templated":true}]}}