{"id":2089,"date":"2022-12-03T21:13:18","date_gmt":"2022-12-03T23:13:18","guid":{"rendered":"https:\/\/elmeistrai.lt\/?page_id=2089"},"modified":"2022-12-03T21:14:48","modified_gmt":"2022-12-03T23:14:48","slug":"nesiojamu-ir-stacionariu-kompiuteriu-procesoriu-keitimas-cpu","status":"publish","type":"page","link":"https:\/\/elmeistrai.lt\/en\/kompiuteriu-remontas\/nesiojamu-ir-stacionariu-kompiuteriu-procesoriu-keitimas-cpu\/","title":{"rendered":"Replacement of processors (CPUs) for laptops and desktop computers"},"content":{"rendered":"<p>Processors are replaced in both desktop and notebook computers. They are replaced both when they break down and during upgrades. The processor is selected according to the socket. The processor supported by the host socket is also considered. Sometimes the BIOS firmware of the motherboard has to be rewritten before the processor can be upgraded. On laptops, the whole computer must be disassembled to replace the processor. On desktop computers, it is sufficient to remove the case cover and the CPU cooler. When replacing the processor, the thermoplastic is always renewed and dusted, i.e. <a href=\"\/en\/kompiuteriu-remontas\/kompiuteriu-ausinimo-sistemos-atnaujinimas-dulkiu-valymas\/\">upgrading your computer's cooling system<\/a>. <\/p>\n\n\n\n<figure class=\"wp-block-image size-full\"><img loading=\"lazy\" decoding=\"async\" width=\"640\" height=\"427\" src=\"https:\/\/elmeistrai.lt\/wp-content\/uploads\/2022\/12\/kompiuterio-procesorius.jpg\" alt=\"\" class=\"wp-image-2090\" srcset=\"https:\/\/elmeistrai.lt\/wp-content\/uploads\/2022\/12\/kompiuterio-procesorius.jpg 640w, https:\/\/elmeistrai.lt\/wp-content\/uploads\/2022\/12\/kompiuterio-procesorius-300x200.jpg 300w\" sizes=\"auto, (max-width: 640px) 100vw, 640px\" \/><\/figure>\n\n\n\n<p>Replacing processors:<\/p>\n\n\n\n<ul class=\"wp-block-list\">\n<li>Elmeisters at a computer repair shop in Vilnius<\/li>\n\n\n\n<li>Elmeistrai in computer repair in Kaunas<\/li>\n\n\n\n<li>Elmeistrai in computer repair in Klaip\u0117da<\/li>\n<\/ul>\n\n\n\n<p><a href=\"https:\/\/elmeistrai.lt\/en\/kontaktai\/\">Our contacts<\/a><\/p>","protected":false},"excerpt":{"rendered":"<p>Processors are replaced in both desktop and notebook computers. They are replaced both when they break down and during upgrades. The processor is selected based on...<\/p>","protected":false},"author":1,"featured_media":0,"parent":14,"menu_order":0,"comment_status":"closed","ping_status":"closed","template":"","meta":{"_uag_custom_page_level_css":"","footnotes":""},"class_list":["post-2089","page","type-page","status-publish","hentry"],"yoast_head":"<!-- This site is optimized with the Yoast SEO plugin v27.5 - https:\/\/yoast.com\/product\/yoast-seo-wordpress\/ -->\n<title>Ne\u0161iojam\u0173 ir stacionari\u0173 kompiuteri\u0173 procesori\u0173 keitimas (CPU) Vilniuje, Kaune, Klaip\u0117doje, \u0160iauliuose<\/title>\n<meta name=\"robots\" content=\"index, follow, max-snippet:-1, max-image-preview:large, max-video-preview:-1\" \/>\n<link rel=\"canonical\" href=\"https:\/\/elmeistrai.lt\/en\/kompiuteriu-remontas\/nesiojamu-ir-stacionariu-kompiuteriu-procesoriu-keitimas-cpu\/\" \/>\n<meta property=\"og:locale\" content=\"en_US\" \/>\n<meta property=\"og:type\" content=\"article\" \/>\n<meta property=\"og:title\" content=\"Ne\u0161iojam\u0173 ir stacionari\u0173 kompiuteri\u0173 procesori\u0173 keitimas (CPU) Vilniuje, Kaune, Klaip\u0117doje, \u0160iauliuose\" \/>\n<meta property=\"og:description\" content=\"Procesoriai kei\u010diami tiek stacionari\u0173, tiek ne\u0161iojam\u0173j\u0173 kompiuteri\u0173. Jie yra kei\u010diami tiek jiems sugedus, tiek atliekant modernizacij\u0105. Procesorius parenkamas atsi\u017evelgiant \u012f...\" \/>\n<meta property=\"og:url\" content=\"https:\/\/elmeistrai.lt\/en\/kompiuteriu-remontas\/nesiojamu-ir-stacionariu-kompiuteriu-procesoriu-keitimas-cpu\/\" \/>\n<meta property=\"og:site_name\" content=\"Vilniuje, Kaune, Klaip\u0117doje, \u0160iauliuose\" \/>\n<meta property=\"article:publisher\" content=\"https:\/\/www.facebook.com\/elmeistrai.lt\/\" \/>\n<meta property=\"article:modified_time\" content=\"2022-12-03T23:14:48+00:00\" \/>\n<meta property=\"og:image\" content=\"https:\/\/elmeistrai.lt\/wp-content\/uploads\/2022\/12\/kompiuterio-procesorius.jpg\" \/>\n<meta name=\"twitter:card\" content=\"summary_large_image\" \/>\n<meta name=\"twitter:label1\" content=\"Est. reading time\" \/>\n\t<meta name=\"twitter:data1\" content=\"1 minute\" \/>\n<script type=\"application\/ld+json\" class=\"yoast-schema-graph\">{\"@context\":\"https:\\\/\\\/schema.org\",\"@graph\":[{\"@type\":\"NewsArticle\",\"@id\":\"https:\\\/\\\/elmeistrai.lt\\\/kompiuteriu-remontas\\\/nesiojamu-ir-stacionariu-kompiuteriu-procesoriu-keitimas-cpu\\\/#article\",\"isPartOf\":{\"@id\":\"https:\\\/\\\/elmeistrai.lt\\\/kompiuteriu-remontas\\\/nesiojamu-ir-stacionariu-kompiuteriu-procesoriu-keitimas-cpu\\\/\"},\"author\":{\"name\":\"elMeistrai\",\"@id\":\"https:\\\/\\\/elmeistrai.lt\\\/#\\\/schema\\\/person\\\/6363b621eb9606785f7f2ae9a52987f7\"},\"headline\":\"Ne\u0161iojam\u0173 ir stacionari\u0173 kompiuteri\u0173 procesori\u0173 keitimas (CPU)\",\"datePublished\":\"2022-12-03T23:13:18+00:00\",\"dateModified\":\"2022-12-03T23:14:48+00:00\",\"mainEntityOfPage\":{\"@id\":\"https:\\\/\\\/elmeistrai.lt\\\/kompiuteriu-remontas\\\/nesiojamu-ir-stacionariu-kompiuteriu-procesoriu-keitimas-cpu\\\/\"},\"wordCount\":128,\"publisher\":{\"@id\":\"https:\\\/\\\/elmeistrai.lt\\\/#organization\"},\"image\":{\"@id\":\"https:\\\/\\\/elmeistrai.lt\\\/kompiuteriu-remontas\\\/nesiojamu-ir-stacionariu-kompiuteriu-procesoriu-keitimas-cpu\\\/#primaryimage\"},\"thumbnailUrl\":\"https:\\\/\\\/elmeistrai.lt\\\/wp-content\\\/uploads\\\/2022\\\/12\\\/kompiuterio-procesorius.jpg\",\"inLanguage\":\"en-US\"},{\"@type\":[\"WebPage\",\"ItemPage\"],\"@id\":\"https:\\\/\\\/elmeistrai.lt\\\/kompiuteriu-remontas\\\/nesiojamu-ir-stacionariu-kompiuteriu-procesoriu-keitimas-cpu\\\/\",\"url\":\"https:\\\/\\\/elmeistrai.lt\\\/kompiuteriu-remontas\\\/nesiojamu-ir-stacionariu-kompiuteriu-procesoriu-keitimas-cpu\\\/\",\"name\":\"Ne\u0161iojam\u0173 ir stacionari\u0173 kompiuteri\u0173 procesori\u0173 keitimas (CPU) Vilniuje, Kaune, Klaip\u0117doje, \u0160iauliuose\",\"isPartOf\":{\"@id\":\"https:\\\/\\\/elmeistrai.lt\\\/#website\"},\"primaryImageOfPage\":{\"@id\":\"https:\\\/\\\/elmeistrai.lt\\\/kompiuteriu-remontas\\\/nesiojamu-ir-stacionariu-kompiuteriu-procesoriu-keitimas-cpu\\\/#primaryimage\"},\"image\":{\"@id\":\"https:\\\/\\\/elmeistrai.lt\\\/kompiuteriu-remontas\\\/nesiojamu-ir-stacionariu-kompiuteriu-procesoriu-keitimas-cpu\\\/#primaryimage\"},\"thumbnailUrl\":\"https:\\\/\\\/elmeistrai.lt\\\/wp-content\\\/uploads\\\/2022\\\/12\\\/kompiuterio-procesorius.jpg\",\"datePublished\":\"2022-12-03T23:13:18+00:00\",\"dateModified\":\"2022-12-03T23:14:48+00:00\",\"breadcrumb\":{\"@id\":\"https:\\\/\\\/elmeistrai.lt\\\/kompiuteriu-remontas\\\/nesiojamu-ir-stacionariu-kompiuteriu-procesoriu-keitimas-cpu\\\/#breadcrumb\"},\"inLanguage\":\"en-US\",\"potentialAction\":[{\"@type\":\"ReadAction\",\"target\":[\"https:\\\/\\\/elmeistrai.lt\\\/kompiuteriu-remontas\\\/nesiojamu-ir-stacionariu-kompiuteriu-procesoriu-keitimas-cpu\\\/\"]}]},{\"@type\":\"ImageObject\",\"inLanguage\":\"en-US\",\"@id\":\"https:\\\/\\\/elmeistrai.lt\\\/kompiuteriu-remontas\\\/nesiojamu-ir-stacionariu-kompiuteriu-procesoriu-keitimas-cpu\\\/#primaryimage\",\"url\":\"https:\\\/\\\/elmeistrai.lt\\\/wp-content\\\/uploads\\\/2022\\\/12\\\/kompiuterio-procesorius.jpg\",\"contentUrl\":\"https:\\\/\\\/elmeistrai.lt\\\/wp-content\\\/uploads\\\/2022\\\/12\\\/kompiuterio-procesorius.jpg\"},{\"@type\":\"BreadcrumbList\",\"@id\":\"https:\\\/\\\/elmeistrai.lt\\\/kompiuteriu-remontas\\\/nesiojamu-ir-stacionariu-kompiuteriu-procesoriu-keitimas-cpu\\\/#breadcrumb\",\"itemListElement\":[{\"@type\":\"ListItem\",\"position\":1,\"name\":\"Home\",\"item\":\"https:\\\/\\\/elmeistrai.lt\\\/\"},{\"@type\":\"ListItem\",\"position\":2,\"name\":\"Profesionalus kompiuteri\u0173 remontas Vilniuje, Kaune, Klaip\u0117doje ir \u0160iauliuose\",\"item\":\"https:\\\/\\\/elmeistrai.lt\\\/kompiuteriu-remontas\\\/\"},{\"@type\":\"ListItem\",\"position\":3,\"name\":\"Ne\u0161iojam\u0173 ir stacionari\u0173 kompiuteri\u0173 procesori\u0173 keitimas (CPU)\"}]},{\"@type\":\"WebSite\",\"@id\":\"https:\\\/\\\/elmeistrai.lt\\\/#website\",\"url\":\"https:\\\/\\\/elmeistrai.lt\\\/\",\"name\":\"Vilniuje, Kaune, Klaip\u0117doje, \u0160iauliuose\",\"description\":\"Nam\u0173 ir verslo elektronikos prietais\u0173 remontas. Kase\u010di\u0173 pildymas.\",\"publisher\":{\"@id\":\"https:\\\/\\\/elmeistrai.lt\\\/#organization\"},\"potentialAction\":[{\"@type\":\"SearchAction\",\"target\":{\"@type\":\"EntryPoint\",\"urlTemplate\":\"https:\\\/\\\/elmeistrai.lt\\\/?s={search_term_string}\"},\"query-input\":{\"@type\":\"PropertyValueSpecification\",\"valueRequired\":true,\"valueName\":\"search_term_string\"}}],\"inLanguage\":\"en-US\"},{\"@type\":\"Organization\",\"@id\":\"https:\\\/\\\/elmeistrai.lt\\\/#organization\",\"name\":\"elMeistrai.lt\",\"alternateName\":\"Kavos aparat\u0173, paspirtuk\u0173, televizori\u0173, kompiuteri\u0173, telefon\u0173 ir kt. technikos remontas\",\"url\":\"https:\\\/\\\/elmeistrai.lt\\\/\",\"logo\":{\"@type\":\"ImageObject\",\"inLanguage\":\"en-US\",\"@id\":\"https:\\\/\\\/elmeistrai.lt\\\/#\\\/schema\\\/logo\\\/image\\\/\",\"url\":\"https:\\\/\\\/elmeistrai.lt\\\/wp-content\\\/uploads\\\/2022\\\/09\\\/elmeistrai_logo.jpg\",\"contentUrl\":\"https:\\\/\\\/elmeistrai.lt\\\/wp-content\\\/uploads\\\/2022\\\/09\\\/elmeistrai_logo.jpg\",\"width\":556,\"height\":143,\"caption\":\"elMeistrai.lt\"},\"image\":{\"@id\":\"https:\\\/\\\/elmeistrai.lt\\\/#\\\/schema\\\/logo\\\/image\\\/\"},\"sameAs\":[\"https:\\\/\\\/www.facebook.com\\\/elmeistrai.lt\\\/\"]},{\"@type\":\"Person\",\"@id\":\"https:\\\/\\\/elmeistrai.lt\\\/#\\\/schema\\\/person\\\/6363b621eb9606785f7f2ae9a52987f7\",\"name\":\"elMeistrai\",\"image\":{\"@type\":\"ImageObject\",\"inLanguage\":\"en-US\",\"@id\":\"https:\\\/\\\/secure.gravatar.com\\\/avatar\\\/052f2d9640381d6904c5c0676ac3cc3d7ad734def78df3657e571451cad9870d?s=96&d=mm&r=g\",\"url\":\"https:\\\/\\\/secure.gravatar.com\\\/avatar\\\/052f2d9640381d6904c5c0676ac3cc3d7ad734def78df3657e571451cad9870d?s=96&d=mm&r=g\",\"contentUrl\":\"https:\\\/\\\/secure.gravatar.com\\\/avatar\\\/052f2d9640381d6904c5c0676ac3cc3d7ad734def78df3657e571451cad9870d?s=96&d=mm&r=g\",\"caption\":\"elMeistrai\"},\"url\":\"https:\\\/\\\/elmeistrai.lt\\\/en\\\/author\\\/yipkxe\\\/\"}]}<\/script>\n<!-- \/ Yoast SEO plugin. -->","yoast_head_json":{"title":"Ne\u0161iojam\u0173 ir stacionari\u0173 kompiuteri\u0173 procesori\u0173 keitimas (CPU) Vilniuje, Kaune, Klaip\u0117doje, \u0160iauliuose","robots":{"index":"index","follow":"follow","max-snippet":"max-snippet:-1","max-image-preview":"max-image-preview:large","max-video-preview":"max-video-preview:-1"},"canonical":"https:\/\/elmeistrai.lt\/en\/kompiuteriu-remontas\/nesiojamu-ir-stacionariu-kompiuteriu-procesoriu-keitimas-cpu\/","og_locale":"en_US","og_type":"article","og_title":"Ne\u0161iojam\u0173 ir stacionari\u0173 kompiuteri\u0173 procesori\u0173 keitimas (CPU) Vilniuje, Kaune, Klaip\u0117doje, \u0160iauliuose","og_description":"Procesoriai kei\u010diami tiek stacionari\u0173, tiek ne\u0161iojam\u0173j\u0173 kompiuteri\u0173. Jie yra kei\u010diami tiek jiems sugedus, tiek atliekant modernizacij\u0105. Procesorius parenkamas atsi\u017evelgiant \u012f...","og_url":"https:\/\/elmeistrai.lt\/en\/kompiuteriu-remontas\/nesiojamu-ir-stacionariu-kompiuteriu-procesoriu-keitimas-cpu\/","og_site_name":"Vilniuje, Kaune, Klaip\u0117doje, \u0160iauliuose","article_publisher":"https:\/\/www.facebook.com\/elmeistrai.lt\/","article_modified_time":"2022-12-03T23:14:48+00:00","og_image":[{"url":"https:\/\/elmeistrai.lt\/wp-content\/uploads\/2022\/12\/kompiuterio-procesorius.jpg","type":"","width":"","height":""}],"twitter_card":"summary_large_image","twitter_misc":{"Est. reading time":"1 minute"},"schema":{"@context":"https:\/\/schema.org","@graph":[{"@type":"NewsArticle","@id":"https:\/\/elmeistrai.lt\/kompiuteriu-remontas\/nesiojamu-ir-stacionariu-kompiuteriu-procesoriu-keitimas-cpu\/#article","isPartOf":{"@id":"https:\/\/elmeistrai.lt\/kompiuteriu-remontas\/nesiojamu-ir-stacionariu-kompiuteriu-procesoriu-keitimas-cpu\/"},"author":{"name":"elMeistrai","@id":"https:\/\/elmeistrai.lt\/#\/schema\/person\/6363b621eb9606785f7f2ae9a52987f7"},"headline":"Ne\u0161iojam\u0173 ir stacionari\u0173 kompiuteri\u0173 procesori\u0173 keitimas (CPU)","datePublished":"2022-12-03T23:13:18+00:00","dateModified":"2022-12-03T23:14:48+00:00","mainEntityOfPage":{"@id":"https:\/\/elmeistrai.lt\/kompiuteriu-remontas\/nesiojamu-ir-stacionariu-kompiuteriu-procesoriu-keitimas-cpu\/"},"wordCount":128,"publisher":{"@id":"https:\/\/elmeistrai.lt\/#organization"},"image":{"@id":"https:\/\/elmeistrai.lt\/kompiuteriu-remontas\/nesiojamu-ir-stacionariu-kompiuteriu-procesoriu-keitimas-cpu\/#primaryimage"},"thumbnailUrl":"https:\/\/elmeistrai.lt\/wp-content\/uploads\/2022\/12\/kompiuterio-procesorius.jpg","inLanguage":"en-US"},{"@type":["WebPage","ItemPage"],"@id":"https:\/\/elmeistrai.lt\/kompiuteriu-remontas\/nesiojamu-ir-stacionariu-kompiuteriu-procesoriu-keitimas-cpu\/","url":"https:\/\/elmeistrai.lt\/kompiuteriu-remontas\/nesiojamu-ir-stacionariu-kompiuteriu-procesoriu-keitimas-cpu\/","name":"Ne\u0161iojam\u0173 ir stacionari\u0173 kompiuteri\u0173 procesori\u0173 keitimas (CPU) Vilniuje, Kaune, Klaip\u0117doje, \u0160iauliuose","isPartOf":{"@id":"https:\/\/elmeistrai.lt\/#website"},"primaryImageOfPage":{"@id":"https:\/\/elmeistrai.lt\/kompiuteriu-remontas\/nesiojamu-ir-stacionariu-kompiuteriu-procesoriu-keitimas-cpu\/#primaryimage"},"image":{"@id":"https:\/\/elmeistrai.lt\/kompiuteriu-remontas\/nesiojamu-ir-stacionariu-kompiuteriu-procesoriu-keitimas-cpu\/#primaryimage"},"thumbnailUrl":"https:\/\/elmeistrai.lt\/wp-content\/uploads\/2022\/12\/kompiuterio-procesorius.jpg","datePublished":"2022-12-03T23:13:18+00:00","dateModified":"2022-12-03T23:14:48+00:00","breadcrumb":{"@id":"https:\/\/elmeistrai.lt\/kompiuteriu-remontas\/nesiojamu-ir-stacionariu-kompiuteriu-procesoriu-keitimas-cpu\/#breadcrumb"},"inLanguage":"en-US","potentialAction":[{"@type":"ReadAction","target":["https:\/\/elmeistrai.lt\/kompiuteriu-remontas\/nesiojamu-ir-stacionariu-kompiuteriu-procesoriu-keitimas-cpu\/"]}]},{"@type":"ImageObject","inLanguage":"en-US","@id":"https:\/\/elmeistrai.lt\/kompiuteriu-remontas\/nesiojamu-ir-stacionariu-kompiuteriu-procesoriu-keitimas-cpu\/#primaryimage","url":"https:\/\/elmeistrai.lt\/wp-content\/uploads\/2022\/12\/kompiuterio-procesorius.jpg","contentUrl":"https:\/\/elmeistrai.lt\/wp-content\/uploads\/2022\/12\/kompiuterio-procesorius.jpg"},{"@type":"BreadcrumbList","@id":"https:\/\/elmeistrai.lt\/kompiuteriu-remontas\/nesiojamu-ir-stacionariu-kompiuteriu-procesoriu-keitimas-cpu\/#breadcrumb","itemListElement":[{"@type":"ListItem","position":1,"name":"Home","item":"https:\/\/elmeistrai.lt\/"},{"@type":"ListItem","position":2,"name":"Profesionalus kompiuteri\u0173 remontas Vilniuje, Kaune, Klaip\u0117doje ir \u0160iauliuose","item":"https:\/\/elmeistrai.lt\/kompiuteriu-remontas\/"},{"@type":"ListItem","position":3,"name":"Ne\u0161iojam\u0173 ir stacionari\u0173 kompiuteri\u0173 procesori\u0173 keitimas (CPU)"}]},{"@type":"WebSite","@id":"https:\/\/elmeistrai.lt\/#website","url":"https:\/\/elmeistrai.lt\/","name":"Vilnius, Kaunas, Klaip\u0117da, \u0160iauliai","description":"Repair of home and business electronics. Cartridge refilling.","publisher":{"@id":"https:\/\/elmeistrai.lt\/#organization"},"potentialAction":[{"@type":"SearchAction","target":{"@type":"EntryPoint","urlTemplate":"https:\/\/elmeistrai.lt\/?s={search_term_string}"},"query-input":{"@type":"PropertyValueSpecification","valueRequired":true,"valueName":"search_term_string"}}],"inLanguage":"en-US"},{"@type":"Organization","@id":"https:\/\/elmeistrai.lt\/#organization","name":"elMeistrai.lt","alternateName":"Kavos aparat\u0173, paspirtuk\u0173, televizori\u0173, kompiuteri\u0173, telefon\u0173 ir kt. technikos remontas","url":"https:\/\/elmeistrai.lt\/","logo":{"@type":"ImageObject","inLanguage":"en-US","@id":"https:\/\/elmeistrai.lt\/#\/schema\/logo\/image\/","url":"https:\/\/elmeistrai.lt\/wp-content\/uploads\/2022\/09\/elmeistrai_logo.jpg","contentUrl":"https:\/\/elmeistrai.lt\/wp-content\/uploads\/2022\/09\/elmeistrai_logo.jpg","width":556,"height":143,"caption":"elMeistrai.lt"},"image":{"@id":"https:\/\/elmeistrai.lt\/#\/schema\/logo\/image\/"},"sameAs":["https:\/\/www.facebook.com\/elmeistrai.lt\/"]},{"@type":"Person","@id":"https:\/\/elmeistrai.lt\/#\/schema\/person\/6363b621eb9606785f7f2ae9a52987f7","name":"elMeistrai","image":{"@type":"ImageObject","inLanguage":"en-US","@id":"https:\/\/secure.gravatar.com\/avatar\/052f2d9640381d6904c5c0676ac3cc3d7ad734def78df3657e571451cad9870d?s=96&d=mm&r=g","url":"https:\/\/secure.gravatar.com\/avatar\/052f2d9640381d6904c5c0676ac3cc3d7ad734def78df3657e571451cad9870d?s=96&d=mm&r=g","contentUrl":"https:\/\/secure.gravatar.com\/avatar\/052f2d9640381d6904c5c0676ac3cc3d7ad734def78df3657e571451cad9870d?s=96&d=mm&r=g","caption":"elMeistrai"},"url":"https:\/\/elmeistrai.lt\/en\/author\/yipkxe\/"}]}},"uagb_featured_image_src":{"full":false,"thumbnail":false,"medium":false,"medium_large":false,"large":false,"1536x1536":false,"2048x2048":false,"trp-custom-language-flag":false,"writemag-1218w-autoh-image":false,"writemag-675w-autoh-image":false,"writemag-100w-100h-image":false},"uagb_author_info":{"display_name":"elMeistrai","author_link":"https:\/\/elmeistrai.lt\/en\/author\/yipkxe\/"},"uagb_comment_info":0,"uagb_excerpt":"Procesoriai kei\u010diami tiek stacionari\u0173, tiek ne\u0161iojam\u0173j\u0173 kompiuteri\u0173. Jie yra kei\u010diami tiek jiems sugedus, tiek atliekant modernizacij\u0105. Procesorius parenkamas atsi\u017evelgiant \u012f...","rttpg_featured_image_url":null,"rttpg_author":{"display_name":"elMeistrai","author_link":"https:\/\/elmeistrai.lt\/en\/author\/yipkxe\/"},"rttpg_comment":0,"rttpg_category":null,"rttpg_excerpt":"Procesoriai kei\u010diami tiek stacionari\u0173, tiek ne\u0161iojam\u0173j\u0173 kompiuteri\u0173. Jie yra kei\u010diami tiek jiems sugedus, tiek atliekant modernizacij\u0105. Procesorius parenkamas atsi\u017evelgiant \u012f...","_links":{"self":[{"href":"https:\/\/elmeistrai.lt\/en\/wp-json\/wp\/v2\/pages\/2089","targetHints":{"allow":["GET"]}}],"collection":[{"href":"https:\/\/elmeistrai.lt\/en\/wp-json\/wp\/v2\/pages"}],"about":[{"href":"https:\/\/elmeistrai.lt\/en\/wp-json\/wp\/v2\/types\/page"}],"author":[{"embeddable":true,"href":"https:\/\/elmeistrai.lt\/en\/wp-json\/wp\/v2\/users\/1"}],"replies":[{"embeddable":true,"href":"https:\/\/elmeistrai.lt\/en\/wp-json\/wp\/v2\/comments?post=2089"}],"version-history":[{"count":2,"href":"https:\/\/elmeistrai.lt\/en\/wp-json\/wp\/v2\/pages\/2089\/revisions"}],"predecessor-version":[{"id":2093,"href":"https:\/\/elmeistrai.lt\/en\/wp-json\/wp\/v2\/pages\/2089\/revisions\/2093"}],"up":[{"embeddable":true,"href":"https:\/\/elmeistrai.lt\/en\/wp-json\/wp\/v2\/pages\/14"}],"wp:attachment":[{"href":"https:\/\/elmeistrai.lt\/en\/wp-json\/wp\/v2\/media?parent=2089"}],"curies":[{"name":"wp","href":"https:\/\/api.w.org\/{rel}","templated":true}]}}