{"id":1876,"date":"2022-09-29T06:07:34","date_gmt":"2022-09-29T08:07:34","guid":{"rendered":"https:\/\/elmeistrai.lt\/?page_id=1876"},"modified":"2022-09-29T06:24:22","modified_gmt":"2022-09-29T08:24:22","slug":"programiniu-gedimu-taisymas","status":"publish","type":"page","link":"https:\/\/elmeistrai.lt\/en\/kompiuteriu-remontas\/programiniu-gedimu-taisymas\/","title":{"rendered":"Repairing software faults"},"content":{"rendered":"<p>Computer failures can be both technical and software. Diagnosing a fault always starts with identifying the nature of the fault. In this case, once it is established that the fault is software-related, further repair actions are carried out depending on the nature of the complaint.<\/p>\n\n\n\n<p><span style=\"text-decoration: underline;\">Examples of possible repair situations<\/span><\/p>\n\n\n\n<ul class=\"wp-block-list\"><li><strong>The computer won't boot, free diagnostics, no urgency for repairs. Data is important. <\/strong><\/li><\/ul>\n\n\n\n<ol class=\"wp-block-list\"><li>The computer is inspected by a technician and an action plan is drawn up, taking into account the likelihood of potential problems affecting the failure, in order to identify the problem as quickly as possible. <\/li><li>When there is no urgency for repairs, all components of the computer - hard disk drive (HDD), RAM, power supply unit (PSU), processor (CPU) and its cooler, motherboard - are always tested for free. The state of the OS (operating system) is assessed. Sometimes it is possible to manage an existing system without rebuilding a new one. In this case, all the old settings remain in place. However, sometimes the existing system is so damaged that there is only one way to go - rebuild it. Once all the problems have been identified, we inform the customer about the situation and what repair alternatives are available. If the parts are bad, they can be replaced with either new or used parts. A general estimate of the work is drawn up. <\/li><li>In this case, when all components are working properly (after successful tests or after replacing non-functioning components with good ones), software repairs are started. If the operating system (Windows\/Linux) can be repaired without reinstalling it, the existing system is repaired. If a fresh reinstallation is needed, the first step is to connect the hard disk to another computer and to remove all the important data on it, such as photos, documents, videos, application settings. Then, with a copy of the data already available, the process begins <a href=\"\/en\/kompiuteriu-remontas\/operaciniu-sistemu-windows-ir-kt-perinstaliavimas-perdiegimas\/\">operating system reinstallation<\/a> (reinstall\/restore). During operating system recovery, the hard disk can be partitioned or unpartitioned.<\/li><li>When you reinstall your operating system, the first step is to install the latest drivers and updates to the system itself. Then additional standard or client-requested applications are installed and configured (e.g. Outlook email settings etc.). All saved data is loaded back. <\/li><\/ol>\n\n\n\n<p><em>The duration of such repairs can range from a few working hours to several working days.<\/em><\/p>\n\n\n\n<ul class=\"wp-block-list\"><li><strong>The computer boots up, but is very slow. Probably needs to be cleaned of viruses and unwanted programs. Repairs are urgent.<\/strong><\/li><\/ul>\n\n\n\n<ol class=\"wp-block-list\"><li>A computer technician quickly assesses the condition of the computer and determines the possibility and risks of a repair timeframe. The Task Manager looks at which applications are using how much resources and performs a quick SMART test of the hard disk. This allows us to predict repair times and options with very high accuracy. The customer is informed of this.<\/li><li>Special programs are used to clean your computer of viruses, junk and unwanted programs. In most cases, the computer recovers and continues working successfully. In the worst cases, a longer full testing procedure is required.<\/li><\/ol>\n\n\n\n<p><em>Repair time: from a few working hours.<\/em><\/p>\n\n\n\n<ul class=\"wp-block-list\"><li><strong>The computer won't boot or is new without an operating system. I need to get my computer up and running urgently. No important data.<\/strong><\/li><\/ul>\n\n\n\n<ol class=\"wp-block-list\"><li>Condition assessment, quick tests (in the case of computers that are not new). <\/li><li>Formatting the hard drive and restoring or reinstalling the operating system.<\/li><li>Standard basic applications are installed, as well as additional applications requested by the client. Basic applications: browser, anti-virus, updates, document applications.<\/li><\/ol>\n\n\n\n<p><em>Repair time: from a few working hours<\/em><\/p>\n\n\n\n<figure class=\"wp-block-image size-full\"><img loading=\"lazy\" decoding=\"async\" width=\"640\" height=\"352\" src=\"https:\/\/elmeistrai.lt\/wp-content\/uploads\/2022\/09\/kompiuteriu-programinis-remontas.jpg\" alt=\"Kompiuterio programinis remontas, diagnostika\" class=\"wp-image-1884\" srcset=\"https:\/\/elmeistrai.lt\/wp-content\/uploads\/2022\/09\/kompiuteriu-programinis-remontas.jpg 640w, https:\/\/elmeistrai.lt\/wp-content\/uploads\/2022\/09\/kompiuteriu-programinis-remontas-300x165.jpg 300w\" sizes=\"auto, (max-width: 640px) 100vw, 640px\" \/><\/figure>\n\n\n\n<p>Need a repair? Contact us <a href=\"\/en\/kontaktai\/\">service contacts<\/a> or just come and see us.<\/p>","protected":false},"excerpt":{"rendered":"<p>Computer failures can be both technical and software. Diagnosing a fault always starts with identifying the nature of the fault. In this case, once it has been...<\/p>","protected":false},"author":1,"featured_media":0,"parent":14,"menu_order":0,"comment_status":"closed","ping_status":"closed","template":"","meta":{"_uag_custom_page_level_css":"","footnotes":""},"class_list":["post-1876","page","type-page","status-publish","hentry"],"yoast_head":"<!-- This site is optimized with the Yoast SEO plugin v27.3 - https:\/\/yoast.com\/product\/yoast-seo-wordpress\/ -->\n<title>Programini\u0173 gedim\u0173 taisymas Vilniuje, Kaune, Klaip\u0117doje, \u0160iauliuose<\/title>\n<meta name=\"robots\" content=\"index, follow, max-snippet:-1, max-image-preview:large, max-video-preview:-1\" \/>\n<link rel=\"canonical\" href=\"https:\/\/elmeistrai.lt\/en\/kompiuteriu-remontas\/programiniu-gedimu-taisymas\/\" \/>\n<meta property=\"og:locale\" content=\"en_US\" \/>\n<meta property=\"og:type\" content=\"article\" \/>\n<meta property=\"og:title\" content=\"Programini\u0173 gedim\u0173 taisymas Vilniuje, Kaune, Klaip\u0117doje, \u0160iauliuose\" \/>\n<meta property=\"og:description\" content=\"Kompiuteri\u0173 gedimai gali b\u016bti tiek techniniai, tiek programiniai. Gedimo diagnostika visada prasideda nuo gedimo pob\u016bd\u017eio nustatymo. Tokiu atveju, kai nustatoma,...\" \/>\n<meta property=\"og:url\" content=\"https:\/\/elmeistrai.lt\/en\/kompiuteriu-remontas\/programiniu-gedimu-taisymas\/\" \/>\n<meta property=\"og:site_name\" content=\"Vilniuje, Kaune, Klaip\u0117doje, \u0160iauliuose\" \/>\n<meta property=\"article:publisher\" content=\"https:\/\/www.facebook.com\/elmeistrai.lt\/\" \/>\n<meta property=\"article:modified_time\" content=\"2022-09-29T08:24:22+00:00\" \/>\n<meta property=\"og:image\" content=\"https:\/\/elmeistrai.lt\/wp-content\/uploads\/2022\/09\/kompiuteriu-programinis-remontas.jpg\" \/>\n<meta name=\"twitter:card\" content=\"summary_large_image\" \/>\n<meta name=\"twitter:label1\" content=\"Est. reading time\" \/>\n\t<meta name=\"twitter:data1\" content=\"3 minutes\" \/>\n<script type=\"application\/ld+json\" class=\"yoast-schema-graph\">{\"@context\":\"https:\\\/\\\/schema.org\",\"@graph\":[{\"@type\":\"NewsArticle\",\"@id\":\"https:\\\/\\\/elmeistrai.lt\\\/kompiuteriu-remontas\\\/programiniu-gedimu-taisymas\\\/#article\",\"isPartOf\":{\"@id\":\"https:\\\/\\\/elmeistrai.lt\\\/kompiuteriu-remontas\\\/programiniu-gedimu-taisymas\\\/\"},\"author\":{\"name\":\"elMeistrai\",\"@id\":\"https:\\\/\\\/elmeistrai.lt\\\/#\\\/schema\\\/person\\\/6363b621eb9606785f7f2ae9a52987f7\"},\"headline\":\"Programini\u0173 gedim\u0173 taisymas\",\"datePublished\":\"2022-09-29T08:07:34+00:00\",\"dateModified\":\"2022-09-29T08:24:22+00:00\",\"mainEntityOfPage\":{\"@id\":\"https:\\\/\\\/elmeistrai.lt\\\/kompiuteriu-remontas\\\/programiniu-gedimu-taisymas\\\/\"},\"wordCount\":514,\"publisher\":{\"@id\":\"https:\\\/\\\/elmeistrai.lt\\\/#organization\"},\"image\":{\"@id\":\"https:\\\/\\\/elmeistrai.lt\\\/kompiuteriu-remontas\\\/programiniu-gedimu-taisymas\\\/#primaryimage\"},\"thumbnailUrl\":\"https:\\\/\\\/elmeistrai.lt\\\/wp-content\\\/uploads\\\/2022\\\/09\\\/kompiuteriu-programinis-remontas.jpg\",\"inLanguage\":\"en-US\"},{\"@type\":[\"WebPage\",\"ItemPage\"],\"@id\":\"https:\\\/\\\/elmeistrai.lt\\\/kompiuteriu-remontas\\\/programiniu-gedimu-taisymas\\\/\",\"url\":\"https:\\\/\\\/elmeistrai.lt\\\/kompiuteriu-remontas\\\/programiniu-gedimu-taisymas\\\/\",\"name\":\"Programini\u0173 gedim\u0173 taisymas Vilniuje, Kaune, Klaip\u0117doje, \u0160iauliuose\",\"isPartOf\":{\"@id\":\"https:\\\/\\\/elmeistrai.lt\\\/#website\"},\"primaryImageOfPage\":{\"@id\":\"https:\\\/\\\/elmeistrai.lt\\\/kompiuteriu-remontas\\\/programiniu-gedimu-taisymas\\\/#primaryimage\"},\"image\":{\"@id\":\"https:\\\/\\\/elmeistrai.lt\\\/kompiuteriu-remontas\\\/programiniu-gedimu-taisymas\\\/#primaryimage\"},\"thumbnailUrl\":\"https:\\\/\\\/elmeistrai.lt\\\/wp-content\\\/uploads\\\/2022\\\/09\\\/kompiuteriu-programinis-remontas.jpg\",\"datePublished\":\"2022-09-29T08:07:34+00:00\",\"dateModified\":\"2022-09-29T08:24:22+00:00\",\"breadcrumb\":{\"@id\":\"https:\\\/\\\/elmeistrai.lt\\\/kompiuteriu-remontas\\\/programiniu-gedimu-taisymas\\\/#breadcrumb\"},\"inLanguage\":\"en-US\",\"potentialAction\":[{\"@type\":\"ReadAction\",\"target\":[\"https:\\\/\\\/elmeistrai.lt\\\/kompiuteriu-remontas\\\/programiniu-gedimu-taisymas\\\/\"]}]},{\"@type\":\"ImageObject\",\"inLanguage\":\"en-US\",\"@id\":\"https:\\\/\\\/elmeistrai.lt\\\/kompiuteriu-remontas\\\/programiniu-gedimu-taisymas\\\/#primaryimage\",\"url\":\"https:\\\/\\\/elmeistrai.lt\\\/wp-content\\\/uploads\\\/2022\\\/09\\\/kompiuteriu-programinis-remontas.jpg\",\"contentUrl\":\"https:\\\/\\\/elmeistrai.lt\\\/wp-content\\\/uploads\\\/2022\\\/09\\\/kompiuteriu-programinis-remontas.jpg\"},{\"@type\":\"BreadcrumbList\",\"@id\":\"https:\\\/\\\/elmeistrai.lt\\\/kompiuteriu-remontas\\\/programiniu-gedimu-taisymas\\\/#breadcrumb\",\"itemListElement\":[{\"@type\":\"ListItem\",\"position\":1,\"name\":\"Home\",\"item\":\"https:\\\/\\\/elmeistrai.lt\\\/\"},{\"@type\":\"ListItem\",\"position\":2,\"name\":\"Profesionalus kompiuteri\u0173 remontas Vilniuje, Kaune, Klaip\u0117doje ir \u0160iauliuose\",\"item\":\"https:\\\/\\\/elmeistrai.lt\\\/kompiuteriu-remontas\\\/\"},{\"@type\":\"ListItem\",\"position\":3,\"name\":\"Programini\u0173 gedim\u0173 taisymas\"}]},{\"@type\":\"WebSite\",\"@id\":\"https:\\\/\\\/elmeistrai.lt\\\/#website\",\"url\":\"https:\\\/\\\/elmeistrai.lt\\\/\",\"name\":\"Vilniuje, Kaune, Klaip\u0117doje, \u0160iauliuose\",\"description\":\"Nam\u0173 ir verslo elektronikos prietais\u0173 remontas. Kase\u010di\u0173 pildymas.\",\"publisher\":{\"@id\":\"https:\\\/\\\/elmeistrai.lt\\\/#organization\"},\"potentialAction\":[{\"@type\":\"SearchAction\",\"target\":{\"@type\":\"EntryPoint\",\"urlTemplate\":\"https:\\\/\\\/elmeistrai.lt\\\/?s={search_term_string}\"},\"query-input\":{\"@type\":\"PropertyValueSpecification\",\"valueRequired\":true,\"valueName\":\"search_term_string\"}}],\"inLanguage\":\"en-US\"},{\"@type\":\"Organization\",\"@id\":\"https:\\\/\\\/elmeistrai.lt\\\/#organization\",\"name\":\"elMeistrai.lt\",\"alternateName\":\"Kavos aparat\u0173, paspirtuk\u0173, televizori\u0173, kompiuteri\u0173, telefon\u0173 ir kt. technikos remontas\",\"url\":\"https:\\\/\\\/elmeistrai.lt\\\/\",\"logo\":{\"@type\":\"ImageObject\",\"inLanguage\":\"en-US\",\"@id\":\"https:\\\/\\\/elmeistrai.lt\\\/#\\\/schema\\\/logo\\\/image\\\/\",\"url\":\"https:\\\/\\\/elmeistrai.lt\\\/wp-content\\\/uploads\\\/2022\\\/09\\\/elmeistrai_logo.jpg\",\"contentUrl\":\"https:\\\/\\\/elmeistrai.lt\\\/wp-content\\\/uploads\\\/2022\\\/09\\\/elmeistrai_logo.jpg\",\"width\":556,\"height\":143,\"caption\":\"elMeistrai.lt\"},\"image\":{\"@id\":\"https:\\\/\\\/elmeistrai.lt\\\/#\\\/schema\\\/logo\\\/image\\\/\"},\"sameAs\":[\"https:\\\/\\\/www.facebook.com\\\/elmeistrai.lt\\\/\"]},{\"@type\":\"Person\",\"@id\":\"https:\\\/\\\/elmeistrai.lt\\\/#\\\/schema\\\/person\\\/6363b621eb9606785f7f2ae9a52987f7\",\"name\":\"elMeistrai\",\"image\":{\"@type\":\"ImageObject\",\"inLanguage\":\"en-US\",\"@id\":\"https:\\\/\\\/secure.gravatar.com\\\/avatar\\\/052f2d9640381d6904c5c0676ac3cc3d7ad734def78df3657e571451cad9870d?s=96&d=mm&r=g\",\"url\":\"https:\\\/\\\/secure.gravatar.com\\\/avatar\\\/052f2d9640381d6904c5c0676ac3cc3d7ad734def78df3657e571451cad9870d?s=96&d=mm&r=g\",\"contentUrl\":\"https:\\\/\\\/secure.gravatar.com\\\/avatar\\\/052f2d9640381d6904c5c0676ac3cc3d7ad734def78df3657e571451cad9870d?s=96&d=mm&r=g\",\"caption\":\"elMeistrai\"},\"url\":\"https:\\\/\\\/elmeistrai.lt\\\/en\\\/author\\\/yipkxe\\\/\"}]}<\/script>\n<!-- \/ Yoast SEO plugin. -->","yoast_head_json":{"title":"Programini\u0173 gedim\u0173 taisymas Vilniuje, Kaune, Klaip\u0117doje, \u0160iauliuose","robots":{"index":"index","follow":"follow","max-snippet":"max-snippet:-1","max-image-preview":"max-image-preview:large","max-video-preview":"max-video-preview:-1"},"canonical":"https:\/\/elmeistrai.lt\/en\/kompiuteriu-remontas\/programiniu-gedimu-taisymas\/","og_locale":"en_US","og_type":"article","og_title":"Programini\u0173 gedim\u0173 taisymas Vilniuje, Kaune, Klaip\u0117doje, \u0160iauliuose","og_description":"Kompiuteri\u0173 gedimai gali b\u016bti tiek techniniai, tiek programiniai. Gedimo diagnostika visada prasideda nuo gedimo pob\u016bd\u017eio nustatymo. Tokiu atveju, kai nustatoma,...","og_url":"https:\/\/elmeistrai.lt\/en\/kompiuteriu-remontas\/programiniu-gedimu-taisymas\/","og_site_name":"Vilniuje, Kaune, Klaip\u0117doje, \u0160iauliuose","article_publisher":"https:\/\/www.facebook.com\/elmeistrai.lt\/","article_modified_time":"2022-09-29T08:24:22+00:00","og_image":[{"url":"https:\/\/elmeistrai.lt\/wp-content\/uploads\/2022\/09\/kompiuteriu-programinis-remontas.jpg","type":"","width":"","height":""}],"twitter_card":"summary_large_image","twitter_misc":{"Est. reading time":"3 minutes"},"schema":{"@context":"https:\/\/schema.org","@graph":[{"@type":"NewsArticle","@id":"https:\/\/elmeistrai.lt\/kompiuteriu-remontas\/programiniu-gedimu-taisymas\/#article","isPartOf":{"@id":"https:\/\/elmeistrai.lt\/kompiuteriu-remontas\/programiniu-gedimu-taisymas\/"},"author":{"name":"elMeistrai","@id":"https:\/\/elmeistrai.lt\/#\/schema\/person\/6363b621eb9606785f7f2ae9a52987f7"},"headline":"Programini\u0173 gedim\u0173 taisymas","datePublished":"2022-09-29T08:07:34+00:00","dateModified":"2022-09-29T08:24:22+00:00","mainEntityOfPage":{"@id":"https:\/\/elmeistrai.lt\/kompiuteriu-remontas\/programiniu-gedimu-taisymas\/"},"wordCount":514,"publisher":{"@id":"https:\/\/elmeistrai.lt\/#organization"},"image":{"@id":"https:\/\/elmeistrai.lt\/kompiuteriu-remontas\/programiniu-gedimu-taisymas\/#primaryimage"},"thumbnailUrl":"https:\/\/elmeistrai.lt\/wp-content\/uploads\/2022\/09\/kompiuteriu-programinis-remontas.jpg","inLanguage":"en-US"},{"@type":["WebPage","ItemPage"],"@id":"https:\/\/elmeistrai.lt\/kompiuteriu-remontas\/programiniu-gedimu-taisymas\/","url":"https:\/\/elmeistrai.lt\/kompiuteriu-remontas\/programiniu-gedimu-taisymas\/","name":"Programini\u0173 gedim\u0173 taisymas Vilniuje, Kaune, Klaip\u0117doje, \u0160iauliuose","isPartOf":{"@id":"https:\/\/elmeistrai.lt\/#website"},"primaryImageOfPage":{"@id":"https:\/\/elmeistrai.lt\/kompiuteriu-remontas\/programiniu-gedimu-taisymas\/#primaryimage"},"image":{"@id":"https:\/\/elmeistrai.lt\/kompiuteriu-remontas\/programiniu-gedimu-taisymas\/#primaryimage"},"thumbnailUrl":"https:\/\/elmeistrai.lt\/wp-content\/uploads\/2022\/09\/kompiuteriu-programinis-remontas.jpg","datePublished":"2022-09-29T08:07:34+00:00","dateModified":"2022-09-29T08:24:22+00:00","breadcrumb":{"@id":"https:\/\/elmeistrai.lt\/kompiuteriu-remontas\/programiniu-gedimu-taisymas\/#breadcrumb"},"inLanguage":"en-US","potentialAction":[{"@type":"ReadAction","target":["https:\/\/elmeistrai.lt\/kompiuteriu-remontas\/programiniu-gedimu-taisymas\/"]}]},{"@type":"ImageObject","inLanguage":"en-US","@id":"https:\/\/elmeistrai.lt\/kompiuteriu-remontas\/programiniu-gedimu-taisymas\/#primaryimage","url":"https:\/\/elmeistrai.lt\/wp-content\/uploads\/2022\/09\/kompiuteriu-programinis-remontas.jpg","contentUrl":"https:\/\/elmeistrai.lt\/wp-content\/uploads\/2022\/09\/kompiuteriu-programinis-remontas.jpg"},{"@type":"BreadcrumbList","@id":"https:\/\/elmeistrai.lt\/kompiuteriu-remontas\/programiniu-gedimu-taisymas\/#breadcrumb","itemListElement":[{"@type":"ListItem","position":1,"name":"Home","item":"https:\/\/elmeistrai.lt\/"},{"@type":"ListItem","position":2,"name":"Profesionalus kompiuteri\u0173 remontas Vilniuje, Kaune, Klaip\u0117doje ir \u0160iauliuose","item":"https:\/\/elmeistrai.lt\/kompiuteriu-remontas\/"},{"@type":"ListItem","position":3,"name":"Programini\u0173 gedim\u0173 taisymas"}]},{"@type":"WebSite","@id":"https:\/\/elmeistrai.lt\/#website","url":"https:\/\/elmeistrai.lt\/","name":"Vilnius, Kaunas, Klaip\u0117da, \u0160iauliai","description":"Repair of home and business electronics. Cartridge refilling.","publisher":{"@id":"https:\/\/elmeistrai.lt\/#organization"},"potentialAction":[{"@type":"SearchAction","target":{"@type":"EntryPoint","urlTemplate":"https:\/\/elmeistrai.lt\/?s={search_term_string}"},"query-input":{"@type":"PropertyValueSpecification","valueRequired":true,"valueName":"search_term_string"}}],"inLanguage":"en-US"},{"@type":"Organization","@id":"https:\/\/elmeistrai.lt\/#organization","name":"elMeistrai.lt","alternateName":"Kavos aparat\u0173, paspirtuk\u0173, televizori\u0173, kompiuteri\u0173, telefon\u0173 ir kt. technikos remontas","url":"https:\/\/elmeistrai.lt\/","logo":{"@type":"ImageObject","inLanguage":"en-US","@id":"https:\/\/elmeistrai.lt\/#\/schema\/logo\/image\/","url":"https:\/\/elmeistrai.lt\/wp-content\/uploads\/2022\/09\/elmeistrai_logo.jpg","contentUrl":"https:\/\/elmeistrai.lt\/wp-content\/uploads\/2022\/09\/elmeistrai_logo.jpg","width":556,"height":143,"caption":"elMeistrai.lt"},"image":{"@id":"https:\/\/elmeistrai.lt\/#\/schema\/logo\/image\/"},"sameAs":["https:\/\/www.facebook.com\/elmeistrai.lt\/"]},{"@type":"Person","@id":"https:\/\/elmeistrai.lt\/#\/schema\/person\/6363b621eb9606785f7f2ae9a52987f7","name":"elMeistrai","image":{"@type":"ImageObject","inLanguage":"en-US","@id":"https:\/\/secure.gravatar.com\/avatar\/052f2d9640381d6904c5c0676ac3cc3d7ad734def78df3657e571451cad9870d?s=96&d=mm&r=g","url":"https:\/\/secure.gravatar.com\/avatar\/052f2d9640381d6904c5c0676ac3cc3d7ad734def78df3657e571451cad9870d?s=96&d=mm&r=g","contentUrl":"https:\/\/secure.gravatar.com\/avatar\/052f2d9640381d6904c5c0676ac3cc3d7ad734def78df3657e571451cad9870d?s=96&d=mm&r=g","caption":"elMeistrai"},"url":"https:\/\/elmeistrai.lt\/en\/author\/yipkxe\/"}]}},"uagb_featured_image_src":{"full":false,"thumbnail":false,"medium":false,"medium_large":false,"large":false,"1536x1536":false,"2048x2048":false,"trp-custom-language-flag":false,"writemag-1218w-autoh-image":false,"writemag-675w-autoh-image":false,"writemag-100w-100h-image":false},"uagb_author_info":{"display_name":"elMeistrai","author_link":"https:\/\/elmeistrai.lt\/en\/author\/yipkxe\/"},"uagb_comment_info":0,"uagb_excerpt":"Kompiuteri\u0173 gedimai gali b\u016bti tiek techniniai, tiek programiniai. Gedimo diagnostika visada prasideda nuo gedimo pob\u016bd\u017eio nustatymo. Tokiu atveju, kai nustatoma,...","rttpg_featured_image_url":null,"rttpg_author":{"display_name":"elMeistrai","author_link":"https:\/\/elmeistrai.lt\/en\/author\/yipkxe\/"},"rttpg_comment":0,"rttpg_category":null,"rttpg_excerpt":"Kompiuteri\u0173 gedimai gali b\u016bti tiek techniniai, tiek programiniai. Gedimo diagnostika visada prasideda nuo gedimo pob\u016bd\u017eio nustatymo. Tokiu atveju, kai nustatoma,...","_links":{"self":[{"href":"https:\/\/elmeistrai.lt\/en\/wp-json\/wp\/v2\/pages\/1876","targetHints":{"allow":["GET"]}}],"collection":[{"href":"https:\/\/elmeistrai.lt\/en\/wp-json\/wp\/v2\/pages"}],"about":[{"href":"https:\/\/elmeistrai.lt\/en\/wp-json\/wp\/v2\/types\/page"}],"author":[{"embeddable":true,"href":"https:\/\/elmeistrai.lt\/en\/wp-json\/wp\/v2\/users\/1"}],"replies":[{"embeddable":true,"href":"https:\/\/elmeistrai.lt\/en\/wp-json\/wp\/v2\/comments?post=1876"}],"version-history":[{"count":5,"href":"https:\/\/elmeistrai.lt\/en\/wp-json\/wp\/v2\/pages\/1876\/revisions"}],"predecessor-version":[{"id":1885,"href":"https:\/\/elmeistrai.lt\/en\/wp-json\/wp\/v2\/pages\/1876\/revisions\/1885"}],"up":[{"embeddable":true,"href":"https:\/\/elmeistrai.lt\/en\/wp-json\/wp\/v2\/pages\/14"}],"wp:attachment":[{"href":"https:\/\/elmeistrai.lt\/en\/wp-json\/wp\/v2\/media?parent=1876"}],"curies":[{"name":"wp","href":"https:\/\/api.w.org\/{rel}","templated":true}]}}