{"id":1830,"date":"2022-09-28T19:06:21","date_gmt":"2022-09-28T21:06:21","guid":{"rendered":"https:\/\/elmeistrai.lt\/?page_id=1830"},"modified":"2023-03-09T18:38:02","modified_gmt":"2023-03-09T20:38:02","slug":"kompiuteriu-taisymo-kainorastis","status":"publish","type":"page","link":"https:\/\/elmeistrai.lt\/en\/kompiuteriu-remontas\/kompiuteriu-taisymo-kainorastis\/","title":{"rendered":"Price list for computer repairs"},"content":{"rendered":"<ul class=\"wp-block-list\">\n<li>Diagnostics - <strong>5 euros<\/strong><\/li>\n\n\n\n<li>Software repairs (operating system repairs, virus removal, etc.) - <strong>from \u20ac20<\/strong><\/li>\n\n\n\n<li>Preserving data during software repairs - <strong>5 euros<\/strong><\/li>\n\n\n\n<li>If you need to install the operating system from scratch when the recovery partition is corrupted - for software work, searching for drivers, installing additional free applications - <strong>5 euros<\/strong><\/li>\n\n\n\n<li>Dust removal from the cooling system without replacing the thermopastes - <strong>from 12 eur<\/strong><\/li>\n\n\n\n<li>Dusting the cooling system and replacing the thermopastes - <strong>from \u20ac18<\/strong><\/li>\n\n\n\n<li>Apple <strong>MacBook computer repair<\/strong> Works - <strong>from 12 eur<\/strong><\/li>\n\n\n\n<li>Replacing or repairing a socket - <strong>from \u20ac18<\/strong><\/li>\n\n\n\n<li>Screen replacement - <strong>from 12 eur<\/strong><\/li>\n\n\n\n<li>Replacing hinges or screen mounts - <strong>from \u20ac18<\/strong><\/li>\n\n\n\n<li>Changing the keyboard - <strong>from 10 eur<\/strong><\/li>\n\n\n\n<li>Mainboard repair or replacement, video chip re-soldering - <strong>from \u20ac45<\/strong><\/li>\n\n\n\n<li>Repair a worn computer - <strong>from \u20ac25<\/strong><\/li>\n\n\n\n<li>Charger repair - <strong>from 12 eur<\/strong><\/li>\n\n\n\n<li>Issuing a defect certificate for insurance <strong>- \u20ac20 (covered by insurance)<\/strong><\/li>\n\n\n\n<li>Preparing a computer for delivery to a prison and issuing a certificate of work done - <strong>from \u20ac25<\/strong><\/li>\n<\/ul>\n\n\n\n<p>Prices do not include the cost of parts, which are determined on the fly, after disassembly of the computer. After the free diagnostic, which we will carry out within 1 day, we will provide you with a list of faults, prices and a timeframe. Repairs usually take 1-4 days afterwards.<\/p>","protected":false},"excerpt":{"rendered":"<p>Prices do not include the cost of parts, which are determined on the fly, after disassembly of the computer. After a free diagnostic within 1 day, we will provide...<\/p>","protected":false},"author":1,"featured_media":0,"parent":14,"menu_order":0,"comment_status":"closed","ping_status":"closed","template":"","meta":{"_uag_custom_page_level_css":"","footnotes":""},"class_list":["post-1830","page","type-page","status-publish","hentry"],"yoast_head":"<!-- This site is optimized with the Yoast SEO plugin v27.5 - https:\/\/yoast.com\/product\/yoast-seo-wordpress\/ -->\n<title>Kompiuteri\u0173 taisymo kainora\u0161tis Vilniuje, Kaune, Klaip\u0117doje, \u0160iauliuose<\/title>\n<meta name=\"robots\" content=\"index, follow, max-snippet:-1, max-image-preview:large, max-video-preview:-1\" \/>\n<link rel=\"canonical\" href=\"https:\/\/elmeistrai.lt\/en\/kompiuteriu-remontas\/kompiuteriu-taisymo-kainorastis\/\" \/>\n<meta property=\"og:locale\" content=\"en_US\" \/>\n<meta property=\"og:type\" content=\"article\" \/>\n<meta property=\"og:title\" content=\"Kompiuteri\u0173 taisymo kainora\u0161tis Vilniuje, Kaune, Klaip\u0117doje, \u0160iauliuose\" \/>\n<meta property=\"og:description\" content=\"\u012e kainas ne\u012fskai\u010diuotos detali\u0173 kainos, kurios yra nustatotomos eigoje, i\u0161ard\u017eius kompiuter\u012f. Po nemokamos diagnostikos, kuri\u0105 atliksime per 1 d.d., pateiksime...\" \/>\n<meta property=\"og:url\" content=\"https:\/\/elmeistrai.lt\/en\/kompiuteriu-remontas\/kompiuteriu-taisymo-kainorastis\/\" \/>\n<meta property=\"og:site_name\" content=\"Vilniuje, Kaune, Klaip\u0117doje, \u0160iauliuose\" \/>\n<meta property=\"article:publisher\" content=\"https:\/\/www.facebook.com\/elmeistrai.lt\/\" \/>\n<meta property=\"article:modified_time\" content=\"2023-03-09T20:38:02+00:00\" \/>\n<meta name=\"twitter:card\" content=\"summary_large_image\" \/>\n<meta name=\"twitter:label1\" content=\"Est. reading time\" \/>\n\t<meta name=\"twitter:data1\" content=\"1 minute\" \/>\n<script type=\"application\/ld+json\" class=\"yoast-schema-graph\">{\"@context\":\"https:\\\/\\\/schema.org\",\"@graph\":[{\"@type\":\"NewsArticle\",\"@id\":\"https:\\\/\\\/elmeistrai.lt\\\/kompiuteriu-remontas\\\/kompiuteriu-taisymo-kainorastis\\\/#article\",\"isPartOf\":{\"@id\":\"https:\\\/\\\/elmeistrai.lt\\\/kompiuteriu-remontas\\\/kompiuteriu-taisymo-kainorastis\\\/\"},\"author\":{\"name\":\"elMeistrai\",\"@id\":\"https:\\\/\\\/elmeistrai.lt\\\/#\\\/schema\\\/person\\\/6363b621eb9606785f7f2ae9a52987f7\"},\"headline\":\"Kompiuteri\u0173 taisymo kainora\u0161tis\",\"datePublished\":\"2022-09-28T21:06:21+00:00\",\"dateModified\":\"2023-03-09T20:38:02+00:00\",\"mainEntityOfPage\":{\"@id\":\"https:\\\/\\\/elmeistrai.lt\\\/kompiuteriu-remontas\\\/kompiuteriu-taisymo-kainorastis\\\/\"},\"wordCount\":202,\"publisher\":{\"@id\":\"https:\\\/\\\/elmeistrai.lt\\\/#organization\"},\"inLanguage\":\"en-US\"},{\"@type\":[\"WebPage\",\"ItemPage\"],\"@id\":\"https:\\\/\\\/elmeistrai.lt\\\/kompiuteriu-remontas\\\/kompiuteriu-taisymo-kainorastis\\\/\",\"url\":\"https:\\\/\\\/elmeistrai.lt\\\/kompiuteriu-remontas\\\/kompiuteriu-taisymo-kainorastis\\\/\",\"name\":\"Kompiuteri\u0173 taisymo kainora\u0161tis Vilniuje, Kaune, Klaip\u0117doje, \u0160iauliuose\",\"isPartOf\":{\"@id\":\"https:\\\/\\\/elmeistrai.lt\\\/#website\"},\"datePublished\":\"2022-09-28T21:06:21+00:00\",\"dateModified\":\"2023-03-09T20:38:02+00:00\",\"breadcrumb\":{\"@id\":\"https:\\\/\\\/elmeistrai.lt\\\/kompiuteriu-remontas\\\/kompiuteriu-taisymo-kainorastis\\\/#breadcrumb\"},\"inLanguage\":\"en-US\",\"potentialAction\":[{\"@type\":\"ReadAction\",\"target\":[\"https:\\\/\\\/elmeistrai.lt\\\/kompiuteriu-remontas\\\/kompiuteriu-taisymo-kainorastis\\\/\"]}]},{\"@type\":\"BreadcrumbList\",\"@id\":\"https:\\\/\\\/elmeistrai.lt\\\/kompiuteriu-remontas\\\/kompiuteriu-taisymo-kainorastis\\\/#breadcrumb\",\"itemListElement\":[{\"@type\":\"ListItem\",\"position\":1,\"name\":\"Home\",\"item\":\"https:\\\/\\\/elmeistrai.lt\\\/\"},{\"@type\":\"ListItem\",\"position\":2,\"name\":\"Profesionalus kompiuteri\u0173 remontas Vilniuje, Kaune, Klaip\u0117doje ir \u0160iauliuose\",\"item\":\"https:\\\/\\\/elmeistrai.lt\\\/kompiuteriu-remontas\\\/\"},{\"@type\":\"ListItem\",\"position\":3,\"name\":\"Kompiuteri\u0173 taisymo kainora\u0161tis\"}]},{\"@type\":\"WebSite\",\"@id\":\"https:\\\/\\\/elmeistrai.lt\\\/#website\",\"url\":\"https:\\\/\\\/elmeistrai.lt\\\/\",\"name\":\"Vilniuje, Kaune, Klaip\u0117doje, \u0160iauliuose\",\"description\":\"Nam\u0173 ir verslo elektronikos prietais\u0173 remontas. Kase\u010di\u0173 pildymas.\",\"publisher\":{\"@id\":\"https:\\\/\\\/elmeistrai.lt\\\/#organization\"},\"potentialAction\":[{\"@type\":\"SearchAction\",\"target\":{\"@type\":\"EntryPoint\",\"urlTemplate\":\"https:\\\/\\\/elmeistrai.lt\\\/?s={search_term_string}\"},\"query-input\":{\"@type\":\"PropertyValueSpecification\",\"valueRequired\":true,\"valueName\":\"search_term_string\"}}],\"inLanguage\":\"en-US\"},{\"@type\":\"Organization\",\"@id\":\"https:\\\/\\\/elmeistrai.lt\\\/#organization\",\"name\":\"elMeistrai.lt\",\"alternateName\":\"Kavos aparat\u0173, paspirtuk\u0173, televizori\u0173, kompiuteri\u0173, telefon\u0173 ir kt. technikos remontas\",\"url\":\"https:\\\/\\\/elmeistrai.lt\\\/\",\"logo\":{\"@type\":\"ImageObject\",\"inLanguage\":\"en-US\",\"@id\":\"https:\\\/\\\/elmeistrai.lt\\\/#\\\/schema\\\/logo\\\/image\\\/\",\"url\":\"https:\\\/\\\/elmeistrai.lt\\\/wp-content\\\/uploads\\\/2022\\\/09\\\/elmeistrai_logo.jpg\",\"contentUrl\":\"https:\\\/\\\/elmeistrai.lt\\\/wp-content\\\/uploads\\\/2022\\\/09\\\/elmeistrai_logo.jpg\",\"width\":556,\"height\":143,\"caption\":\"elMeistrai.lt\"},\"image\":{\"@id\":\"https:\\\/\\\/elmeistrai.lt\\\/#\\\/schema\\\/logo\\\/image\\\/\"},\"sameAs\":[\"https:\\\/\\\/www.facebook.com\\\/elmeistrai.lt\\\/\"]},{\"@type\":\"Person\",\"@id\":\"https:\\\/\\\/elmeistrai.lt\\\/#\\\/schema\\\/person\\\/6363b621eb9606785f7f2ae9a52987f7\",\"name\":\"elMeistrai\",\"image\":{\"@type\":\"ImageObject\",\"inLanguage\":\"en-US\",\"@id\":\"https:\\\/\\\/secure.gravatar.com\\\/avatar\\\/052f2d9640381d6904c5c0676ac3cc3d7ad734def78df3657e571451cad9870d?s=96&d=mm&r=g\",\"url\":\"https:\\\/\\\/secure.gravatar.com\\\/avatar\\\/052f2d9640381d6904c5c0676ac3cc3d7ad734def78df3657e571451cad9870d?s=96&d=mm&r=g\",\"contentUrl\":\"https:\\\/\\\/secure.gravatar.com\\\/avatar\\\/052f2d9640381d6904c5c0676ac3cc3d7ad734def78df3657e571451cad9870d?s=96&d=mm&r=g\",\"caption\":\"elMeistrai\"},\"url\":\"https:\\\/\\\/elmeistrai.lt\\\/en\\\/author\\\/yipkxe\\\/\"}]}<\/script>\n<!-- \/ Yoast SEO plugin. -->","yoast_head_json":{"title":"Kompiuteri\u0173 taisymo kainora\u0161tis Vilniuje, Kaune, Klaip\u0117doje, \u0160iauliuose","robots":{"index":"index","follow":"follow","max-snippet":"max-snippet:-1","max-image-preview":"max-image-preview:large","max-video-preview":"max-video-preview:-1"},"canonical":"https:\/\/elmeistrai.lt\/en\/kompiuteriu-remontas\/kompiuteriu-taisymo-kainorastis\/","og_locale":"en_US","og_type":"article","og_title":"Kompiuteri\u0173 taisymo kainora\u0161tis Vilniuje, Kaune, Klaip\u0117doje, \u0160iauliuose","og_description":"\u012e kainas ne\u012fskai\u010diuotos detali\u0173 kainos, kurios yra nustatotomos eigoje, i\u0161ard\u017eius kompiuter\u012f. Po nemokamos diagnostikos, kuri\u0105 atliksime per 1 d.d., pateiksime...","og_url":"https:\/\/elmeistrai.lt\/en\/kompiuteriu-remontas\/kompiuteriu-taisymo-kainorastis\/","og_site_name":"Vilniuje, Kaune, Klaip\u0117doje, \u0160iauliuose","article_publisher":"https:\/\/www.facebook.com\/elmeistrai.lt\/","article_modified_time":"2023-03-09T20:38:02+00:00","twitter_card":"summary_large_image","twitter_misc":{"Est. reading time":"1 minute"},"schema":{"@context":"https:\/\/schema.org","@graph":[{"@type":"NewsArticle","@id":"https:\/\/elmeistrai.lt\/kompiuteriu-remontas\/kompiuteriu-taisymo-kainorastis\/#article","isPartOf":{"@id":"https:\/\/elmeistrai.lt\/kompiuteriu-remontas\/kompiuteriu-taisymo-kainorastis\/"},"author":{"name":"elMeistrai","@id":"https:\/\/elmeistrai.lt\/#\/schema\/person\/6363b621eb9606785f7f2ae9a52987f7"},"headline":"Kompiuteri\u0173 taisymo kainora\u0161tis","datePublished":"2022-09-28T21:06:21+00:00","dateModified":"2023-03-09T20:38:02+00:00","mainEntityOfPage":{"@id":"https:\/\/elmeistrai.lt\/kompiuteriu-remontas\/kompiuteriu-taisymo-kainorastis\/"},"wordCount":202,"publisher":{"@id":"https:\/\/elmeistrai.lt\/#organization"},"inLanguage":"en-US"},{"@type":["WebPage","ItemPage"],"@id":"https:\/\/elmeistrai.lt\/kompiuteriu-remontas\/kompiuteriu-taisymo-kainorastis\/","url":"https:\/\/elmeistrai.lt\/kompiuteriu-remontas\/kompiuteriu-taisymo-kainorastis\/","name":"Kompiuteri\u0173 taisymo kainora\u0161tis Vilniuje, Kaune, Klaip\u0117doje, \u0160iauliuose","isPartOf":{"@id":"https:\/\/elmeistrai.lt\/#website"},"datePublished":"2022-09-28T21:06:21+00:00","dateModified":"2023-03-09T20:38:02+00:00","breadcrumb":{"@id":"https:\/\/elmeistrai.lt\/kompiuteriu-remontas\/kompiuteriu-taisymo-kainorastis\/#breadcrumb"},"inLanguage":"en-US","potentialAction":[{"@type":"ReadAction","target":["https:\/\/elmeistrai.lt\/kompiuteriu-remontas\/kompiuteriu-taisymo-kainorastis\/"]}]},{"@type":"BreadcrumbList","@id":"https:\/\/elmeistrai.lt\/kompiuteriu-remontas\/kompiuteriu-taisymo-kainorastis\/#breadcrumb","itemListElement":[{"@type":"ListItem","position":1,"name":"Home","item":"https:\/\/elmeistrai.lt\/"},{"@type":"ListItem","position":2,"name":"Profesionalus kompiuteri\u0173 remontas Vilniuje, Kaune, Klaip\u0117doje ir \u0160iauliuose","item":"https:\/\/elmeistrai.lt\/kompiuteriu-remontas\/"},{"@type":"ListItem","position":3,"name":"Kompiuteri\u0173 taisymo kainora\u0161tis"}]},{"@type":"WebSite","@id":"https:\/\/elmeistrai.lt\/#website","url":"https:\/\/elmeistrai.lt\/","name":"Vilnius, Kaunas, Klaip\u0117da, \u0160iauliai","description":"Repair of home and business electronics. Cartridge refilling.","publisher":{"@id":"https:\/\/elmeistrai.lt\/#organization"},"potentialAction":[{"@type":"SearchAction","target":{"@type":"EntryPoint","urlTemplate":"https:\/\/elmeistrai.lt\/?s={search_term_string}"},"query-input":{"@type":"PropertyValueSpecification","valueRequired":true,"valueName":"search_term_string"}}],"inLanguage":"en-US"},{"@type":"Organization","@id":"https:\/\/elmeistrai.lt\/#organization","name":"elMeistrai.lt","alternateName":"Kavos aparat\u0173, paspirtuk\u0173, televizori\u0173, kompiuteri\u0173, telefon\u0173 ir kt. technikos remontas","url":"https:\/\/elmeistrai.lt\/","logo":{"@type":"ImageObject","inLanguage":"en-US","@id":"https:\/\/elmeistrai.lt\/#\/schema\/logo\/image\/","url":"https:\/\/elmeistrai.lt\/wp-content\/uploads\/2022\/09\/elmeistrai_logo.jpg","contentUrl":"https:\/\/elmeistrai.lt\/wp-content\/uploads\/2022\/09\/elmeistrai_logo.jpg","width":556,"height":143,"caption":"elMeistrai.lt"},"image":{"@id":"https:\/\/elmeistrai.lt\/#\/schema\/logo\/image\/"},"sameAs":["https:\/\/www.facebook.com\/elmeistrai.lt\/"]},{"@type":"Person","@id":"https:\/\/elmeistrai.lt\/#\/schema\/person\/6363b621eb9606785f7f2ae9a52987f7","name":"elMeistrai","image":{"@type":"ImageObject","inLanguage":"en-US","@id":"https:\/\/secure.gravatar.com\/avatar\/052f2d9640381d6904c5c0676ac3cc3d7ad734def78df3657e571451cad9870d?s=96&d=mm&r=g","url":"https:\/\/secure.gravatar.com\/avatar\/052f2d9640381d6904c5c0676ac3cc3d7ad734def78df3657e571451cad9870d?s=96&d=mm&r=g","contentUrl":"https:\/\/secure.gravatar.com\/avatar\/052f2d9640381d6904c5c0676ac3cc3d7ad734def78df3657e571451cad9870d?s=96&d=mm&r=g","caption":"elMeistrai"},"url":"https:\/\/elmeistrai.lt\/en\/author\/yipkxe\/"}]}},"uagb_featured_image_src":{"full":false,"thumbnail":false,"medium":false,"medium_large":false,"large":false,"1536x1536":false,"2048x2048":false,"trp-custom-language-flag":false,"writemag-1218w-autoh-image":false,"writemag-675w-autoh-image":false,"writemag-100w-100h-image":false},"uagb_author_info":{"display_name":"elMeistrai","author_link":"https:\/\/elmeistrai.lt\/en\/author\/yipkxe\/"},"uagb_comment_info":0,"uagb_excerpt":"\u012e kainas ne\u012fskai\u010diuotos detali\u0173 kainos, kurios yra nustatotomos eigoje, i\u0161ard\u017eius kompiuter\u012f. Po nemokamos diagnostikos, kuri\u0105 atliksime per 1 d.d., pateiksime...","rttpg_featured_image_url":null,"rttpg_author":{"display_name":"elMeistrai","author_link":"https:\/\/elmeistrai.lt\/en\/author\/yipkxe\/"},"rttpg_comment":0,"rttpg_category":null,"rttpg_excerpt":"\u012e kainas ne\u012fskai\u010diuotos detali\u0173 kainos, kurios yra nustatotomos eigoje, i\u0161ard\u017eius kompiuter\u012f. Po nemokamos diagnostikos, kuri\u0105 atliksime per 1 d.d., pateiksime...","_links":{"self":[{"href":"https:\/\/elmeistrai.lt\/en\/wp-json\/wp\/v2\/pages\/1830","targetHints":{"allow":["GET"]}}],"collection":[{"href":"https:\/\/elmeistrai.lt\/en\/wp-json\/wp\/v2\/pages"}],"about":[{"href":"https:\/\/elmeistrai.lt\/en\/wp-json\/wp\/v2\/types\/page"}],"author":[{"embeddable":true,"href":"https:\/\/elmeistrai.lt\/en\/wp-json\/wp\/v2\/users\/1"}],"replies":[{"embeddable":true,"href":"https:\/\/elmeistrai.lt\/en\/wp-json\/wp\/v2\/comments?post=1830"}],"version-history":[{"count":5,"href":"https:\/\/elmeistrai.lt\/en\/wp-json\/wp\/v2\/pages\/1830\/revisions"}],"predecessor-version":[{"id":2271,"href":"https:\/\/elmeistrai.lt\/en\/wp-json\/wp\/v2\/pages\/1830\/revisions\/2271"}],"up":[{"embeddable":true,"href":"https:\/\/elmeistrai.lt\/en\/wp-json\/wp\/v2\/pages\/14"}],"wp:attachment":[{"href":"https:\/\/elmeistrai.lt\/en\/wp-json\/wp\/v2\/media?parent=1830"}],"curies":[{"name":"wp","href":"https:\/\/api.w.org\/{rel}","templated":true}]}}